{"id":16839,"date":"2015-09-23T01:00:00","date_gmt":"2021-10-04T20:32:14","guid":{"rendered":"https:\/\/www.goelette.ca\/produit\/le-saumon-a-toutes-les-sauces\/"},"modified":"2022-02-18T16:14:12","modified_gmt":"2022-02-18T21:14:12","slug":"le-saumon-a-toutes-les-sauces","status":"publish","type":"product","link":"https:\/\/goelette.ca\/en\/tous-les-livres\/le-saumon-a-toutes-les-sauces\/","title":{"rendered":"Le saumon \u00e0 toutes les sauces"},"content":{"rendered":"<p>Redonnez sa place au saumon avec plus de 100 recettes d\u00e9licieuses et modernes !<\/p>\n<p>\u00c9patez la tabl\u00e9e avec des plats originaux et savoureux gr\u00e2ce \u00e0 ce livre regorgeant de photographies inspirantes ! Poch\u00e9, grill\u00e9, fum\u00e9, mijot\u00e9 ou m\u00eame cru, le saumon s\u2019appr\u00eate sans tracas et de nombreuses fa\u00e7ons tout aussi d\u00e9licieuses les unes que les autres.<\/p>\n<p>Un ouvrage qui changera votre vision du grand favori des poissons !<\/p>\n<p>Bon app\u00e9tit !<\/p>\n","protected":false},"excerpt":{"rendered":"<p>Redonnez sa place au saumon avec plus de 100 recettes d\u00e9licieuses et modernes ! \u00c9patez la tabl\u00e9e avec des plats originaux et savoureux gr\u00e2ce \u00e0 ce livre regorgeant de photographies inspirantes ! Poch\u00e9, grill\u00e9, fum\u00e9, mijot\u00e9 ou m\u00eame cru, le saumon s\u2019appr\u00eate sans tracas et de nombreuses fa\u00e7ons tout aussi d\u00e9licieuses les unes que les [&hellip;]<\/p>\n","protected":false},"featured_media":16837,"template":"","meta":{"wds_primary_product_brand":0,"wds_primary_product_cat":0,"wds_primary_maison_dedition":0},"product_brand":[],"product_cat":[550],"product_tag":[],"maison_dedition":[630],"class_list":{"0":"post-16839","1":"product","2":"type-product","3":"status-publish","4":"has-post-thumbnail","6":"product_cat-livres-de-cuisine","7":"pa_auteur-collectif","8":"maison_dedition-les-editions-goelette","10":"first","11":"instock","12":"taxable","13":"shipping-taxable","14":"purchasable","15":"product-type-variable"},"bundled_by":[],"bundle_stock_status":"instock","bundle_stock_quantity":null,"bundle_virtual":false,"bundle_layout":"","bundle_add_to_cart_form_location":"","bundle_editable_in_cart":false,"bundle_sold_individually_context":"","bundle_item_grouping":"","bundle_min_size":"","bundle_max_size":"","bundle_price":[],"bundled_items":[],"bundle_sell_ids":[],"acf":[],"_links":{"self":[{"href":"https:\/\/goelette.ca\/en\/wp-json\/wp\/v2\/product\/16839","targetHints":{"allow":["GET"]}}],"collection":[{"href":"https:\/\/goelette.ca\/en\/wp-json\/wp\/v2\/product"}],"about":[{"href":"https:\/\/goelette.ca\/en\/wp-json\/wp\/v2\/types\/product"}],"wp:featuredmedia":[{"embeddable":true,"href":"https:\/\/goelette.ca\/en\/wp-json\/wp\/v2\/media\/16837"}],"wp:attachment":[{"href":"https:\/\/goelette.ca\/en\/wp-json\/wp\/v2\/media?parent=16839"}],"wp:term":[{"taxonomy":"product_brand","embeddable":true,"href":"https:\/\/goelette.ca\/en\/wp-json\/wp\/v2\/product_brand?post=16839"},{"taxonomy":"product_cat","embeddable":true,"href":"https:\/\/goelette.ca\/en\/wp-json\/wp\/v2\/product_cat?post=16839"},{"taxonomy":"product_tag","embeddable":true,"href":"https:\/\/goelette.ca\/en\/wp-json\/wp\/v2\/product_tag?post=16839"},{"taxonomy":"maison_dedition","embeddable":true,"href":"https:\/\/goelette.ca\/en\/wp-json\/wp\/v2\/maison_dedition?post=16839"}],"curies":[{"name":"wp","href":"https:\/\/api.w.org\/{rel}","templated":true}]}}