{"id":16836,"date":"2015-08-03T01:00:00","date_gmt":"2021-10-04T20:32:11","guid":{"rendered":"https:\/\/www.goelette.ca\/produit\/journal-dun-ogre-pas-si-terrible\/"},"modified":"2025-04-02T09:30:55","modified_gmt":"2025-04-02T13:30:55","slug":"journal-dun-ogre-pas-si-terrible","status":"publish","type":"product","link":"https:\/\/goelette.ca\/en\/tous-les-livres\/journal-dun-ogre-pas-si-terrible\/","title":{"rendered":"Journal d&#8217;un ogre pas si terrible"},"content":{"rendered":"<p><span style=\"font-size: small;\">\u00ab Chers habitants de Livredecontes, comme vous le savez, l\u2019ogre Griffus a r\u00e9cemment h\u00e9rit\u00e9 d\u2019une grotte de luxe dans notre village. Il s\u2019y est install\u00e9, et voil\u00e0 qu\u2019il s\u00e8me la peur parmi nous ! En effet, plusieurs \u00e9v\u00e9nements \u00e9tranges troublent notre quotidien depuis son arriv\u00e9e, m\u00eame si chaque fois que le malheur nous frappe, un bon samaritain se porte \u00e0 notre secours ! Qui est donc ce h\u00e9ros invisible ? Parviendra-t-il \u00e0 vaincre Griffus ? C\u2019est une histoire \u00e0 suivre dans mes chroniques ! \u00bb<\/span><\/p>\n<p><span style=\"font-size: small;\">Boucle d\u2019or<\/span><br \/>\n<span style=\"font-size: small;\">xxx<\/span><\/p>\n","protected":false},"excerpt":{"rendered":"<p>\u00ab Chers habitants de Livredecontes, comme vous le savez, l\u2019ogre Griffus a r\u00e9cemment h\u00e9rit\u00e9 d\u2019une grotte de luxe dans notre village. Il s\u2019y est install\u00e9, et voil\u00e0 qu\u2019il s\u00e8me la peur parmi nous ! En effet, plusieurs \u00e9v\u00e9nements \u00e9tranges troublent notre quotidien depuis son arriv\u00e9e, m\u00eame si chaque fois que le malheur nous frappe, un [&hellip;]<\/p>\n","protected":false},"featured_media":16834,"template":"","meta":{"wds_primary_product_brand":0,"wds_primary_product_cat":0,"wds_primary_maison_dedition":0},"product_brand":[],"product_cat":[538,661],"product_tag":[],"maison_dedition":[630],"class_list":{"0":"post-16836","1":"product","2":"type-product","3":"status-publish","4":"has-post-thumbnail","6":"product_cat-jeunesse","7":"product_cat-roman-jeunesse","8":"pa_auteur-catherine-girard-audet","9":"maison_dedition-les-editions-goelette","11":"first","12":"instock","13":"taxable","14":"shipping-taxable","15":"purchasable","16":"product-type-variable"},"bundled_by":[],"bundle_stock_status":"instock","bundle_stock_quantity":null,"bundle_virtual":false,"bundle_layout":"","bundle_add_to_cart_form_location":"","bundle_editable_in_cart":false,"bundle_sold_individually_context":"","bundle_item_grouping":"","bundle_min_size":"","bundle_max_size":"","bundle_price":[],"bundled_items":[],"bundle_sell_ids":[],"acf":[],"_links":{"self":[{"href":"https:\/\/goelette.ca\/en\/wp-json\/wp\/v2\/product\/16836","targetHints":{"allow":["GET"]}}],"collection":[{"href":"https:\/\/goelette.ca\/en\/wp-json\/wp\/v2\/product"}],"about":[{"href":"https:\/\/goelette.ca\/en\/wp-json\/wp\/v2\/types\/product"}],"wp:featuredmedia":[{"embeddable":true,"href":"https:\/\/goelette.ca\/en\/wp-json\/wp\/v2\/media\/16834"}],"wp:attachment":[{"href":"https:\/\/goelette.ca\/en\/wp-json\/wp\/v2\/media?parent=16836"}],"wp:term":[{"taxonomy":"product_brand","embeddable":true,"href":"https:\/\/goelette.ca\/en\/wp-json\/wp\/v2\/product_brand?post=16836"},{"taxonomy":"product_cat","embeddable":true,"href":"https:\/\/goelette.ca\/en\/wp-json\/wp\/v2\/product_cat?post=16836"},{"taxonomy":"product_tag","embeddable":true,"href":"https:\/\/goelette.ca\/en\/wp-json\/wp\/v2\/product_tag?post=16836"},{"taxonomy":"maison_dedition","embeddable":true,"href":"https:\/\/goelette.ca\/en\/wp-json\/wp\/v2\/maison_dedition?post=16836"}],"curies":[{"name":"wp","href":"https:\/\/api.w.org\/{rel}","templated":true}]}}