{"id":16833,"date":"2015-08-03T01:00:00","date_gmt":"2021-10-04T20:32:02","guid":{"rendered":"https:\/\/www.goelette.ca\/produit\/journal-dun-pantin-pas-si-menteur\/"},"modified":"2022-02-18T16:14:10","modified_gmt":"2022-02-18T21:14:10","slug":"journal-dun-pantin-pas-si-menteur","status":"publish","type":"product","link":"https:\/\/goelette.ca\/en\/tous-les-livres\/journal-dun-pantin-pas-si-menteur\/","title":{"rendered":"Journal d&#8217;un pantin pas si menteur"},"content":{"rendered":"<\/p>\n<p><span style=\"font-size: small;\">\u00ab Je crois que tout le monde conna\u00eet ma condition : chaque fois que je raconte des mensonges, mon nez s\u2019allonge ! Ce que vous ne savez pas, c\u2019est que je connais de graves difficult\u00e9s techniques depuis quelque temps. En effet, il semblerait que mon nez soit d\u00e9traqu\u00e9 puisqu\u2019il pousse maintenant \u00e0 tout moment, m\u00eame lorsque je ne mens pas ! J\u2019esp\u00e8re sinc\u00e8rement pouvoir convaincre Gepetto de mon honn\u00eatet\u00e9 afin qu\u2019il m\u2019aide \u00e0 r\u00e9parer mon nez et \u00e0 prouver \u00e0 tous les habitants de Livredecontes que je suis, moi aussi, capable de dire la v\u00e9rit\u00e9 ! \u00bb<\/span><\/p>\n<p><span style=\"font-size: small;\">Pinocchio<br \/>xxx<\/span><\/p>\n","protected":false},"excerpt":{"rendered":"<p>\u00ab Je crois que tout le monde conna\u00eet ma condition : chaque fois que je raconte des mensonges, mon nez s\u2019allonge ! Ce que vous ne savez pas, c\u2019est que je connais de graves difficult\u00e9s techniques depuis quelque temps. En effet, il semblerait que mon nez soit d\u00e9traqu\u00e9 puisqu\u2019il pousse maintenant \u00e0 tout moment, m\u00eame [&hellip;]<\/p>\n","protected":false},"featured_media":16831,"template":"","meta":{"wds_primary_product_brand":0,"wds_primary_product_cat":0,"wds_primary_maison_dedition":0},"product_brand":[],"product_cat":[538,661],"product_tag":[],"maison_dedition":[630],"class_list":{"0":"post-16833","1":"product","2":"type-product","3":"status-publish","4":"has-post-thumbnail","6":"product_cat-jeunesse","7":"product_cat-roman-jeunesse","8":"pa_auteur-catherine-girard-audet","9":"maison_dedition-les-editions-goelette","11":"first","12":"instock","13":"taxable","14":"shipping-taxable","15":"purchasable","16":"product-type-variable"},"bundled_by":[],"bundle_stock_status":"instock","bundle_stock_quantity":null,"bundle_virtual":false,"bundle_layout":"","bundle_add_to_cart_form_location":"","bundle_editable_in_cart":false,"bundle_sold_individually_context":"","bundle_item_grouping":"","bundle_min_size":"","bundle_max_size":"","bundle_price":[],"bundled_items":[],"bundle_sell_ids":[],"acf":[],"_links":{"self":[{"href":"https:\/\/goelette.ca\/en\/wp-json\/wp\/v2\/product\/16833","targetHints":{"allow":["GET"]}}],"collection":[{"href":"https:\/\/goelette.ca\/en\/wp-json\/wp\/v2\/product"}],"about":[{"href":"https:\/\/goelette.ca\/en\/wp-json\/wp\/v2\/types\/product"}],"wp:featuredmedia":[{"embeddable":true,"href":"https:\/\/goelette.ca\/en\/wp-json\/wp\/v2\/media\/16831"}],"wp:attachment":[{"href":"https:\/\/goelette.ca\/en\/wp-json\/wp\/v2\/media?parent=16833"}],"wp:term":[{"taxonomy":"product_brand","embeddable":true,"href":"https:\/\/goelette.ca\/en\/wp-json\/wp\/v2\/product_brand?post=16833"},{"taxonomy":"product_cat","embeddable":true,"href":"https:\/\/goelette.ca\/en\/wp-json\/wp\/v2\/product_cat?post=16833"},{"taxonomy":"product_tag","embeddable":true,"href":"https:\/\/goelette.ca\/en\/wp-json\/wp\/v2\/product_tag?post=16833"},{"taxonomy":"maison_dedition","embeddable":true,"href":"https:\/\/goelette.ca\/en\/wp-json\/wp\/v2\/maison_dedition?post=16833"}],"curies":[{"name":"wp","href":"https:\/\/api.w.org\/{rel}","templated":true}]}}