{"id":16830,"date":"2015-08-03T01:00:00","date_gmt":"2021-10-04T20:31:56","guid":{"rendered":"https:\/\/www.goelette.ca\/produit\/journal-de-lautre-pas-si-grand-mechant-loup\/"},"modified":"2022-06-22T13:23:49","modified_gmt":"2022-06-22T17:23:49","slug":"journal-de-lautre-pas-si-grand-mechant-loup","status":"publish","type":"product","link":"https:\/\/goelette.ca\/en\/tous-les-livres\/journal-de-lautre-pas-si-grand-mechant-loup\/","title":{"rendered":"Journal de l&#8217;autre pas si Grand M\u00e9chant Loup"},"content":{"rendered":"<p><span style=\"font-size: small;\">\u00ab Je me pr\u00e9sente : Garou J. Loup, fr\u00e8re jumeau de Balthazar. Contrairement \u00e0 ce que tous ont toujours cru, c\u2019est moi qui ai essay\u00e9 de d\u00e9vorer le Petit Chaperon rouge et M\u00e8re-Grand. En cavale depuis trois ans, j\u2019ai \u00e9t\u00e9 recueilli par mes nouveaux amis Nuage et Robinson, qui m\u2019ont enseign\u00e9 l\u2019art de r\u00e9\u00e9quilibrer mes centres d\u2019\u00e9nergie et de ne plus me laisser contr\u00f4ler par mon instinct animal. Je suis maintenant pr\u00eat \u00e0 regagner Livredecontes pour prouver \u00e0 tous qu\u2019\u00e0 l\u2019instar de mon cher fr\u00e8re, je suis une personne meilleure et que je suis devenu un loup de l\u2019amour ! \u00bb<\/span><\/p>\n<p><span style=\"font-size: small;\">Garou <\/span><br \/>\n<span style=\"font-size: small;\"> xxx <\/span><\/p>\n","protected":false},"excerpt":{"rendered":"<p>\u00ab Je me pr\u00e9sente : Garou J. Loup, fr\u00e8re jumeau de Balthazar. Contrairement \u00e0 ce que tous ont toujours cru, c\u2019est moi qui ai essay\u00e9 de d\u00e9vorer le Petit Chaperon rouge et M\u00e8re-Grand. En cavale depuis trois ans, j\u2019ai \u00e9t\u00e9 recueilli par mes nouveaux amis Nuage et Robinson, qui m\u2019ont enseign\u00e9 l\u2019art de r\u00e9\u00e9quilibrer mes [&hellip;]<\/p>\n","protected":false},"featured_media":16828,"template":"","meta":{"wds_primary_product_brand":0,"wds_primary_product_cat":0,"wds_primary_maison_dedition":0},"product_brand":[],"product_cat":[538,661],"product_tag":[],"maison_dedition":[630],"class_list":{"0":"post-16830","1":"product","2":"type-product","3":"status-publish","4":"has-post-thumbnail","6":"product_cat-jeunesse","7":"product_cat-roman-jeunesse","8":"pa_auteur-catherine-girard-audet","9":"maison_dedition-les-editions-goelette","11":"first","12":"instock","13":"taxable","14":"shipping-taxable","15":"purchasable","16":"product-type-variable"},"bundled_by":[],"bundle_stock_status":"instock","bundle_stock_quantity":null,"bundle_virtual":false,"bundle_layout":"","bundle_add_to_cart_form_location":"","bundle_editable_in_cart":false,"bundle_sold_individually_context":"","bundle_item_grouping":"","bundle_min_size":"","bundle_max_size":"","bundle_price":[],"bundled_items":[],"bundle_sell_ids":[],"acf":[],"_links":{"self":[{"href":"https:\/\/goelette.ca\/en\/wp-json\/wp\/v2\/product\/16830","targetHints":{"allow":["GET"]}}],"collection":[{"href":"https:\/\/goelette.ca\/en\/wp-json\/wp\/v2\/product"}],"about":[{"href":"https:\/\/goelette.ca\/en\/wp-json\/wp\/v2\/types\/product"}],"wp:featuredmedia":[{"embeddable":true,"href":"https:\/\/goelette.ca\/en\/wp-json\/wp\/v2\/media\/16828"}],"wp:attachment":[{"href":"https:\/\/goelette.ca\/en\/wp-json\/wp\/v2\/media?parent=16830"}],"wp:term":[{"taxonomy":"product_brand","embeddable":true,"href":"https:\/\/goelette.ca\/en\/wp-json\/wp\/v2\/product_brand?post=16830"},{"taxonomy":"product_cat","embeddable":true,"href":"https:\/\/goelette.ca\/en\/wp-json\/wp\/v2\/product_cat?post=16830"},{"taxonomy":"product_tag","embeddable":true,"href":"https:\/\/goelette.ca\/en\/wp-json\/wp\/v2\/product_tag?post=16830"},{"taxonomy":"maison_dedition","embeddable":true,"href":"https:\/\/goelette.ca\/en\/wp-json\/wp\/v2\/maison_dedition?post=16830"}],"curies":[{"name":"wp","href":"https:\/\/api.w.org\/{rel}","templated":true}]}}