{"id":16827,"date":"2015-08-03T01:00:00","date_gmt":"2021-10-04T20:31:53","guid":{"rendered":"https:\/\/www.goelette.ca\/produit\/journal-de-la-marraine-pas-si-malefique-de-la-belle-au-bois-dormant\/"},"modified":"2022-02-18T16:14:08","modified_gmt":"2022-02-18T21:14:08","slug":"journal-de-la-marraine-pas-si-malefique-de-la-belle-au-bois-dormant","status":"publish","type":"product","link":"https:\/\/goelette.ca\/en\/tous-les-livres\/journal-de-la-marraine-pas-si-malefique-de-la-belle-au-bois-dormant\/","title":{"rendered":"Journal de la marraine pas si mal\u00e9fique de la Belle au bois dormant"},"content":{"rendered":"<p><span style=\"font-size: small;\"><a href=\"https:\/\/www.boutiquegoelette.com\/details.aspx?ID=co9782897318048\"><strong>Aussi offert en version papier dans le coffret L\u2019envers des contes 1<\/strong><\/a><\/span><\/p>\n<p><span style=\"font-size: small;\">\u00ab Plusieurs d\u2019entre vous me connaissent comme la m\u00e9chante f\u00e9e marraine de la Belle au bois dormant qui a essay\u00e9 de jeter un sort mortel \u00e0 la princesse lors de sa naissance, car je n\u2019avais pas \u00e9t\u00e9 invit\u00e9e \u00e0 son bapt\u00eame. Ce que vous ignorez, c\u2019est que les autres f\u00e9es m\u2019ont ensuite transmis les qualit\u00e9s qu\u2019elles avaient offertes \u00e0 Belle. Le jour est donc venu pour moi de montrer que je suis une Carabosse transform\u00e9e, et que je suis pr\u00eate \u00e0 tout pour gu\u00e9rir Belle de l\u2019\u00e9trange maladie qui l\u2019atteint depuis son r\u00e9veil ! \u00bb<\/span><\/p>\n<p><span style=\"font-size: small;\">Carabosse<\/span><br \/><span style=\"font-size: small;\">xxx<\/span><\/p>\n","protected":false},"excerpt":{"rendered":"<p>Aussi offert en version papier dans le coffret L\u2019envers des contes 1 \u00ab Plusieurs d\u2019entre vous me connaissent comme la m\u00e9chante f\u00e9e marraine de la Belle au bois dormant qui a essay\u00e9 de jeter un sort mortel \u00e0 la princesse lors de sa naissance, car je n\u2019avais pas \u00e9t\u00e9 invit\u00e9e \u00e0 son bapt\u00eame. Ce que [&hellip;]<\/p>\n","protected":false},"featured_media":16825,"template":"","meta":{"wds_primary_product_brand":0,"wds_primary_product_cat":0,"wds_primary_maison_dedition":0},"product_brand":[],"product_cat":[538,661],"product_tag":[],"maison_dedition":[630],"class_list":{"0":"post-16827","1":"product","2":"type-product","3":"status-publish","4":"has-post-thumbnail","6":"product_cat-jeunesse","7":"product_cat-roman-jeunesse","8":"pa_auteur-catherine-girard-audet","9":"maison_dedition-les-editions-goelette","11":"first","12":"instock","13":"taxable","14":"shipping-taxable","15":"purchasable","16":"product-type-variable"},"bundled_by":[],"bundle_stock_status":"instock","bundle_stock_quantity":null,"bundle_virtual":false,"bundle_layout":"","bundle_add_to_cart_form_location":"","bundle_editable_in_cart":false,"bundle_sold_individually_context":"","bundle_item_grouping":"","bundle_min_size":"","bundle_max_size":"","bundle_price":[],"bundled_items":[],"bundle_sell_ids":[],"acf":[],"_links":{"self":[{"href":"https:\/\/goelette.ca\/en\/wp-json\/wp\/v2\/product\/16827","targetHints":{"allow":["GET"]}}],"collection":[{"href":"https:\/\/goelette.ca\/en\/wp-json\/wp\/v2\/product"}],"about":[{"href":"https:\/\/goelette.ca\/en\/wp-json\/wp\/v2\/types\/product"}],"wp:featuredmedia":[{"embeddable":true,"href":"https:\/\/goelette.ca\/en\/wp-json\/wp\/v2\/media\/16825"}],"wp:attachment":[{"href":"https:\/\/goelette.ca\/en\/wp-json\/wp\/v2\/media?parent=16827"}],"wp:term":[{"taxonomy":"product_brand","embeddable":true,"href":"https:\/\/goelette.ca\/en\/wp-json\/wp\/v2\/product_brand?post=16827"},{"taxonomy":"product_cat","embeddable":true,"href":"https:\/\/goelette.ca\/en\/wp-json\/wp\/v2\/product_cat?post=16827"},{"taxonomy":"product_tag","embeddable":true,"href":"https:\/\/goelette.ca\/en\/wp-json\/wp\/v2\/product_tag?post=16827"},{"taxonomy":"maison_dedition","embeddable":true,"href":"https:\/\/goelette.ca\/en\/wp-json\/wp\/v2\/maison_dedition?post=16827"}],"curies":[{"name":"wp","href":"https:\/\/api.w.org\/{rel}","templated":true}]}}