{"id":16824,"date":"2015-08-03T01:00:00","date_gmt":"2021-10-04T20:31:51","guid":{"rendered":"https:\/\/www.goelette.ca\/produit\/journal-dun-nain-pas-si-grincheux\/"},"modified":"2022-06-22T13:21:18","modified_gmt":"2022-06-22T17:21:18","slug":"journal-dun-nain-pas-si-grincheux","status":"publish","type":"product","link":"https:\/\/goelette.ca\/en\/tous-les-livres\/journal-dun-nain-pas-si-grincheux\/","title":{"rendered":"Journal d&#8217;un nain pas si grincheux"},"content":{"rendered":"<p><span style=\"font-size: small;\">\u00ab Tout le monde croit que \u00e7a me pla\u00eet d\u2019\u00eatre grognon ! Ce que les gens ne savent pas, c\u2019est que j\u2019en ai assez de faire la moue, et que j\u2019ai d\u00e9cid\u00e9 de retrouver le sourire ! Avec l\u2019aide de Boucle d\u2019or et de sa cousine Perle, je suis donc pr\u00eat \u00e0 affronter les terrifiantes cr\u00e9atures de la For\u00eat hant\u00e9e pour mettre la main sur la plante Bonheuratus, qui a le pouvoir de redonner le sourire \u00e0 tous ceux qui l\u2019ont perdu. \u00bb<\/span><\/p>\n<p><span style=\"font-size: small;\">Grincheux<\/span><br \/>\n<span style=\"font-size: small;\">xxx<\/span><\/p>\n","protected":false},"excerpt":{"rendered":"<p>\u00ab Tout le monde croit que \u00e7a me pla\u00eet d\u2019\u00eatre grognon ! Ce que les gens ne savent pas, c\u2019est que j\u2019en ai assez de faire la moue, et que j\u2019ai d\u00e9cid\u00e9 de retrouver le sourire ! Avec l\u2019aide de Boucle d\u2019or et de sa cousine Perle, je suis donc pr\u00eat \u00e0 affronter les terrifiantes [&hellip;]<\/p>\n","protected":false},"featured_media":16822,"template":"","meta":{"wds_primary_product_brand":0,"wds_primary_product_cat":0,"wds_primary_maison_dedition":0},"product_brand":[],"product_cat":[538,661],"product_tag":[],"maison_dedition":[541],"class_list":{"0":"post-16824","1":"product","2":"type-product","3":"status-publish","4":"has-post-thumbnail","6":"product_cat-jeunesse","7":"product_cat-roman-jeunesse","8":"pa_auteur-catherine-girard-audet","9":"maison_dedition-les-editions-coup-doeil","11":"first","12":"instock","13":"taxable","14":"shipping-taxable","15":"purchasable","16":"product-type-variable"},"bundled_by":[],"bundle_stock_status":"instock","bundle_stock_quantity":null,"bundle_virtual":false,"bundle_layout":"","bundle_add_to_cart_form_location":"","bundle_editable_in_cart":false,"bundle_sold_individually_context":"","bundle_item_grouping":"","bundle_min_size":"","bundle_max_size":"","bundle_price":[],"bundled_items":[],"bundle_sell_ids":[],"acf":[],"_links":{"self":[{"href":"https:\/\/goelette.ca\/en\/wp-json\/wp\/v2\/product\/16824","targetHints":{"allow":["GET"]}}],"collection":[{"href":"https:\/\/goelette.ca\/en\/wp-json\/wp\/v2\/product"}],"about":[{"href":"https:\/\/goelette.ca\/en\/wp-json\/wp\/v2\/types\/product"}],"wp:featuredmedia":[{"embeddable":true,"href":"https:\/\/goelette.ca\/en\/wp-json\/wp\/v2\/media\/16822"}],"wp:attachment":[{"href":"https:\/\/goelette.ca\/en\/wp-json\/wp\/v2\/media?parent=16824"}],"wp:term":[{"taxonomy":"product_brand","embeddable":true,"href":"https:\/\/goelette.ca\/en\/wp-json\/wp\/v2\/product_brand?post=16824"},{"taxonomy":"product_cat","embeddable":true,"href":"https:\/\/goelette.ca\/en\/wp-json\/wp\/v2\/product_cat?post=16824"},{"taxonomy":"product_tag","embeddable":true,"href":"https:\/\/goelette.ca\/en\/wp-json\/wp\/v2\/product_tag?post=16824"},{"taxonomy":"maison_dedition","embeddable":true,"href":"https:\/\/goelette.ca\/en\/wp-json\/wp\/v2\/maison_dedition?post=16824"}],"curies":[{"name":"wp","href":"https:\/\/api.w.org\/{rel}","templated":true}]}}