{"id":16821,"date":"2015-08-03T01:00:00","date_gmt":"2021-10-04T20:31:47","guid":{"rendered":"https:\/\/www.goelette.ca\/produit\/journal-de-la-belle-mere-pas-si-cruelle-de-blanche-neige\/"},"modified":"2022-02-18T16:14:07","modified_gmt":"2022-02-18T21:14:07","slug":"journal-de-la-belle-mere-pas-si-cruelle-de-blanche-neige","status":"publish","type":"product","link":"https:\/\/goelette.ca\/en\/tous-les-livres\/journal-de-la-belle-mere-pas-si-cruelle-de-blanche-neige\/","title":{"rendered":"Journal de la belle-m\u00e8re pas si cruelle de Blanche-Neige"},"content":{"rendered":"<\/p>\n<p><span style=\"font-size: small;\">\u00ab La derni\u00e8re fois que vous avez entendu parler de moi, j\u2019essayais d\u2019empoisonner ma belle-fille avec une pomme. Mon plan a \u00e9chou\u00e9 et j\u2019ai tout perdu. J\u2019ai d\u00fb faire une cure de gentillesse dans un centre de m\u00e9ditation o\u00f9 je ne pouvais porter ni maquillage ni mes belles robes et o\u00f9 je n\u2019ai pas pu apporter mon miroir ! Cela m\u2019a transform\u00e9e. Je suis pr\u00eate \u00e0 r\u00e9int\u00e9grer mon village pour prouver \u00e0 Blanche-Neige et \u00e0 tous les autres habitants de Livredecontes que je suis une nouvelle femme. \u00bb<\/span><\/p>\n<p><span style=\"font-size: small;\">Reine<\/span><br \/><span style=\"font-size: small;\">xxx<\/span><\/p>\n","protected":false},"excerpt":{"rendered":"<p>\u00ab La derni\u00e8re fois que vous avez entendu parler de moi, j\u2019essayais d\u2019empoisonner ma belle-fille avec une pomme. Mon plan a \u00e9chou\u00e9 et j\u2019ai tout perdu. J\u2019ai d\u00fb faire une cure de gentillesse dans un centre de m\u00e9ditation o\u00f9 je ne pouvais porter ni maquillage ni mes belles robes et o\u00f9 je n\u2019ai pas pu [&hellip;]<\/p>\n","protected":false},"featured_media":16819,"template":"","meta":{"wds_primary_product_brand":0,"wds_primary_product_cat":0,"wds_primary_maison_dedition":0},"product_brand":[],"product_cat":[538,661],"product_tag":[],"maison_dedition":[630],"class_list":{"0":"post-16821","1":"product","2":"type-product","3":"status-publish","4":"has-post-thumbnail","6":"product_cat-jeunesse","7":"product_cat-roman-jeunesse","8":"pa_auteur-catherine-girard-audet","9":"maison_dedition-les-editions-goelette","11":"first","12":"instock","13":"taxable","14":"shipping-taxable","15":"purchasable","16":"product-type-variable"},"bundled_by":[],"bundle_stock_status":"instock","bundle_stock_quantity":null,"bundle_virtual":false,"bundle_layout":"","bundle_add_to_cart_form_location":"","bundle_editable_in_cart":false,"bundle_sold_individually_context":"","bundle_item_grouping":"","bundle_min_size":"","bundle_max_size":"","bundle_price":[],"bundled_items":[],"bundle_sell_ids":[],"acf":[],"_links":{"self":[{"href":"https:\/\/goelette.ca\/en\/wp-json\/wp\/v2\/product\/16821","targetHints":{"allow":["GET"]}}],"collection":[{"href":"https:\/\/goelette.ca\/en\/wp-json\/wp\/v2\/product"}],"about":[{"href":"https:\/\/goelette.ca\/en\/wp-json\/wp\/v2\/types\/product"}],"wp:featuredmedia":[{"embeddable":true,"href":"https:\/\/goelette.ca\/en\/wp-json\/wp\/v2\/media\/16819"}],"wp:attachment":[{"href":"https:\/\/goelette.ca\/en\/wp-json\/wp\/v2\/media?parent=16821"}],"wp:term":[{"taxonomy":"product_brand","embeddable":true,"href":"https:\/\/goelette.ca\/en\/wp-json\/wp\/v2\/product_brand?post=16821"},{"taxonomy":"product_cat","embeddable":true,"href":"https:\/\/goelette.ca\/en\/wp-json\/wp\/v2\/product_cat?post=16821"},{"taxonomy":"product_tag","embeddable":true,"href":"https:\/\/goelette.ca\/en\/wp-json\/wp\/v2\/product_tag?post=16821"},{"taxonomy":"maison_dedition","embeddable":true,"href":"https:\/\/goelette.ca\/en\/wp-json\/wp\/v2\/maison_dedition?post=16821"}],"curies":[{"name":"wp","href":"https:\/\/api.w.org\/{rel}","templated":true}]}}