{"id":16762,"date":"2020-11-26T01:00:00","date_gmt":"2020-11-26T06:00:00","guid":{"rendered":"https:\/\/www.goelette.ca\/produit\/vingt-mille-lieues-sous-les-mers-et-le-tour-du-monde-en-80-jours\/"},"modified":"2025-04-22T11:49:40","modified_gmt":"2025-04-22T15:49:40","slug":"vingt-mille-lieues-sous-les-mers-et-le-tour-du-monde-en-80-jours","status":"publish","type":"product","link":"https:\/\/goelette.ca\/en\/tous-les-livres\/vingt-mille-lieues-sous-les-mers-et-le-tour-du-monde-en-80-jours\/","title":{"rendered":"Collection les classiques &#8211; Vingt mille lieues sous les mers et Le tour du monde en 80 jours"},"content":{"rendered":"<p class=\"p1\">N\u00e9 en 1828 \u00e0 Nantes, en France, Jules Verne est sans contredit l\u2019un des plus grands auteurs de r\u00e9cits d\u2019aventures. Il \u00e9crit d\u2019abord des pi\u00e8ces comiques, mais c\u2019est en s\u2019inspirant des progr\u00e8s scientifiques de son \u00e9poque qu\u2019il trouve son cr\u00e9neau. Il conna\u00eet un immense succ\u00e8s d\u00e8s ses premiers romans, parmi lesquels figurent <em>Voyage au centre de la Terre<\/em> (1864) et <em>De la Terre \u00e0 la Lune<\/em> (1865). Son oeuvre comporte de nombreux livres, dont <em>Vingt mille lieues sous les mers<\/em> (1869) et <em>Le tour du monde en 80 jours<\/em> (1872), qui ont su se tailler une place de choix au panth\u00e9on des classiques litt\u00e9raires. Jules Verne est aujourd\u2019hui \u00e0 la t\u00eate du palmar\u00e8s des auteurs les plus traduits mondialement.<\/p>\n","protected":false},"excerpt":{"rendered":"<p>N\u00e9 en 1828 \u00e0 Nantes, en France, Jules Verne est sans contredit l\u2019un des plus grands auteurs de r\u00e9cits d\u2019aventures. Il \u00e9crit d\u2019abord des pi\u00e8ces comiques, mais c\u2019est en s\u2019inspirant des progr\u00e8s scientifiques de son \u00e9poque qu\u2019il trouve son cr\u00e9neau. Il conna\u00eet un immense succ\u00e8s d\u00e8s ses premiers romans, parmi lesquels figurent Voyage au centre [&hellip;]<\/p>\n","protected":false},"featured_media":16760,"template":"","meta":{"wds_primary_product_brand":0,"wds_primary_product_cat":0,"wds_primary_maison_dedition":0},"product_brand":[],"product_cat":[609,542],"product_tag":[],"maison_dedition":[630],"class_list":{"0":"post-16762","1":"product","2":"type-product","3":"status-publish","4":"has-post-thumbnail","6":"product_cat-classiques","7":"product_cat-roman","8":"pa_auteur-jules-verne","9":"maison_dedition-les-editions-goelette","11":"first","12":"instock","13":"taxable","14":"shipping-taxable","15":"purchasable","16":"product-type-variable"},"bundled_by":[],"bundle_stock_status":"instock","bundle_stock_quantity":null,"bundle_virtual":false,"bundle_layout":"","bundle_add_to_cart_form_location":"","bundle_editable_in_cart":false,"bundle_sold_individually_context":"","bundle_item_grouping":"","bundle_min_size":"","bundle_max_size":"","bundle_price":[],"bundled_items":[],"bundle_sell_ids":[],"acf":[],"_links":{"self":[{"href":"https:\/\/goelette.ca\/en\/wp-json\/wp\/v2\/product\/16762","targetHints":{"allow":["GET"]}}],"collection":[{"href":"https:\/\/goelette.ca\/en\/wp-json\/wp\/v2\/product"}],"about":[{"href":"https:\/\/goelette.ca\/en\/wp-json\/wp\/v2\/types\/product"}],"wp:featuredmedia":[{"embeddable":true,"href":"https:\/\/goelette.ca\/en\/wp-json\/wp\/v2\/media\/16760"}],"wp:attachment":[{"href":"https:\/\/goelette.ca\/en\/wp-json\/wp\/v2\/media?parent=16762"}],"wp:term":[{"taxonomy":"product_brand","embeddable":true,"href":"https:\/\/goelette.ca\/en\/wp-json\/wp\/v2\/product_brand?post=16762"},{"taxonomy":"product_cat","embeddable":true,"href":"https:\/\/goelette.ca\/en\/wp-json\/wp\/v2\/product_cat?post=16762"},{"taxonomy":"product_tag","embeddable":true,"href":"https:\/\/goelette.ca\/en\/wp-json\/wp\/v2\/product_tag?post=16762"},{"taxonomy":"maison_dedition","embeddable":true,"href":"https:\/\/goelette.ca\/en\/wp-json\/wp\/v2\/maison_dedition?post=16762"}],"curies":[{"name":"wp","href":"https:\/\/api.w.org\/{rel}","templated":true}]}}