{"id":16651,"date":"2021-02-10T01:00:00","date_gmt":"2021-10-04T20:28:52","guid":{"rendered":"https:\/\/www.goelette.ca\/produit\/jeux-pour-stimuler-votre-memoire-vol-3\/"},"modified":"2021-12-03T18:12:28","modified_gmt":"2021-12-03T17:12:28","slug":"jeux-pour-stimuler-votre-memoire-vol-3","status":"publish","type":"product","link":"https:\/\/goelette.ca\/en\/tous-les-livres\/jeux-pour-stimuler-votre-memoire-vol-3\/","title":{"rendered":"Jeux pour stimuler votre m\u00e9moire vol.3"},"content":{"rendered":"<p>Exercez votre m\u00e9moire et stimuler vos neurones gr\u00e2ce \u00e0 ce nouveau livre aux couleurs de la F\u00e9d\u00e9ration qu\u00e9b\u00e9coise des Soci\u00e9t\u00e9s Alzheimer.<\/p>\n<p>Mettez votre cerveau au d\u00e9fi, tout en vous amusant, et profitez de l&#8217;expertise de la F\u00e9d\u00e9ration pour en apprendre plus sur ce mal du 21\u00e8 si\u00e8cle.<\/p>\n<p>Pour chaque exemplaire vendu, un montant de 0,75 $ sera remis \u00e0 la F\u00e9d\u00e9ration qu\u00e9b\u00e9coise des Soci\u00e9t\u00e9s Alzheimer.<\/p>\n","protected":false},"excerpt":{"rendered":"<p>Exercez votre m\u00e9moire et stimuler vos neurones gr\u00e2ce \u00e0 ce nouveau livre aux couleurs de la F\u00e9d\u00e9ration qu\u00e9b\u00e9coise des Soci\u00e9t\u00e9s Alzheimer. Mettez votre cerveau au d\u00e9fi, tout en vous amusant, et profitez de l&#8217;expertise de la F\u00e9d\u00e9ration pour en apprendre plus sur ce mal du 21\u00e8 si\u00e8cle. Pour chaque exemplaire vendu, un montant de 0,75 [&hellip;]<\/p>\n","protected":false},"featured_media":16649,"template":"","meta":{"wds_primary_product_brand":0,"wds_primary_product_cat":0,"wds_primary_maison_dedition":0},"product_brand":[],"product_cat":[567,587,566],"product_tag":[],"maison_dedition":[630],"class_list":{"0":"post-16651","1":"product","2":"type-product","3":"status-publish","4":"has-post-thumbnail","6":"product_cat-adulte","7":"product_cat-jeux-melanges","8":"product_cat-livres-de-jeux","9":"pa_auteur-collectif","10":"maison_dedition-les-editions-goelette","12":"first","13":"instock","14":"taxable","15":"shipping-taxable","16":"product-type-variable"},"bundled_by":[],"bundle_stock_status":"instock","bundle_stock_quantity":null,"bundle_virtual":false,"bundle_layout":"","bundle_add_to_cart_form_location":"","bundle_editable_in_cart":false,"bundle_sold_individually_context":"","bundle_item_grouping":"","bundle_min_size":"","bundle_max_size":"","bundle_price":[],"bundled_items":[],"bundle_sell_ids":[],"acf":[],"_links":{"self":[{"href":"https:\/\/goelette.ca\/en\/wp-json\/wp\/v2\/product\/16651","targetHints":{"allow":["GET"]}}],"collection":[{"href":"https:\/\/goelette.ca\/en\/wp-json\/wp\/v2\/product"}],"about":[{"href":"https:\/\/goelette.ca\/en\/wp-json\/wp\/v2\/types\/product"}],"wp:featuredmedia":[{"embeddable":true,"href":"https:\/\/goelette.ca\/en\/wp-json\/wp\/v2\/media\/16649"}],"wp:attachment":[{"href":"https:\/\/goelette.ca\/en\/wp-json\/wp\/v2\/media?parent=16651"}],"wp:term":[{"taxonomy":"product_brand","embeddable":true,"href":"https:\/\/goelette.ca\/en\/wp-json\/wp\/v2\/product_brand?post=16651"},{"taxonomy":"product_cat","embeddable":true,"href":"https:\/\/goelette.ca\/en\/wp-json\/wp\/v2\/product_cat?post=16651"},{"taxonomy":"product_tag","embeddable":true,"href":"https:\/\/goelette.ca\/en\/wp-json\/wp\/v2\/product_tag?post=16651"},{"taxonomy":"maison_dedition","embeddable":true,"href":"https:\/\/goelette.ca\/en\/wp-json\/wp\/v2\/maison_dedition?post=16651"}],"curies":[{"name":"wp","href":"https:\/\/api.w.org\/{rel}","templated":true}]}}