{"id":16633,"date":"2020-11-26T01:00:00","date_gmt":"2021-10-04T20:28:32","guid":{"rendered":"https:\/\/www.goelette.ca\/produit\/orgueil-et-prejuges\/"},"modified":"2025-04-22T11:35:32","modified_gmt":"2025-04-22T15:35:32","slug":"orgueil-et-prejuges","status":"publish","type":"product","link":"https:\/\/goelette.ca\/en\/tous-les-livres\/orgueil-et-prejuges\/","title":{"rendered":"Collection les classiques &#8211; Orgueil et pr\u00e9jug\u00e9s"},"content":{"rendered":"<p>N\u00e9e en 1775 \u00e0 Stevenson, en Angleterre, Jane Austen est l\u2019une des \u00e9crivaines anglaises les plus lues. Son oeuvre est tr\u00e8s marqu\u00e9e par la condition f\u00e9minine de l\u2019\u00e9poque pr\u00e9victorienne. Utilisant l\u2019ironie et l\u2019humour, elle critique la soci\u00e9t\u00e9 patriarcale de son temps et d\u00e9nonce la d\u00e9pendance des femmes \u00e0 l\u2019\u00e9gard du mariage pour obtenir statut et s\u00e9curit\u00e9 \u00e9conomique. Ses ouvrages tels que Raisons et sentiments (1811), Orgueil et pr\u00e9jug\u00e9s (1813) ainsi que L\u2019abbaye de Northanger (1818), paru \u00e0 titre posthume, sont encore aujourd\u2019hui un fabuleux t\u00e9moignage sur la vie des femmes \u00e0 l\u2019aube du XIX<span class=\"s1\"><sup>e <\/sup><\/span>si\u00e8cle. Cherchant \u00e0 pr\u00e9server son anonymat de son vivant, elle sera r\u00e9v\u00e9l\u00e9e au grand public par le livre Mes souvenirs de Jane Austen (1869), \u00e9crit par l\u2019un de ses neveux et publi\u00e9 50 ans apr\u00e8s sa mort.<\/p>\n","protected":false},"excerpt":{"rendered":"<p>N\u00e9e en 1775 \u00e0 Stevenson, en Angleterre, Jane Austen est l\u2019une des \u00e9crivaines anglaises les plus lues. Son oeuvre est tr\u00e8s marqu\u00e9e par la condition f\u00e9minine de l\u2019\u00e9poque pr\u00e9victorienne. Utilisant l\u2019ironie et l\u2019humour, elle critique la soci\u00e9t\u00e9 patriarcale de son temps et d\u00e9nonce la d\u00e9pendance des femmes \u00e0 l\u2019\u00e9gard du mariage pour obtenir statut et [&hellip;]<\/p>\n","protected":false},"featured_media":16631,"template":"","meta":{"wds_primary_product_brand":0,"wds_primary_product_cat":0,"wds_primary_maison_dedition":0},"product_brand":[],"product_cat":[609,542],"product_tag":[],"maison_dedition":[630],"class_list":{"0":"post-16633","1":"product","2":"type-product","3":"status-publish","4":"has-post-thumbnail","6":"product_cat-classiques","7":"product_cat-roman","8":"pa_auteur-jane-austen","9":"maison_dedition-les-editions-goelette","11":"first","12":"instock","13":"taxable","14":"shipping-taxable","15":"purchasable","16":"product-type-variable"},"bundled_by":[],"bundle_stock_status":"instock","bundle_stock_quantity":null,"bundle_virtual":false,"bundle_layout":"","bundle_add_to_cart_form_location":"","bundle_editable_in_cart":false,"bundle_sold_individually_context":"","bundle_item_grouping":"","bundle_min_size":"","bundle_max_size":"","bundle_price":[],"bundled_items":[],"bundle_sell_ids":[],"acf":[],"_links":{"self":[{"href":"https:\/\/goelette.ca\/en\/wp-json\/wp\/v2\/product\/16633","targetHints":{"allow":["GET"]}}],"collection":[{"href":"https:\/\/goelette.ca\/en\/wp-json\/wp\/v2\/product"}],"about":[{"href":"https:\/\/goelette.ca\/en\/wp-json\/wp\/v2\/types\/product"}],"wp:featuredmedia":[{"embeddable":true,"href":"https:\/\/goelette.ca\/en\/wp-json\/wp\/v2\/media\/16631"}],"wp:attachment":[{"href":"https:\/\/goelette.ca\/en\/wp-json\/wp\/v2\/media?parent=16633"}],"wp:term":[{"taxonomy":"product_brand","embeddable":true,"href":"https:\/\/goelette.ca\/en\/wp-json\/wp\/v2\/product_brand?post=16633"},{"taxonomy":"product_cat","embeddable":true,"href":"https:\/\/goelette.ca\/en\/wp-json\/wp\/v2\/product_cat?post=16633"},{"taxonomy":"product_tag","embeddable":true,"href":"https:\/\/goelette.ca\/en\/wp-json\/wp\/v2\/product_tag?post=16633"},{"taxonomy":"maison_dedition","embeddable":true,"href":"https:\/\/goelette.ca\/en\/wp-json\/wp\/v2\/maison_dedition?post=16633"}],"curies":[{"name":"wp","href":"https:\/\/api.w.org\/{rel}","templated":true}]}}