{"id":16630,"date":"2020-11-26T01:00:00","date_gmt":"2021-10-04T20:28:28","guid":{"rendered":"https:\/\/www.goelette.ca\/produit\/sherlock-holmes\/"},"modified":"2025-04-22T11:47:27","modified_gmt":"2025-04-22T15:47:27","slug":"sherlock-holmes","status":"publish","type":"product","link":"https:\/\/goelette.ca\/en\/tous-les-livres\/sherlock-holmes\/","title":{"rendered":"Collection les classiques &#8211; Sherlock Holmes"},"content":{"rendered":"<p class=\"p1\">N\u00e9 en 1859 \u00e0 \u00c9dimbourg, en \u00c9cosse, Arthur Conan Doyle est \u00e9crivain et m\u00e9decin. Il a \u00e9crit des romans, du th\u00e9\u00e2tre et de la po\u00e9sie, mais il doit sa renomm\u00e9e aux aventures de son c\u00e9l\u00e8bre d\u00e9tective Sherlock Holmes. \u00c9lev\u00e9 au rang de chevalier de l\u2019ordre de Saint-Jean en 1902, le populaire auteur devient sir Arthur Conan Doyle.<\/p>\n<p class=\"p1\">Dans les oeuvres ici r\u00e9unies, <strong><em>Une \u00e9tude en rouge<\/em><\/strong> (1887) nous fait d\u2019abord assister \u00e0 la rencontre entre Holmes et Watson, qui devient son fid\u00e8le assistant. Ensuite, <strong><em>La marque des quatre<\/em><\/strong> (1890) met en sc\u00e8ne l\u2019enqu\u00eate pendant laquelle Watson tombe amoureux de sa future \u00e9pouse. <strong><em>Le chien des Baskerville<\/em><\/strong> (1901), produit pour des raisons financi\u00e8res, est l\u2019une des enqu\u00eates les plus notoires du d\u00e9tective, tandis que <strong><em>La vall\u00e9e de la peur<\/em><\/strong> (1915) est le dernier roman du h\u00e9ros.<\/p>\n","protected":false},"excerpt":{"rendered":"<p>N\u00e9 en 1859 \u00e0 \u00c9dimbourg, en \u00c9cosse, Arthur Conan Doyle est \u00e9crivain et m\u00e9decin. Il a \u00e9crit des romans, du th\u00e9\u00e2tre et de la po\u00e9sie, mais il doit sa renomm\u00e9e aux aventures de son c\u00e9l\u00e8bre d\u00e9tective Sherlock Holmes. \u00c9lev\u00e9 au rang de chevalier de l\u2019ordre de Saint-Jean en 1902, le populaire auteur devient sir Arthur [&hellip;]<\/p>\n","protected":false},"featured_media":16628,"template":"","meta":{"wds_primary_product_brand":0,"wds_primary_product_cat":0,"wds_primary_maison_dedition":0},"product_brand":[],"product_cat":[609,542],"product_tag":[],"maison_dedition":[630],"class_list":{"0":"post-16630","1":"product","2":"type-product","3":"status-publish","4":"has-post-thumbnail","6":"product_cat-classiques","7":"product_cat-roman","8":"maison_dedition-les-editions-goelette","10":"first","11":"instock","12":"taxable","13":"shipping-taxable","14":"purchasable","15":"product-type-variable"},"bundled_by":[],"bundle_stock_status":"instock","bundle_stock_quantity":null,"bundle_virtual":false,"bundle_layout":"","bundle_add_to_cart_form_location":"","bundle_editable_in_cart":false,"bundle_sold_individually_context":"","bundle_item_grouping":"","bundle_min_size":"","bundle_max_size":"","bundle_price":[],"bundled_items":[],"bundle_sell_ids":[],"acf":[],"_links":{"self":[{"href":"https:\/\/goelette.ca\/en\/wp-json\/wp\/v2\/product\/16630","targetHints":{"allow":["GET"]}}],"collection":[{"href":"https:\/\/goelette.ca\/en\/wp-json\/wp\/v2\/product"}],"about":[{"href":"https:\/\/goelette.ca\/en\/wp-json\/wp\/v2\/types\/product"}],"wp:featuredmedia":[{"embeddable":true,"href":"https:\/\/goelette.ca\/en\/wp-json\/wp\/v2\/media\/16628"}],"wp:attachment":[{"href":"https:\/\/goelette.ca\/en\/wp-json\/wp\/v2\/media?parent=16630"}],"wp:term":[{"taxonomy":"product_brand","embeddable":true,"href":"https:\/\/goelette.ca\/en\/wp-json\/wp\/v2\/product_brand?post=16630"},{"taxonomy":"product_cat","embeddable":true,"href":"https:\/\/goelette.ca\/en\/wp-json\/wp\/v2\/product_cat?post=16630"},{"taxonomy":"product_tag","embeddable":true,"href":"https:\/\/goelette.ca\/en\/wp-json\/wp\/v2\/product_tag?post=16630"},{"taxonomy":"maison_dedition","embeddable":true,"href":"https:\/\/goelette.ca\/en\/wp-json\/wp\/v2\/maison_dedition?post=16630"}],"curies":[{"name":"wp","href":"https:\/\/api.w.org\/{rel}","templated":true}]}}