{"id":16627,"date":"2020-11-26T01:00:00","date_gmt":"2021-10-04T20:28:24","guid":{"rendered":"https:\/\/www.goelette.ca\/produit\/les-trois-mousquetaires\/"},"modified":"2025-04-22T11:43:56","modified_gmt":"2025-04-22T15:43:56","slug":"les-trois-mousquetaires","status":"publish","type":"product","link":"https:\/\/goelette.ca\/en\/tous-les-livres\/les-trois-mousquetaires\/","title":{"rendered":"Les trois mousquetaires &#8211; Collection les classiques"},"content":{"rendered":"<p>N\u00e9 en 1802 dans le nord de la France, Alexandre Dumas p\u00e8re devient l\u2019un des auteurs les plus prolifiques de son \u00e9poque. Il fait d\u2019abord son nom en tant que dramaturge de talent en r\u00e9digeant de multiples pi\u00e8ces de th\u00e9\u00e2tre acclam\u00e9es. Mais ce sont les romans historiques qu\u2019il \u00e9crit par la suite qui le font entrer dans la post\u00e9rit\u00e9. Il signe, entre autres, Le comte de Monte-Cristo (1844-1846), La reine Margot (1844-1845) ainsi que de nombreuses autres oeuvres \u00e0 succ\u00e8s qui ont \u00e9t\u00e9 traduites \u00e0 travers le monde. Parmi celles-ci, on compte Les trois mousquetaires (1844), qui est sans contredit le roman le plus c\u00e9l\u00e8bre d\u2019Alexandre Dumas.<\/p>\n","protected":false},"excerpt":{"rendered":"<p>N\u00e9 en 1802 dans le nord de la France, Alexandre Dumas p\u00e8re devient l\u2019un des auteurs les plus prolifiques de son \u00e9poque. Il fait d\u2019abord son nom en tant que dramaturge de talent en r\u00e9digeant de multiples pi\u00e8ces de th\u00e9\u00e2tre acclam\u00e9es. Mais ce sont les romans historiques qu\u2019il \u00e9crit par la suite qui le font [&hellip;]<\/p>\n","protected":false},"featured_media":16625,"template":"","meta":{"wds_primary_product_brand":0,"wds_primary_product_cat":0,"wds_primary_maison_dedition":0},"product_brand":[],"product_cat":[609,542],"product_tag":[],"maison_dedition":[630],"class_list":{"0":"post-16627","1":"product","2":"type-product","3":"status-publish","4":"has-post-thumbnail","6":"product_cat-classiques","7":"product_cat-roman","8":"maison_dedition-les-editions-goelette","10":"first","11":"instock","12":"taxable","13":"shipping-taxable","14":"purchasable","15":"product-type-variable"},"bundled_by":[],"bundle_stock_status":"instock","bundle_stock_quantity":null,"bundle_virtual":false,"bundle_layout":"","bundle_add_to_cart_form_location":"","bundle_editable_in_cart":false,"bundle_sold_individually_context":"","bundle_item_grouping":"","bundle_min_size":"","bundle_max_size":"","bundle_price":[],"bundled_items":[],"bundle_sell_ids":[],"acf":[],"_links":{"self":[{"href":"https:\/\/goelette.ca\/en\/wp-json\/wp\/v2\/product\/16627","targetHints":{"allow":["GET"]}}],"collection":[{"href":"https:\/\/goelette.ca\/en\/wp-json\/wp\/v2\/product"}],"about":[{"href":"https:\/\/goelette.ca\/en\/wp-json\/wp\/v2\/types\/product"}],"wp:featuredmedia":[{"embeddable":true,"href":"https:\/\/goelette.ca\/en\/wp-json\/wp\/v2\/media\/16625"}],"wp:attachment":[{"href":"https:\/\/goelette.ca\/en\/wp-json\/wp\/v2\/media?parent=16627"}],"wp:term":[{"taxonomy":"product_brand","embeddable":true,"href":"https:\/\/goelette.ca\/en\/wp-json\/wp\/v2\/product_brand?post=16627"},{"taxonomy":"product_cat","embeddable":true,"href":"https:\/\/goelette.ca\/en\/wp-json\/wp\/v2\/product_cat?post=16627"},{"taxonomy":"product_tag","embeddable":true,"href":"https:\/\/goelette.ca\/en\/wp-json\/wp\/v2\/product_tag?post=16627"},{"taxonomy":"maison_dedition","embeddable":true,"href":"https:\/\/goelette.ca\/en\/wp-json\/wp\/v2\/maison_dedition?post=16627"}],"curies":[{"name":"wp","href":"https:\/\/api.w.org\/{rel}","templated":true}]}}