{"id":16510,"date":"2020-07-30T01:00:00","date_gmt":"2020-07-30T05:00:00","guid":{"rendered":"https:\/\/www.goelette.ca\/produit\/grilles-de-sudoku-vol-5-plaisir-garanti\/"},"modified":"2024-01-04T15:11:23","modified_gmt":"2024-01-04T20:11:23","slug":"grilles-de-sudoku-vol-5-plaisir-garanti","status":"publish","type":"product","link":"https:\/\/goelette.ca\/en\/tous-les-livres\/grilles-de-sudoku-vol-5-plaisir-garanti\/","title":{"rendered":"Grilles de sudoku vol 5\/Plaisir garanti"},"content":{"rendered":"<p>Petit format mais gros plaisir !<\/p>\n<p>Emportez votre jeux pr\u00e9f\u00e9r\u00e9 partout et r\u00e9solvez les 146 grilles \u00e0 votre rythme.<\/p>\n","protected":false},"excerpt":{"rendered":"<p>Petit format mais gros plaisir ! Emportez votre jeux pr\u00e9f\u00e9r\u00e9 partout et r\u00e9solvez les 146 grilles \u00e0 votre rythme.<\/p>\n","protected":false},"featured_media":16508,"template":"","meta":{"wds_primary_product_brand":0,"wds_primary_product_cat":0,"wds_primary_maison_dedition":0},"product_brand":[],"product_cat":[567,566,569],"product_tag":[],"maison_dedition":[634],"class_list":{"0":"post-16510","1":"product","2":"type-product","3":"status-publish","4":"has-post-thumbnail","6":"product_cat-adulte","7":"product_cat-livres-de-jeux","8":"product_cat-sudokus","9":"pa_auteur-collectif","10":"maison_dedition-plaisir-garanti","12":"first","13":"instock","14":"taxable","15":"shipping-taxable","16":"purchasable","17":"product-type-variable"},"bundled_by":[],"bundle_stock_status":"instock","bundle_stock_quantity":null,"bundle_virtual":false,"bundle_layout":"","bundle_add_to_cart_form_location":"","bundle_editable_in_cart":false,"bundle_sold_individually_context":"","bundle_item_grouping":"","bundle_min_size":"","bundle_max_size":"","bundle_price":[],"bundled_items":[],"bundle_sell_ids":[],"acf":[],"_links":{"self":[{"href":"https:\/\/goelette.ca\/en\/wp-json\/wp\/v2\/product\/16510","targetHints":{"allow":["GET"]}}],"collection":[{"href":"https:\/\/goelette.ca\/en\/wp-json\/wp\/v2\/product"}],"about":[{"href":"https:\/\/goelette.ca\/en\/wp-json\/wp\/v2\/types\/product"}],"wp:featuredmedia":[{"embeddable":true,"href":"https:\/\/goelette.ca\/en\/wp-json\/wp\/v2\/media\/16508"}],"wp:attachment":[{"href":"https:\/\/goelette.ca\/en\/wp-json\/wp\/v2\/media?parent=16510"}],"wp:term":[{"taxonomy":"product_brand","embeddable":true,"href":"https:\/\/goelette.ca\/en\/wp-json\/wp\/v2\/product_brand?post=16510"},{"taxonomy":"product_cat","embeddable":true,"href":"https:\/\/goelette.ca\/en\/wp-json\/wp\/v2\/product_cat?post=16510"},{"taxonomy":"product_tag","embeddable":true,"href":"https:\/\/goelette.ca\/en\/wp-json\/wp\/v2\/product_tag?post=16510"},{"taxonomy":"maison_dedition","embeddable":true,"href":"https:\/\/goelette.ca\/en\/wp-json\/wp\/v2\/maison_dedition?post=16510"}],"curies":[{"name":"wp","href":"https:\/\/api.w.org\/{rel}","templated":true}]}}