{"id":16300,"date":"2019-08-07T01:00:00","date_gmt":"2021-10-04T20:21:28","guid":{"rendered":"https:\/\/www.goelette.ca\/produit\/a-prendre-ou-a-laisser\/"},"modified":"2022-04-12T09:03:19","modified_gmt":"2022-04-12T13:03:19","slug":"a-prendre-ou-a-laisser","status":"publish","type":"product","link":"https:\/\/goelette.ca\/en\/tous-les-livres\/a-prendre-ou-a-laisser\/","title":{"rendered":"\u00c0 prendre ou \u00e0 laisser"},"content":{"rendered":"<p><span style=\"font-size: 12px;\">Fran\u00e7ois Lambert, personnage m\u00e9diatique incontournable du Qu\u00e9bec, nous offre une nouvelle \u00e9dition de son tout premier livre, mis \u00e0 jour selon ses derniers d\u00e9veloppements et l\u2019\u00e9volution des march\u00e9s.<\/span><br \/>\n<span style=\"font-size: 12px;\">L\u2019ancien dragon revisite cet essai toujours pertinent, dans lequel il prodigue de pr\u00e9cieux conseils pour naviguer avec succ\u00e8s dans le milieu entrepreneurial. Retrouvez le franc-parler de cet homme d\u2019affaires et acc\u00e9dez aux<\/span><br \/>\n<span style=\"font-size: 12px;\">coulisses de son cheminement, depuis la ferme familiale et ses \u00e9tudes universitaires, jusqu\u2019au plateau de Dans l\u2019oeil du dragon et \u00e0 ses investissements des derni\u00e8res ann\u00e9es.<\/span><\/p>\n<p><span style=\"font-size: 12px;\">Quel est le moment id\u00e9al pour se lancer en affaires ? Comment reconna\u00eetre<\/span><br \/>\n<span style=\"font-size: 12px;\">une bonne opportunit\u00e9 ? Autant de r\u00e9ponses que vous trouverez dans cet<\/span><br \/>\n<span style=\"font-size: 12px;\">essai, v\u00e9ritable guide de l\u2019entrepreneur autodidacte.<\/span><\/p>\n","protected":false},"excerpt":{"rendered":"<p>Fran\u00e7ois Lambert, personnage m\u00e9diatique incontournable du Qu\u00e9bec, nous offre une nouvelle \u00e9dition de son tout premier livre, mis \u00e0 jour selon ses derniers d\u00e9veloppements et l\u2019\u00e9volution des march\u00e9s. L\u2019ancien dragon revisite cet essai toujours pertinent, dans lequel il prodigue de pr\u00e9cieux conseils pour naviguer avec succ\u00e8s dans le milieu entrepreneurial. Retrouvez le franc-parler de cet [&hellip;]<\/p>\n","protected":false},"featured_media":16298,"template":"","meta":{"wds_primary_product_brand":0,"wds_primary_product_cat":0,"wds_primary_maison_dedition":0},"product_brand":[],"product_cat":[592,557],"product_tag":[],"maison_dedition":[630],"class_list":{"0":"post-16300","1":"product","2":"type-product","3":"status-publish","4":"has-post-thumbnail","6":"product_cat-croissance-personnelle-pratique","7":"product_cat-pratique","8":"pa_auteur-francois-lambert","9":"maison_dedition-les-editions-goelette","11":"first","12":"instock","13":"taxable","14":"shipping-taxable","15":"purchasable","16":"product-type-variable"},"bundled_by":[],"bundle_stock_status":"instock","bundle_stock_quantity":null,"bundle_virtual":false,"bundle_layout":"","bundle_add_to_cart_form_location":"","bundle_editable_in_cart":false,"bundle_sold_individually_context":"","bundle_item_grouping":"","bundle_min_size":"","bundle_max_size":"","bundle_price":[],"bundled_items":[],"bundle_sell_ids":[],"acf":[],"_links":{"self":[{"href":"https:\/\/goelette.ca\/en\/wp-json\/wp\/v2\/product\/16300","targetHints":{"allow":["GET"]}}],"collection":[{"href":"https:\/\/goelette.ca\/en\/wp-json\/wp\/v2\/product"}],"about":[{"href":"https:\/\/goelette.ca\/en\/wp-json\/wp\/v2\/types\/product"}],"wp:featuredmedia":[{"embeddable":true,"href":"https:\/\/goelette.ca\/en\/wp-json\/wp\/v2\/media\/16298"}],"wp:attachment":[{"href":"https:\/\/goelette.ca\/en\/wp-json\/wp\/v2\/media?parent=16300"}],"wp:term":[{"taxonomy":"product_brand","embeddable":true,"href":"https:\/\/goelette.ca\/en\/wp-json\/wp\/v2\/product_brand?post=16300"},{"taxonomy":"product_cat","embeddable":true,"href":"https:\/\/goelette.ca\/en\/wp-json\/wp\/v2\/product_cat?post=16300"},{"taxonomy":"product_tag","embeddable":true,"href":"https:\/\/goelette.ca\/en\/wp-json\/wp\/v2\/product_tag?post=16300"},{"taxonomy":"maison_dedition","embeddable":true,"href":"https:\/\/goelette.ca\/en\/wp-json\/wp\/v2\/maison_dedition?post=16300"}],"curies":[{"name":"wp","href":"https:\/\/api.w.org\/{rel}","templated":true}]}}