{"id":16294,"date":"2020-02-12T01:00:00","date_gmt":"2021-10-04T20:21:24","guid":{"rendered":"https:\/\/www.goelette.ca\/produit\/depasser-ses-limites-6-recits-daventures\/"},"modified":"2022-02-18T16:18:17","modified_gmt":"2022-02-18T21:18:17","slug":"depasser-ses-limites-6-recits-daventures","status":"publish","type":"product","link":"https:\/\/goelette.ca\/en\/tous-les-livres\/depasser-ses-limites-6-recits-daventures\/","title":{"rendered":"D\u00e9passer ses limites: 6 r\u00e9cits d&#8217;aventures"},"content":{"rendered":"<p style=\"text-align: justify;\">\u00ab On me demande souvent si j\u2019ai peur. Peur de ne pas \u00eatre \u00e0 la hauteur ou peur de ne pas \u00eatre assez bonne. La r\u00e9ponse est sans \u00e9quivoque : oui, j\u2019ai peur. Mais j\u2019apprends \u00e0 mettre mes craintes de c\u00f4t\u00e9 pour d\u00e9passer les limites du corps et de l\u2019esprit, celles qui nous emp\u00eachent d\u2019aller de l\u2019avant, ces barri\u00e8res que nous construisons nous-m\u00eames. C\u2019est ce que je voudrais transmettre en vous racontant six exp\u00e9ditions o\u00f9 j\u2019ai fait face tant au d\u00e9couragement et \u00e0 l\u2019angoisse qu\u2019\u00e0 la beaut\u00e9 incroyable de la nature et \u00e0 la force des rencontres. \u00bb<\/p>\n<p style=\"text-align: justify;\">Caroline C\u00f4t\u00e9 est une exploratrice, cin\u00e9aste d\u2019aventure et ultra-marathonienne qui parcourt la plan\u00e8te dans des conditions extr\u00eames pour nous offrir des documentaires \u00e9poustouflants. Dans cet ouvrage alliant son talent pour l\u2019image \u00e0 sa plume narrative forte et intime, elle nous invite, avec humilit\u00e9 et franchise, \u00e0 lire ses aventures hors norme dans une nature magnifique et parfois hostile, mais aussi \u00e0 nous questionner sur notre propre capacit\u00e9 \u00e0 nous d\u00e9passer.<\/p>\n<p style=\"text-align: justify;\">Montr\u00e9alaise de trente-deux ans, Caroline C\u00f4t\u00e9 a \u00e9tudi\u00e9 en publicit\u00e9 \u00e0 l\u2019Universit\u00e9 de Montr\u00e9al, avant de commencer une carri\u00e8re traditionnelle dans les communications. Toutefois, la soif d\u2019explorer le monde et de se trouver r\u00e9ellement s\u2019est vite fait ressentir. Elle a alors suivi une formation en \u00ab storytelling et film d\u2019aventure \u00bb au Banff Center, en Alberta. Ses documentaires sont d\u00e9sormais pr\u00e9sent\u00e9s dans de nombreux festivals de films internationaux. <\/p>\n","protected":false},"excerpt":{"rendered":"<p>\u00ab On me demande souvent si j\u2019ai peur. Peur de ne pas \u00eatre \u00e0 la hauteur ou peur de ne pas \u00eatre assez bonne. La r\u00e9ponse est sans \u00e9quivoque : oui, j\u2019ai peur. Mais j\u2019apprends \u00e0 mettre mes craintes de c\u00f4t\u00e9 pour d\u00e9passer les limites du corps et de l\u2019esprit, celles qui nous emp\u00eachent d\u2019aller [&hellip;]<\/p>\n","protected":false},"featured_media":16292,"template":"","meta":{"wds_primary_product_brand":0,"wds_primary_product_cat":0,"wds_primary_maison_dedition":0},"product_brand":[],"product_cat":[564,542],"product_tag":[],"maison_dedition":[630],"class_list":{"0":"post-16294","1":"product","2":"type-product","3":"status-publish","4":"has-post-thumbnail","6":"product_cat-recueil-de-nouvelles","7":"product_cat-roman","8":"pa_auteur-caroline-cote","9":"maison_dedition-les-editions-goelette","11":"first","12":"instock","13":"taxable","14":"shipping-taxable","15":"purchasable","16":"product-type-variable"},"bundled_by":[],"bundle_stock_status":"instock","bundle_stock_quantity":null,"bundle_virtual":false,"bundle_layout":"","bundle_add_to_cart_form_location":"","bundle_editable_in_cart":false,"bundle_sold_individually_context":"","bundle_item_grouping":"","bundle_min_size":"","bundle_max_size":"","bundle_price":[],"bundled_items":[],"bundle_sell_ids":[],"acf":[],"_links":{"self":[{"href":"https:\/\/goelette.ca\/en\/wp-json\/wp\/v2\/product\/16294","targetHints":{"allow":["GET"]}}],"collection":[{"href":"https:\/\/goelette.ca\/en\/wp-json\/wp\/v2\/product"}],"about":[{"href":"https:\/\/goelette.ca\/en\/wp-json\/wp\/v2\/types\/product"}],"wp:featuredmedia":[{"embeddable":true,"href":"https:\/\/goelette.ca\/en\/wp-json\/wp\/v2\/media\/16292"}],"wp:attachment":[{"href":"https:\/\/goelette.ca\/en\/wp-json\/wp\/v2\/media?parent=16294"}],"wp:term":[{"taxonomy":"product_brand","embeddable":true,"href":"https:\/\/goelette.ca\/en\/wp-json\/wp\/v2\/product_brand?post=16294"},{"taxonomy":"product_cat","embeddable":true,"href":"https:\/\/goelette.ca\/en\/wp-json\/wp\/v2\/product_cat?post=16294"},{"taxonomy":"product_tag","embeddable":true,"href":"https:\/\/goelette.ca\/en\/wp-json\/wp\/v2\/product_tag?post=16294"},{"taxonomy":"maison_dedition","embeddable":true,"href":"https:\/\/goelette.ca\/en\/wp-json\/wp\/v2\/maison_dedition?post=16294"}],"curies":[{"name":"wp","href":"https:\/\/api.w.org\/{rel}","templated":true}]}}