{"id":161388,"date":"2024-08-21T14:35:08","date_gmt":"2024-08-21T18:35:08","guid":{"rendered":"https:\/\/goelette.ca\/?post_type=product&#038;p=161388"},"modified":"2024-08-29T13:45:51","modified_gmt":"2024-08-29T17:45:51","slug":"ma-tablette-dautocollants-halloween","status":"publish","type":"product","link":"https:\/\/goelette.ca\/en\/tous-les-livres\/ma-tablette-dautocollants-halloween\/","title":{"rendered":"Ma tablette d&#8217;autocollants &#8211; Halloween"},"content":{"rendered":"<p>&nbsp;<\/p>\n<ul>\n<li>80 sc\u00e8nes \u00e0 d\u00e9corer !<\/li>\n<li>Plus de 200 autocollants !<\/li>\n<\/ul>\n","protected":false},"excerpt":{"rendered":"<p>&nbsp; 80 sc\u00e8nes \u00e0 d\u00e9corer ! Plus de 200 autocollants !<\/p>\n","protected":false},"featured_media":167217,"template":"","meta":{"wds_primary_product_brand":0,"wds_primary_product_cat":552,"wds_primary_maison_dedition":0},"product_brand":[],"product_cat":[560,555,551,570,552,625,538,566],"product_tag":[],"maison_dedition":[630],"class_list":{"0":"post-161388","1":"product","2":"type-product","3":"status-publish","4":"has-post-thumbnail","6":"product_cat-3-5-ans","7":"product_cat-6-ans-et-plus","8":"product_cat-activites","9":"product_cat-activites-livres-de-jeux","10":"product_cat-autocollants","11":"product_cat-halloween","12":"product_cat-jeunesse","13":"product_cat-livres-de-jeux","14":"pa_auteur-collectif","15":"maison_dedition-les-editions-goelette","17":"first","18":"instock","19":"taxable","20":"shipping-taxable","21":"purchasable","22":"product-type-variable"},"bundled_by":[],"bundle_stock_status":"instock","bundle_stock_quantity":null,"bundle_virtual":false,"bundle_layout":"","bundle_add_to_cart_form_location":"","bundle_editable_in_cart":false,"bundle_sold_individually_context":"","bundle_item_grouping":"","bundle_min_size":"","bundle_max_size":"","bundle_price":[],"bundled_items":[],"bundle_sell_ids":[],"acf":[],"_links":{"self":[{"href":"https:\/\/goelette.ca\/en\/wp-json\/wp\/v2\/product\/161388","targetHints":{"allow":["GET"]}}],"collection":[{"href":"https:\/\/goelette.ca\/en\/wp-json\/wp\/v2\/product"}],"about":[{"href":"https:\/\/goelette.ca\/en\/wp-json\/wp\/v2\/types\/product"}],"wp:featuredmedia":[{"embeddable":true,"href":"https:\/\/goelette.ca\/en\/wp-json\/wp\/v2\/media\/167217"}],"wp:attachment":[{"href":"https:\/\/goelette.ca\/en\/wp-json\/wp\/v2\/media?parent=161388"}],"wp:term":[{"taxonomy":"product_brand","embeddable":true,"href":"https:\/\/goelette.ca\/en\/wp-json\/wp\/v2\/product_brand?post=161388"},{"taxonomy":"product_cat","embeddable":true,"href":"https:\/\/goelette.ca\/en\/wp-json\/wp\/v2\/product_cat?post=161388"},{"taxonomy":"product_tag","embeddable":true,"href":"https:\/\/goelette.ca\/en\/wp-json\/wp\/v2\/product_tag?post=161388"},{"taxonomy":"maison_dedition","embeddable":true,"href":"https:\/\/goelette.ca\/en\/wp-json\/wp\/v2\/maison_dedition?post=161388"}],"curies":[{"name":"wp","href":"https:\/\/api.w.org\/{rel}","templated":true}]}}