{"id":16051,"date":"2019-10-30T01:00:00","date_gmt":"2021-10-04T20:16:54","guid":{"rendered":"https:\/\/www.goelette.ca\/produit\/voyage-101\/"},"modified":"2022-02-18T16:17:57","modified_gmt":"2022-02-18T21:17:57","slug":"voyage-101","status":"publish","type":"product","link":"https:\/\/goelette.ca\/en\/tous-les-livres\/voyage-101\/","title":{"rendered":"Voyage 101"},"content":{"rendered":"<p><span style=\"font-size: 14px;\">V\u00e9ritable coffre aux tr\u00e9sors, il renferme une foule de conseils, <\/span><span style=\"font-size: 14px;\">d\u2019outils essentiels et de pistes de r\u00e9flexion pour pr\u00e9parer <\/span><span style=\"font-size: 14px;\">notre prochain voyage \u00e0 l\u2019\u00e9tranger par nous-m\u00eames, sans <\/span><span style=\"font-size: 14px;\">rien oublier. Quelle que soit notre destination, <\/span><span style=\"font-size: 14px; color: #ff0000;\">Lydiane autour <\/span><span style=\"font-size: 14px;\"><span style=\"color: #ff0000;\">du monde<\/span>, aventuri\u00e8re-entrepreneure, nous guide, \u00e9tape par <\/span><span style=\"font-size: 14px;\">\u00e9tape, dans la r\u00e9alisation de notre projet. Elle en profite pour <\/span><span style=\"font-size: 14px;\">nous faire b\u00e9n\u00e9ficier de son exp\u00e9rience \u00e0 travers plusieurs<\/span><br \/><span style=\"font-size: 14px;\">anecdotes savoureuses et pertinentes. Que nous soyons <\/span><span style=\"font-size: 14px;\">habitu\u00e9s de partir \u00e0 la d\u00e9couverte du monde ou sur le point de <\/span><span style=\"font-size: 14px;\">prendre l\u2019avion pour la premi\u00e8re fois, ce livre est pour nous !<\/span><\/p>\n","protected":false},"excerpt":{"rendered":"<p>V\u00e9ritable coffre aux tr\u00e9sors, il renferme une foule de conseils, d\u2019outils essentiels et de pistes de r\u00e9flexion pour pr\u00e9parer notre prochain voyage \u00e0 l\u2019\u00e9tranger par nous-m\u00eames, sans rien oublier. Quelle que soit notre destination, Lydiane autour du monde, aventuri\u00e8re-entrepreneure, nous guide, \u00e9tape par \u00e9tape, dans la r\u00e9alisation de notre projet. Elle en profite pour nous [&hellip;]<\/p>\n","protected":false},"featured_media":16049,"template":"","meta":{"wds_primary_product_brand":0,"wds_primary_product_cat":0,"wds_primary_maison_dedition":0},"product_brand":[],"product_cat":[557,598],"product_tag":[],"maison_dedition":[630],"class_list":{"0":"post-16051","1":"product","2":"type-product","3":"status-publish","4":"has-post-thumbnail","6":"product_cat-pratique","7":"product_cat-voyage","8":"pa_auteur-lydiane-et-leonie-st-onge","9":"maison_dedition-les-editions-goelette","11":"first","12":"instock","13":"taxable","14":"shipping-taxable","15":"purchasable","16":"product-type-variable"},"bundled_by":[],"bundle_stock_status":"instock","bundle_stock_quantity":null,"bundle_virtual":false,"bundle_layout":"","bundle_add_to_cart_form_location":"","bundle_editable_in_cart":false,"bundle_sold_individually_context":"","bundle_item_grouping":"","bundle_min_size":"","bundle_max_size":"","bundle_price":[],"bundled_items":[],"bundle_sell_ids":[],"acf":[],"_links":{"self":[{"href":"https:\/\/goelette.ca\/en\/wp-json\/wp\/v2\/product\/16051","targetHints":{"allow":["GET"]}}],"collection":[{"href":"https:\/\/goelette.ca\/en\/wp-json\/wp\/v2\/product"}],"about":[{"href":"https:\/\/goelette.ca\/en\/wp-json\/wp\/v2\/types\/product"}],"wp:featuredmedia":[{"embeddable":true,"href":"https:\/\/goelette.ca\/en\/wp-json\/wp\/v2\/media\/16049"}],"wp:attachment":[{"href":"https:\/\/goelette.ca\/en\/wp-json\/wp\/v2\/media?parent=16051"}],"wp:term":[{"taxonomy":"product_brand","embeddable":true,"href":"https:\/\/goelette.ca\/en\/wp-json\/wp\/v2\/product_brand?post=16051"},{"taxonomy":"product_cat","embeddable":true,"href":"https:\/\/goelette.ca\/en\/wp-json\/wp\/v2\/product_cat?post=16051"},{"taxonomy":"product_tag","embeddable":true,"href":"https:\/\/goelette.ca\/en\/wp-json\/wp\/v2\/product_tag?post=16051"},{"taxonomy":"maison_dedition","embeddable":true,"href":"https:\/\/goelette.ca\/en\/wp-json\/wp\/v2\/maison_dedition?post=16051"}],"curies":[{"name":"wp","href":"https:\/\/api.w.org\/{rel}","templated":true}]}}