{"id":16036,"date":"2022-02-17T00:00:00","date_gmt":"2022-02-17T05:00:00","guid":{"rendered":"https:\/\/www.goelette.ca\/produit\/tout-pour-elles\/"},"modified":"2023-10-23T14:44:50","modified_gmt":"2023-10-23T18:44:50","slug":"tout-pour-elles","status":"publish","type":"product","link":"https:\/\/goelette.ca\/en\/tous-les-livres\/tout-pour-elles\/","title":{"rendered":"Tout pour elles"},"content":{"rendered":"<p>&nbsp;<\/p>\n<p><span style=\"font-size: 12px;\">Isabelle, une jeune femme ayant tremp\u00e9 dans la mafia russe de Montr\u00e9al, s\u2019est r\u00e9fugi\u00e9e quelques ann\u00e9es plus t\u00f4t sur l\u2019\u00eele de Skye, en \u00c9cosse. Avec de l\u2019aide, elle obtient enfin la garde de sa fille qu\u2019elle avait \u00e9t\u00e9 forc\u00e9e d\u2019abandonner \u00e0 la naissance. Tenaill\u00e9e par la culpabilit\u00e9, la col\u00e8re et la peur, elle cherche d\u00e9sormais \u00e0 tisser des liens avec sa petite Maya, tout en souhaitant que son pass\u00e9 ne la rattrape jamais. Autrefois sous l\u2019emprise d\u2019un amant violent, Isabelle cultive une grande m\u00e9fiance envers les hommes jusqu\u2019\u00e0 ce que le s\u00e9duisant Sven se place par hasard sur sa route. Sous ses apparences de brute, le g\u00e9ant islandais est des plus attentionn\u00e9s et Isabelle se surprend \u00e0 lui ouvrir son coeur, malgr\u00e9 ses craintes. Ce qu\u2019elle ignore, c\u2019est que Sven est en mission command\u00e9e par la mafia. Troubl\u00e9 par l\u2019amour qu\u2019il ressent pour elle, laissera-t-il ses sentiments triompher de ses engagements ?<br \/>\nCamp\u00e9 dans le pittoresque univers \u00e9cossais, Tout pour elles nous livre les tourments de deux \u00eatres attir\u00e9s l\u2019un vers l\u2019autre malgr\u00e9 les marques du pass\u00e9. Ce roman sign\u00e9 Chantal Bissonnette explore la courageuse renaissance d\u2019une m\u00e8re pr\u00eate \u00e0 tout pour le bonheur de sa fille et d\u2019un homme pr\u00eat \u00e0 tout\u2026 pour elles ! Chantal Bissonnette est une passionn\u00e9e de lecture depuis toujours, mais jamais elle n\u2019avait pens\u00e9 \u00e9crire un jour son propre livre, jusqu\u2019\u00e0 ce qu\u2019une grande \u00e9preuve, un cancer du sein, lui fasse voir la vie autrement et la pousse \u00e0 r\u00e9aliser son r\u00eave et \u00e0 publier son premier roman en 2016. Gu\u00e9rie aujourd\u2019hui, elle est maintenant atteinte d\u2019une maladie bien diff\u00e9rente : la fi\u00e8vre de l\u2019\u00e9criture.<\/span><\/p>\n","protected":false},"excerpt":{"rendered":"<p>&nbsp; Isabelle, une jeune femme ayant tremp\u00e9 dans la mafia russe de Montr\u00e9al, s\u2019est r\u00e9fugi\u00e9e quelques ann\u00e9es plus t\u00f4t sur l\u2019\u00eele de Skye, en \u00c9cosse. Avec de l\u2019aide, elle obtient enfin la garde de sa fille qu\u2019elle avait \u00e9t\u00e9 forc\u00e9e d\u2019abandonner \u00e0 la naissance. Tenaill\u00e9e par la culpabilit\u00e9, la col\u00e8re et la peur, elle cherche [&hellip;]<\/p>\n","protected":false},"featured_media":26030,"template":"","meta":{"wds_primary_product_brand":0,"wds_primary_product_cat":0,"wds_primary_maison_dedition":0},"product_brand":[],"product_cat":[542,585],"product_tag":[],"maison_dedition":[541],"class_list":{"0":"post-16036","1":"product","2":"type-product","3":"status-publish","4":"has-post-thumbnail","6":"product_cat-roman","7":"product_cat-romance","8":"pa_auteur-chantal-bissonnette","9":"maison_dedition-les-editions-coup-doeil","11":"first","12":"instock","13":"taxable","14":"shipping-taxable","15":"purchasable","16":"product-type-variable"},"bundled_by":[],"bundle_stock_status":"instock","bundle_stock_quantity":null,"bundle_virtual":false,"bundle_layout":"","bundle_add_to_cart_form_location":"","bundle_editable_in_cart":false,"bundle_sold_individually_context":"","bundle_item_grouping":"","bundle_min_size":"","bundle_max_size":"","bundle_price":[],"bundled_items":[],"bundle_sell_ids":[],"acf":[],"_links":{"self":[{"href":"https:\/\/goelette.ca\/en\/wp-json\/wp\/v2\/product\/16036","targetHints":{"allow":["GET"]}}],"collection":[{"href":"https:\/\/goelette.ca\/en\/wp-json\/wp\/v2\/product"}],"about":[{"href":"https:\/\/goelette.ca\/en\/wp-json\/wp\/v2\/types\/product"}],"wp:featuredmedia":[{"embeddable":true,"href":"https:\/\/goelette.ca\/en\/wp-json\/wp\/v2\/media\/26030"}],"wp:attachment":[{"href":"https:\/\/goelette.ca\/en\/wp-json\/wp\/v2\/media?parent=16036"}],"wp:term":[{"taxonomy":"product_brand","embeddable":true,"href":"https:\/\/goelette.ca\/en\/wp-json\/wp\/v2\/product_brand?post=16036"},{"taxonomy":"product_cat","embeddable":true,"href":"https:\/\/goelette.ca\/en\/wp-json\/wp\/v2\/product_cat?post=16036"},{"taxonomy":"product_tag","embeddable":true,"href":"https:\/\/goelette.ca\/en\/wp-json\/wp\/v2\/product_tag?post=16036"},{"taxonomy":"maison_dedition","embeddable":true,"href":"https:\/\/goelette.ca\/en\/wp-json\/wp\/v2\/maison_dedition?post=16036"}],"curies":[{"name":"wp","href":"https:\/\/api.w.org\/{rel}","templated":true}]}}