{"id":159865,"date":"2024-08-29T00:01:22","date_gmt":"2024-08-29T04:01:22","guid":{"rendered":"https:\/\/goelette.ca\/?post_type=product&#038;p=159865"},"modified":"2024-08-27T15:11:39","modified_gmt":"2024-08-27T19:11:39","slug":"ma-tablette-de-coloriages-halloween","status":"publish","type":"product","link":"https:\/\/goelette.ca\/en\/tous-les-livres\/ma-tablette-de-coloriages-halloween\/","title":{"rendered":"Ma tablette de coloriages &#8211; Halloween"},"content":{"rendered":"<p>As-tu trop peur pour colorier ? Des coloriages, des points en points et des coloriages par num\u00e9ros t\u2019attendent dans les pages de ce livre.<\/p>\n<p>Ces activit\u00e9s offrent \u00e0 votre enfant l\u2019occasion de d\u00e9velopper sa motricit\u00e9 fine et sa cr\u00e9ativit\u00e9 tout en s\u2019amusant.<\/p>\n<p>&nbsp;<\/p>\n","protected":false},"excerpt":{"rendered":"<p>As-tu trop peur pour colorier ? Des coloriages, des points en points et des coloriages par num\u00e9ros t\u2019attendent dans les pages de ce livre. Ces activit\u00e9s offrent \u00e0 votre enfant l\u2019occasion de d\u00e9velopper sa motricit\u00e9 fine et sa cr\u00e9ativit\u00e9 tout en s\u2019amusant. &nbsp;<\/p>\n","protected":false},"featured_media":159873,"template":"","meta":{"wds_primary_product_brand":0,"wds_primary_product_cat":0,"wds_primary_maison_dedition":0},"product_brand":[],"product_cat":[560,555,551,590,606,625,538,617],"product_tag":[],"maison_dedition":[630],"class_list":{"0":"post-159865","1":"product","2":"type-product","3":"status-publish","4":"has-post-thumbnail","6":"product_cat-3-5-ans","7":"product_cat-6-ans-et-plus","8":"product_cat-activites","9":"product_cat-coloriage-jeunesse","10":"product_cat-coloriage-par-numeros","11":"product_cat-halloween","12":"product_cat-jeunesse","13":"product_cat-points-a-relier-jeunesse","14":"pa_auteur-collectif","15":"maison_dedition-les-editions-goelette","17":"first","18":"instock","19":"taxable","20":"shipping-taxable","21":"purchasable","22":"product-type-variable"},"bundled_by":[],"bundle_stock_status":"instock","bundle_stock_quantity":null,"bundle_virtual":false,"bundle_layout":"","bundle_add_to_cart_form_location":"","bundle_editable_in_cart":false,"bundle_sold_individually_context":"","bundle_item_grouping":"","bundle_min_size":"","bundle_max_size":"","bundle_price":[],"bundled_items":[],"bundle_sell_ids":[],"acf":[],"_links":{"self":[{"href":"https:\/\/goelette.ca\/en\/wp-json\/wp\/v2\/product\/159865","targetHints":{"allow":["GET"]}}],"collection":[{"href":"https:\/\/goelette.ca\/en\/wp-json\/wp\/v2\/product"}],"about":[{"href":"https:\/\/goelette.ca\/en\/wp-json\/wp\/v2\/types\/product"}],"wp:featuredmedia":[{"embeddable":true,"href":"https:\/\/goelette.ca\/en\/wp-json\/wp\/v2\/media\/159873"}],"wp:attachment":[{"href":"https:\/\/goelette.ca\/en\/wp-json\/wp\/v2\/media?parent=159865"}],"wp:term":[{"taxonomy":"product_brand","embeddable":true,"href":"https:\/\/goelette.ca\/en\/wp-json\/wp\/v2\/product_brand?post=159865"},{"taxonomy":"product_cat","embeddable":true,"href":"https:\/\/goelette.ca\/en\/wp-json\/wp\/v2\/product_cat?post=159865"},{"taxonomy":"product_tag","embeddable":true,"href":"https:\/\/goelette.ca\/en\/wp-json\/wp\/v2\/product_tag?post=159865"},{"taxonomy":"maison_dedition","embeddable":true,"href":"https:\/\/goelette.ca\/en\/wp-json\/wp\/v2\/maison_dedition?post=159865"}],"curies":[{"name":"wp","href":"https:\/\/api.w.org\/{rel}","templated":true}]}}