{"id":158184,"date":"2024-08-15T00:01:15","date_gmt":"2024-08-15T04:01:15","guid":{"rendered":"https:\/\/goelette.ca\/?post_type=product&#038;p=158184"},"modified":"2024-08-27T13:55:46","modified_gmt":"2024-08-27T17:55:46","slug":"les-mysteres-dolivia-le-casier-hante","status":"publish","type":"product","link":"https:\/\/goelette.ca\/en\/tous-les-livres\/les-mysteres-dolivia-le-casier-hante\/","title":{"rendered":"Les myst\u00e8res d&#8217;Olivia &#8211; Le casier hant\u00e9"},"content":{"rendered":"<p>Le casier de Jax est hant\u00e9. Du moins, c\u2019est ce que raconte le jeune gar\u00e7on qui a \u00e9t\u00e9 t\u00e9moin d\u2019\u00e9tranges \u00e9v\u00e9nements.<\/p>\n<p>Des bruits horribles y r\u00e9sonnent et s\u00e8ment la terreur dans la classe des Doux Pandas Roux.\u00a0Personne n\u2019ose s\u2019en approcher !<\/p>\n<p>Par le pass\u00e9, un \u00e9l\u00e8ve assign\u00e9 \u00e0 ce casier serait m\u00eame disparu !<\/p>\n<p>Ne reculant devant rien, Olivia, passionn\u00e9e par les aventures de son h\u00e9ro\u00efne pr\u00e9f\u00e9r\u00e9e, D\u00e9tective Endive, d\u00e9cide de mener sa petite enqu\u00eate.<\/p>\n<p><em>Arrivera-t-elle \u00e0 \u00e9lucider le myst\u00e8re du casier hant\u00e9 ?<\/em><\/p>\n","protected":false},"excerpt":{"rendered":"<p>Le casier de Jax est hant\u00e9. Du moins, c\u2019est ce que raconte le jeune gar\u00e7on qui a \u00e9t\u00e9 t\u00e9moin d\u2019\u00e9tranges \u00e9v\u00e9nements. Des bruits horribles y r\u00e9sonnent et s\u00e8ment la terreur dans la classe des Doux Pandas Roux.\u00a0Personne n\u2019ose s\u2019en approcher ! Par le pass\u00e9, un \u00e9l\u00e8ve assign\u00e9 \u00e0 ce casier serait m\u00eame disparu ! Ne [&hellip;]<\/p>\n","protected":false},"featured_media":158187,"template":"","meta":{"wds_primary_product_brand":0,"wds_primary_product_cat":0,"wds_primary_maison_dedition":0},"product_brand":[],"product_cat":[555,578,538],"product_tag":[],"maison_dedition":[630],"class_list":{"0":"post-158184","1":"product","2":"type-product","3":"status-publish","4":"has-post-thumbnail","6":"product_cat-6-ans-et-plus","7":"product_cat-albums-illustres","8":"product_cat-jeunesse","9":"pa_auteur-jean-philippe-morasse","10":"maison_dedition-les-editions-goelette","12":"first","13":"instock","14":"taxable","15":"shipping-taxable","16":"purchasable","17":"product-type-variable"},"bundled_by":[],"bundle_stock_status":"instock","bundle_stock_quantity":null,"bundle_virtual":false,"bundle_layout":"","bundle_add_to_cart_form_location":"","bundle_editable_in_cart":false,"bundle_sold_individually_context":"","bundle_item_grouping":"","bundle_min_size":"","bundle_max_size":"","bundle_price":[],"bundled_items":[],"bundle_sell_ids":[],"acf":[],"_links":{"self":[{"href":"https:\/\/goelette.ca\/en\/wp-json\/wp\/v2\/product\/158184","targetHints":{"allow":["GET"]}}],"collection":[{"href":"https:\/\/goelette.ca\/en\/wp-json\/wp\/v2\/product"}],"about":[{"href":"https:\/\/goelette.ca\/en\/wp-json\/wp\/v2\/types\/product"}],"wp:featuredmedia":[{"embeddable":true,"href":"https:\/\/goelette.ca\/en\/wp-json\/wp\/v2\/media\/158187"}],"wp:attachment":[{"href":"https:\/\/goelette.ca\/en\/wp-json\/wp\/v2\/media?parent=158184"}],"wp:term":[{"taxonomy":"product_brand","embeddable":true,"href":"https:\/\/goelette.ca\/en\/wp-json\/wp\/v2\/product_brand?post=158184"},{"taxonomy":"product_cat","embeddable":true,"href":"https:\/\/goelette.ca\/en\/wp-json\/wp\/v2\/product_cat?post=158184"},{"taxonomy":"product_tag","embeddable":true,"href":"https:\/\/goelette.ca\/en\/wp-json\/wp\/v2\/product_tag?post=158184"},{"taxonomy":"maison_dedition","embeddable":true,"href":"https:\/\/goelette.ca\/en\/wp-json\/wp\/v2\/maison_dedition?post=158184"}],"curies":[{"name":"wp","href":"https:\/\/api.w.org\/{rel}","templated":true}]}}