{"id":158174,"date":"2024-08-15T00:01:12","date_gmt":"2024-08-15T04:01:12","guid":{"rendered":"https:\/\/goelette.ca\/?post_type=product&#038;p=158174"},"modified":"2024-08-27T13:56:43","modified_gmt":"2024-08-27T17:56:43","slug":"les-mysteres-dolivia-les-collations-disparues","status":"publish","type":"product","link":"https:\/\/goelette.ca\/en\/tous-les-livres\/les-mysteres-dolivia-les-collations-disparues\/","title":{"rendered":"Les myst\u00e8res d&#8217;Olivia &#8211; Les collations disparues"},"content":{"rendered":"<p>La pomme qui \u00e9tait sur le bureau de Tommy a myst\u00e9rieusement disparu pendant la r\u00e9cr\u00e9ation. Le jus d\u2019orange et les b\u00e2tonnets de fromage de Farima se sont aussi volatilis\u00e9s.<\/p>\n<p>Lorsque la cuisini\u00e8re de la caf\u00e9t\u00e9ria, Madame Soupaulait, affirme que les muffins au chocolat ont subi le m\u00eame sort, c\u2019est trop !<\/p>\n<p>L\u2019\u00e9cole est-elle infest\u00e9e de rats ? Ou pire, prise d\u2019assaut par de vilains voleurs voraces ? Que se passe-t-il lorsque les \u00e9l\u00e8ves ont le dos tourn\u00e9 ?<\/p>\n<p>Ces \u00e9tranges \u00e9v\u00e9nements intriguent Olivia. Inspir\u00e9e par les aventures de son h\u00e9ro\u00efne pr\u00e9f\u00e9r\u00e9e, D\u00e9tective Endive, elle jouera les d\u00e9tectives afin d\u2019\u00e9lucider le myst\u00e8re des collations disparues.<\/p>\n<p><em>Arrivera-t-elle \u00e0 trouver le coupable ?<\/em><\/p>\n","protected":false},"excerpt":{"rendered":"<p>La pomme qui \u00e9tait sur le bureau de Tommy a myst\u00e9rieusement disparu pendant la r\u00e9cr\u00e9ation. Le jus d\u2019orange et les b\u00e2tonnets de fromage de Farima se sont aussi volatilis\u00e9s. Lorsque la cuisini\u00e8re de la caf\u00e9t\u00e9ria, Madame Soupaulait, affirme que les muffins au chocolat ont subi le m\u00eame sort, c\u2019est trop ! L\u2019\u00e9cole est-elle infest\u00e9e de [&hellip;]<\/p>\n","protected":false},"featured_media":158182,"template":"","meta":{"wds_primary_product_brand":0,"wds_primary_product_cat":0,"wds_primary_maison_dedition":0},"product_brand":[],"product_cat":[555,578,538],"product_tag":[],"maison_dedition":[630],"class_list":{"0":"post-158174","1":"product","2":"type-product","3":"status-publish","4":"has-post-thumbnail","6":"product_cat-6-ans-et-plus","7":"product_cat-albums-illustres","8":"product_cat-jeunesse","9":"pa_auteur-jean-philippe-morasse","10":"maison_dedition-les-editions-goelette","12":"first","13":"instock","14":"taxable","15":"shipping-taxable","16":"purchasable","17":"product-type-variable"},"bundled_by":[],"bundle_stock_status":"instock","bundle_stock_quantity":null,"bundle_virtual":false,"bundle_layout":"","bundle_add_to_cart_form_location":"","bundle_editable_in_cart":false,"bundle_sold_individually_context":"","bundle_item_grouping":"","bundle_min_size":"","bundle_max_size":"","bundle_price":[],"bundled_items":[],"bundle_sell_ids":[],"acf":[],"_links":{"self":[{"href":"https:\/\/goelette.ca\/en\/wp-json\/wp\/v2\/product\/158174","targetHints":{"allow":["GET"]}}],"collection":[{"href":"https:\/\/goelette.ca\/en\/wp-json\/wp\/v2\/product"}],"about":[{"href":"https:\/\/goelette.ca\/en\/wp-json\/wp\/v2\/types\/product"}],"wp:featuredmedia":[{"embeddable":true,"href":"https:\/\/goelette.ca\/en\/wp-json\/wp\/v2\/media\/158182"}],"wp:attachment":[{"href":"https:\/\/goelette.ca\/en\/wp-json\/wp\/v2\/media?parent=158174"}],"wp:term":[{"taxonomy":"product_brand","embeddable":true,"href":"https:\/\/goelette.ca\/en\/wp-json\/wp\/v2\/product_brand?post=158174"},{"taxonomy":"product_cat","embeddable":true,"href":"https:\/\/goelette.ca\/en\/wp-json\/wp\/v2\/product_cat?post=158174"},{"taxonomy":"product_tag","embeddable":true,"href":"https:\/\/goelette.ca\/en\/wp-json\/wp\/v2\/product_tag?post=158174"},{"taxonomy":"maison_dedition","embeddable":true,"href":"https:\/\/goelette.ca\/en\/wp-json\/wp\/v2\/maison_dedition?post=158174"}],"curies":[{"name":"wp","href":"https:\/\/api.w.org\/{rel}","templated":true}]}}