{"id":15796,"date":"2017-01-06T01:00:00","date_gmt":"2021-10-04T20:12:29","guid":{"rendered":"https:\/\/www.goelette.ca\/produit\/juree-n9\/"},"modified":"2022-02-18T16:19:44","modified_gmt":"2022-02-18T21:19:44","slug":"juree-n9","status":"publish","type":"product","link":"https:\/\/goelette.ca\/en\/tous-les-livres\/juree-n9\/","title":{"rendered":"Jur\u00e9e n\u00b09"},"content":{"rendered":"<p><span style=\"font-size: 14px;\"><strong>Une deuxi\u00e8me enqu\u00eate !<\/strong><\/span><\/p>\n<p style=\"text-align: center;\"><span style=\"font-size: 14px;\">La ma\u00eetresse d\u2019un avocat est assassin\u00e9e.<\/span><\/p>\n<p style=\"text-align: center;\"><span style=\"font-size: 14px;\">Ce m\u00eame avocat re\u00e7oit des menaces r\u00e9p\u00e9t\u00e9es.<\/span><\/p>\n<p style=\"text-align: center;\"><span style=\"font-size: 14px;\">L\u2019\u00e9pouse, soup\u00e7onn\u00e9e, souffre d\u2019amn\u00e9sie.<\/span><\/p>\n<p style=\"text-align: center;\"><span style=\"font-size: 14px;\">Une femme perturb\u00e9e r\u00eave de vengeance.<\/span><\/p>\n<p style=\"text-align: center;\"><span style=\"font-size: 14px;\">Un homme en vue joue double jeu.<\/span><\/p>\n<p style=\"text-align: center;\"><span style=\"font-size: 14px;\">Un autre est obs\u00e9d\u00e9 par une femme.<\/span><\/p>\n<p style=\"text-align: center;\"><span style=\"font-size: 14px;\">Une des jur\u00e9s use d\u2019influence au proc\u00e8s.<strong> <\/strong><\/span><\/p>\n<p style=\"text-align: center;\"><span style=\"font-size: 14px;\"><strong>La lieutenante-d\u00e9tective a du pain sur la planche.<\/strong><\/span><\/p>\n<p><span style=\"font-size: 14px;\"><strong> <\/strong><\/span><\/p>\n<p style=\"text-align: center;\"><span style=\"font-size: 14px;\"><strong>***<\/strong><\/span><\/p>\n<p><span style=\"font-size: 14px;\"><strong> <\/strong>\u00c0 peine remise de sa derni\u00e8re enqu\u00eate, est aux prises avec un nouveau meurtre. Carmen Lopez, assistante \u00e0 la galerie d\u2019art <em>On aura tout vu !<\/em> est retrouv\u00e9e sans vie dans son salon. Tr\u00e8s vite, l\u2019affaire tourne au triangle amoureux impliquant un illustre avocat et son \u00e9pouse. Mais alors que tous les indices m\u00e8nent vers une seule personne et que le proc\u00e8s se met en branle, les doutes refont surface, point\u00e9s par une troublante jur\u00e9e.<\/span><\/p>\n<p><span style=\"font-size: 14px;\">Avec ce deuxi\u00e8me ouvrage, Claire Cooke pr\u00e9sente un polar qui nous emporte dans les m\u00e9andres de la pens\u00e9e f\u00e9minine ainsi que dans des joutes de pouvoir et de manipulation \u00e0 couper le souffle ! Un suspense aux multiples rebondissements, qui saura s\u00e9duire tous les amateurs du style.<\/span><\/p>\n<p><span style=\"font-size: 14px;\">Amoureuse des mots et amatrice de mots crois\u00e9s, Claire Cooke a \u00e9t\u00e9 appel\u00e9e \u00e0 l\u2019\u00e9criture par le genre policier. En 2015, elle a publi\u00e9 son premier roman, <em>Le cruciverbist<\/em>e, camp\u00e9 dans le domaine immobilier, o\u00f9 elle a fait carri\u00e8re pendant plus de 25 ans. Avec <em>Jur\u00e9e n<sup>o <\/sup>9<\/em>, elle exploite avec brio un autre milieu professionnel o\u00f9 elle a travaill\u00e9 : la justice.<\/span><\/p>\n<p><span style=\"font-size: 14px;\"> <\/span><\/p><\/p>\n","protected":false},"excerpt":{"rendered":"<p>Une deuxi\u00e8me enqu\u00eate ! La ma\u00eetresse d\u2019un avocat est assassin\u00e9e. Ce m\u00eame avocat re\u00e7oit des menaces r\u00e9p\u00e9t\u00e9es. L\u2019\u00e9pouse, soup\u00e7onn\u00e9e, souffre d\u2019amn\u00e9sie. Une femme perturb\u00e9e r\u00eave de vengeance. Un homme en vue joue double jeu. Un autre est obs\u00e9d\u00e9 par une femme. Une des jur\u00e9s use d\u2019influence au proc\u00e8s. La lieutenante-d\u00e9tective a du pain sur la [&hellip;]<\/p>\n","protected":false},"featured_media":15794,"template":"","meta":{"wds_primary_product_brand":0,"wds_primary_product_cat":0,"wds_primary_maison_dedition":0},"product_brand":[],"product_cat":[546,542],"product_tag":[],"maison_dedition":[630],"class_list":{"0":"post-15796","1":"product","2":"type-product","3":"status-publish","4":"has-post-thumbnail","6":"product_cat-policier-thriller","7":"product_cat-roman","8":"pa_auteur-claire-cooke","9":"maison_dedition-les-editions-goelette","11":"first","12":"instock","13":"taxable","14":"shipping-taxable","15":"purchasable","16":"product-type-variable"},"bundled_by":[],"bundle_stock_status":"instock","bundle_stock_quantity":null,"bundle_virtual":false,"bundle_layout":"","bundle_add_to_cart_form_location":"","bundle_editable_in_cart":false,"bundle_sold_individually_context":"","bundle_item_grouping":"","bundle_min_size":"","bundle_max_size":"","bundle_price":[],"bundled_items":[],"bundle_sell_ids":[],"acf":[],"_links":{"self":[{"href":"https:\/\/goelette.ca\/en\/wp-json\/wp\/v2\/product\/15796","targetHints":{"allow":["GET"]}}],"collection":[{"href":"https:\/\/goelette.ca\/en\/wp-json\/wp\/v2\/product"}],"about":[{"href":"https:\/\/goelette.ca\/en\/wp-json\/wp\/v2\/types\/product"}],"wp:featuredmedia":[{"embeddable":true,"href":"https:\/\/goelette.ca\/en\/wp-json\/wp\/v2\/media\/15794"}],"wp:attachment":[{"href":"https:\/\/goelette.ca\/en\/wp-json\/wp\/v2\/media?parent=15796"}],"wp:term":[{"taxonomy":"product_brand","embeddable":true,"href":"https:\/\/goelette.ca\/en\/wp-json\/wp\/v2\/product_brand?post=15796"},{"taxonomy":"product_cat","embeddable":true,"href":"https:\/\/goelette.ca\/en\/wp-json\/wp\/v2\/product_cat?post=15796"},{"taxonomy":"product_tag","embeddable":true,"href":"https:\/\/goelette.ca\/en\/wp-json\/wp\/v2\/product_tag?post=15796"},{"taxonomy":"maison_dedition","embeddable":true,"href":"https:\/\/goelette.ca\/en\/wp-json\/wp\/v2\/maison_dedition?post=15796"}],"curies":[{"name":"wp","href":"https:\/\/api.w.org\/{rel}","templated":true}]}}