{"id":15679,"date":"2022-02-17T00:00:00","date_gmt":"2022-02-17T05:00:00","guid":{"rendered":"https:\/\/www.goelette.ca\/produit\/les-pierres-bleues\/"},"modified":"2023-10-23T14:43:33","modified_gmt":"2023-10-23T18:43:33","slug":"les-pierres-bleues","status":"publish","type":"product","link":"https:\/\/goelette.ca\/en\/tous-les-livres\/les-pierres-bleues\/","title":{"rendered":"Les pierres bleues"},"content":{"rendered":"<p>&nbsp;<\/p>\n<p>Par une journ\u00e9e d\u2019\u00e9t\u00e9, Jenny et Morris, deux enfants unis par un amour<br \/>\nnaissant, se font une promesse scell\u00e9e par deux pierres bleues. Le m\u00eame jour,<br \/>\nMorris est brutalement arrach\u00e9 \u00e0 Jenny, qui croit l\u2019avoir perdu \u00e0 tout jamais.<br \/>\nVingt ans plus tard, devenue une brillante avocate, Jenny voit atterrir sur<br \/>\nson bureau un appel \u00e0 l\u2019aide en provenance d\u2019\u00c9cosse et\u2026 une pierre bleue !<br \/>\nElle se rappelle ce qu\u2019elle avait promis et quitte Montr\u00e9al pour s\u2019envoler \u00e0<br \/>\nla rescousse de son vieil ami. Jenny d\u00e9chante toutefois en constatant que<br \/>\nce n\u2019est pas le gar\u00e7on de ses souvenirs qui l\u2019attend, mais un homme froid<br \/>\net distant, affubl\u00e9 de relations douteuses et dissimulant son lot de secrets<br \/>\ndangereux. Parviendra-t-elle \u00e0 renouer les liens ab\u00eem\u00e9s par le temps et \u00e0<br \/>\nretrouver les sentiments qu\u2019elle a longtemps gard\u00e9s enfouis ?<br \/>\nLes pierres bleues nous fait voyager vers les r\u00e9gions enchanteresses de<br \/>\nl\u2019\u00c9cosse, o\u00f9 deux amis d\u2019enfance sont r\u00e9unis par la force du destin. Sous la<br \/>\nplume envo\u00fbtante de Chantal Bissonnette, on se laisse porter par ce r\u00e9cit<br \/>\ndes plus touchants, l\u2019histoire d\u2019une jeune femme dont le coeur oscille entre<br \/>\nle d\u00e9sir, le ressentiment et l\u2019espoir.<br \/>\nChantal Bissonnette est une passionn\u00e9e de lecture depuis toujours, mais jamais<br \/>\nelle n\u2019avait pens\u00e9 \u00e9crire un jour son propre livre, jusqu\u2019\u00e0 ce qu\u2019une grande \u00e9preuve,<br \/>\nun cancer du sein, lui fasse voir la vie autrement et la pousse \u00e0 r\u00e9aliser son r\u00eave<br \/>\net \u00e0 publier son premier roman en 2016. Gu\u00e9rie aujourd\u2019hui, elle est maintenant<br \/>\natteinte d\u2019une maladie bien diff\u00e9rente : la fi\u00e8vre de l\u2019\u00e9criture.<\/p>\n","protected":false},"excerpt":{"rendered":"<p>&nbsp; Par une journ\u00e9e d\u2019\u00e9t\u00e9, Jenny et Morris, deux enfants unis par un amour naissant, se font une promesse scell\u00e9e par deux pierres bleues. Le m\u00eame jour, Morris est brutalement arrach\u00e9 \u00e0 Jenny, qui croit l\u2019avoir perdu \u00e0 tout jamais. Vingt ans plus tard, devenue une brillante avocate, Jenny voit atterrir sur son bureau un [&hellip;]<\/p>\n","protected":false},"featured_media":26024,"template":"","meta":{"wds_primary_product_brand":0,"wds_primary_product_cat":0,"wds_primary_maison_dedition":0},"product_brand":[],"product_cat":[542,585],"product_tag":[],"maison_dedition":[541],"class_list":{"0":"post-15679","1":"product","2":"type-product","3":"status-publish","4":"has-post-thumbnail","6":"product_cat-roman","7":"product_cat-romance","8":"pa_auteur-chantal-bissonnette","9":"maison_dedition-les-editions-coup-doeil","11":"first","12":"instock","13":"taxable","14":"shipping-taxable","15":"purchasable","16":"product-type-variable"},"bundled_by":[],"bundle_stock_status":"instock","bundle_stock_quantity":null,"bundle_virtual":false,"bundle_layout":"","bundle_add_to_cart_form_location":"","bundle_editable_in_cart":false,"bundle_sold_individually_context":"","bundle_item_grouping":"","bundle_min_size":"","bundle_max_size":"","bundle_price":[],"bundled_items":[],"bundle_sell_ids":[],"acf":[],"_links":{"self":[{"href":"https:\/\/goelette.ca\/en\/wp-json\/wp\/v2\/product\/15679","targetHints":{"allow":["GET"]}}],"collection":[{"href":"https:\/\/goelette.ca\/en\/wp-json\/wp\/v2\/product"}],"about":[{"href":"https:\/\/goelette.ca\/en\/wp-json\/wp\/v2\/types\/product"}],"wp:featuredmedia":[{"embeddable":true,"href":"https:\/\/goelette.ca\/en\/wp-json\/wp\/v2\/media\/26024"}],"wp:attachment":[{"href":"https:\/\/goelette.ca\/en\/wp-json\/wp\/v2\/media?parent=15679"}],"wp:term":[{"taxonomy":"product_brand","embeddable":true,"href":"https:\/\/goelette.ca\/en\/wp-json\/wp\/v2\/product_brand?post=15679"},{"taxonomy":"product_cat","embeddable":true,"href":"https:\/\/goelette.ca\/en\/wp-json\/wp\/v2\/product_cat?post=15679"},{"taxonomy":"product_tag","embeddable":true,"href":"https:\/\/goelette.ca\/en\/wp-json\/wp\/v2\/product_tag?post=15679"},{"taxonomy":"maison_dedition","embeddable":true,"href":"https:\/\/goelette.ca\/en\/wp-json\/wp\/v2\/maison_dedition?post=15679"}],"curies":[{"name":"wp","href":"https:\/\/api.w.org\/{rel}","templated":true}]}}