{"id":15352,"date":"2015-02-26T01:00:00","date_gmt":"2021-10-04T20:04:42","guid":{"rendered":"https:\/\/www.goelette.ca\/produit\/le-guide-des-prenoms-des-zimparfaites\/"},"modified":"2022-02-18T16:17:07","modified_gmt":"2022-02-18T21:17:07","slug":"le-guide-des-prenoms-des-zimparfaites","status":"publish","type":"product","link":"https:\/\/goelette.ca\/en\/tous-les-livres\/le-guide-des-prenoms-des-zimparfaites\/","title":{"rendered":"Le guide des pr\u00e9noms des (Z)imparfaites"},"content":{"rendered":"<p><span style=\"font-size: medium;\">Dans la course \u00e0 l\u2019originalit\u00e9, on oublie parfois l\u2019impact du choix d\u2019un pr\u00e9nom. Pour \u00e9viter les faux pas, les (Z)imparfaites ont dress\u00e9 500 listes pour vous aider \u00e0 trouver le pr\u00e9nom parfait. Du meilleur au pire, class\u00e9s par th\u00e9matiques, popularit\u00e9, coups de c\u0153ur ou sonorit\u00e9s, impossible de ne pas trouver (Z)e pr\u00e9nom!<\/span><\/p>\n<p><span style=\"font-size: medium;\">Vous le r\u00e9p\u00e9terez sans cesse et sur tous les tons, du plus joyeux au plus exasp\u00e9r\u00e9. Autant l\u2019aimer\u2026 et l\u2019assumer !<\/span><\/p>\n","protected":false},"excerpt":{"rendered":"<p>Dans la course \u00e0 l\u2019originalit\u00e9, on oublie parfois l\u2019impact du choix d\u2019un pr\u00e9nom. Pour \u00e9viter les faux pas, les (Z)imparfaites ont dress\u00e9 500 listes pour vous aider \u00e0 trouver le pr\u00e9nom parfait. Du meilleur au pire, class\u00e9s par th\u00e9matiques, popularit\u00e9, coups de c\u0153ur ou sonorit\u00e9s, impossible de ne pas trouver (Z)e pr\u00e9nom! Vous le r\u00e9p\u00e9terez [&hellip;]<\/p>\n","protected":false},"featured_media":15350,"template":"","meta":{"wds_primary_product_brand":0,"wds_primary_product_cat":0,"wds_primary_maison_dedition":0},"product_brand":[],"product_cat":[580,557],"product_tag":[],"maison_dedition":[630],"class_list":{"0":"post-15352","1":"product","2":"type-product","3":"status-publish","4":"has-post-thumbnail","6":"product_cat-maternite","7":"product_cat-pratique","8":"pa_auteur-les-zimparfaites","9":"maison_dedition-les-editions-goelette","11":"first","12":"instock","13":"taxable","14":"shipping-taxable","15":"purchasable","16":"product-type-variable"},"bundled_by":[],"bundle_stock_status":"instock","bundle_stock_quantity":null,"bundle_virtual":false,"bundle_layout":"","bundle_add_to_cart_form_location":"","bundle_editable_in_cart":false,"bundle_sold_individually_context":"","bundle_item_grouping":"","bundle_min_size":"","bundle_max_size":"","bundle_price":[],"bundled_items":[],"bundle_sell_ids":[],"acf":[],"_links":{"self":[{"href":"https:\/\/goelette.ca\/en\/wp-json\/wp\/v2\/product\/15352","targetHints":{"allow":["GET"]}}],"collection":[{"href":"https:\/\/goelette.ca\/en\/wp-json\/wp\/v2\/product"}],"about":[{"href":"https:\/\/goelette.ca\/en\/wp-json\/wp\/v2\/types\/product"}],"wp:featuredmedia":[{"embeddable":true,"href":"https:\/\/goelette.ca\/en\/wp-json\/wp\/v2\/media\/15350"}],"wp:attachment":[{"href":"https:\/\/goelette.ca\/en\/wp-json\/wp\/v2\/media?parent=15352"}],"wp:term":[{"taxonomy":"product_brand","embeddable":true,"href":"https:\/\/goelette.ca\/en\/wp-json\/wp\/v2\/product_brand?post=15352"},{"taxonomy":"product_cat","embeddable":true,"href":"https:\/\/goelette.ca\/en\/wp-json\/wp\/v2\/product_cat?post=15352"},{"taxonomy":"product_tag","embeddable":true,"href":"https:\/\/goelette.ca\/en\/wp-json\/wp\/v2\/product_tag?post=15352"},{"taxonomy":"maison_dedition","embeddable":true,"href":"https:\/\/goelette.ca\/en\/wp-json\/wp\/v2\/maison_dedition?post=15352"}],"curies":[{"name":"wp","href":"https:\/\/api.w.org\/{rel}","templated":true}]}}