{"id":15208,"date":"2022-06-16T00:00:00","date_gmt":"2022-06-16T04:00:00","guid":{"rendered":"https:\/\/www.goelette.ca\/produit\/les-soeurs-beaudry-t1-evelyne-et-sarah\/"},"modified":"2025-03-20T10:59:01","modified_gmt":"2025-03-20T14:59:01","slug":"les-soeurs-beaudry-t1-evelyne-et-sarah","status":"publish","type":"product","link":"https:\/\/goelette.ca\/en\/tous-les-livres\/les-soeurs-beaudry-t1-evelyne-et-sarah\/","title":{"rendered":"Les s\u0153urs Beaudry T1. \u00c9velyne et Sarah"},"content":{"rendered":"<p>En plein coeur des ann\u00e9es 1930, les Beaudry quittent la ville pour s\u2019installer dans la qui\u00e9tude rurale de Saint- Jacques-de-L\u2019Achigan. Alors que le Dr Charles-\u00c9douard y voit l\u00e0 une occasion en or de profiter d\u2019un bonheur tranquille, sa femme et ses filles appr\u00e9hendent cette existence si loin de leurs standards habituels. Fort heureusement, \u00c9velyne et Sarah, les benjamines, pourront bient\u00f4t voguer vers une nouvelle libert\u00e9 dans la Ville Lumi\u00e8re. Entre leurs le\u00e7ons de musique et leurs premiers \u00e9mois de jeunesse, elles d\u00e9couvriront toutefois que leur famille cache de bien lourds secrets. Pourron t-elles vivre avec la v\u00e9rit\u00e9 \u00e0 leur retour dans leur village ?<\/p>\n<p>Avec ce premier volet des Soeurs Beaudry, Micheline Dalp\u00e9 retrace avec \u00e9motion et habilet\u00e9 l\u2019histoire et les secrets d\u2019un authentique village de Lanaudi\u00e8re \u00e9voluant entre les deux guerres. Romanci\u00e8re \u00e9m\u00e9rite, Micheline Dalp\u00e9 brosse et peint, d\u2019une main de ma\u00eetre, des personnages attachants reli\u00e9s \u00e0 notre terroir. Elle participe ainsi \u00e0 la m\u00e9moire du patrimoine.<\/p>\n","protected":false},"excerpt":{"rendered":"<p>En plein coeur des ann\u00e9es 1930, les Beaudry quittent la ville pour s\u2019installer dans la qui\u00e9tude rurale de Saint- Jacques-de-L\u2019Achigan. Alors que le Dr Charles-\u00c9douard y voit l\u00e0 une occasion en or de profiter d\u2019un bonheur tranquille, sa femme et ses filles appr\u00e9hendent cette existence si loin de leurs standards habituels. Fort heureusement, \u00c9velyne et [&hellip;]<\/p>\n","protected":false},"featured_media":38381,"template":"","meta":{"wds_primary_product_brand":0,"wds_primary_product_cat":0,"wds_primary_maison_dedition":0},"product_brand":[],"product_cat":[542],"product_tag":[],"maison_dedition":[668,541],"class_list":{"0":"post-15208","1":"product","2":"type-product","3":"status-publish","4":"has-post-thumbnail","6":"product_cat-roman","7":"pa_auteur-micheline-dalpe","8":"maison_dedition-heritage-quebec","9":"maison_dedition-les-editions-coup-doeil","11":"first","12":"instock","13":"taxable","14":"shipping-taxable","15":"purchasable","16":"product-type-variable"},"bundled_by":[],"bundle_stock_status":"instock","bundle_stock_quantity":null,"bundle_virtual":false,"bundle_layout":"","bundle_add_to_cart_form_location":"","bundle_editable_in_cart":false,"bundle_sold_individually_context":"","bundle_item_grouping":"","bundle_min_size":"","bundle_max_size":"","bundle_price":[],"bundled_items":[],"bundle_sell_ids":[],"acf":[],"_links":{"self":[{"href":"https:\/\/goelette.ca\/en\/wp-json\/wp\/v2\/product\/15208","targetHints":{"allow":["GET"]}}],"collection":[{"href":"https:\/\/goelette.ca\/en\/wp-json\/wp\/v2\/product"}],"about":[{"href":"https:\/\/goelette.ca\/en\/wp-json\/wp\/v2\/types\/product"}],"wp:featuredmedia":[{"embeddable":true,"href":"https:\/\/goelette.ca\/en\/wp-json\/wp\/v2\/media\/38381"}],"wp:attachment":[{"href":"https:\/\/goelette.ca\/en\/wp-json\/wp\/v2\/media?parent=15208"}],"wp:term":[{"taxonomy":"product_brand","embeddable":true,"href":"https:\/\/goelette.ca\/en\/wp-json\/wp\/v2\/product_brand?post=15208"},{"taxonomy":"product_cat","embeddable":true,"href":"https:\/\/goelette.ca\/en\/wp-json\/wp\/v2\/product_cat?post=15208"},{"taxonomy":"product_tag","embeddable":true,"href":"https:\/\/goelette.ca\/en\/wp-json\/wp\/v2\/product_tag?post=15208"},{"taxonomy":"maison_dedition","embeddable":true,"href":"https:\/\/goelette.ca\/en\/wp-json\/wp\/v2\/maison_dedition?post=15208"}],"curies":[{"name":"wp","href":"https:\/\/api.w.org\/{rel}","templated":true}]}}