{"id":148847,"date":"2024-07-30T10:15:06","date_gmt":"2024-07-30T14:15:06","guid":{"rendered":"https:\/\/goelette.ca\/?post_type=product&#038;p=148847"},"modified":"2025-07-15T09:26:47","modified_gmt":"2025-07-15T13:26:47","slug":"en-prevente-jusquau-14-aout-2024-mon-journal-dautocompassion","status":"publish","type":"product","link":"https:\/\/goelette.ca\/en\/tous-les-livres\/en-prevente-jusquau-14-aout-2024-mon-journal-dautocompassion\/","title":{"rendered":"Mon journal d&#8217;autocompassion"},"content":{"rendered":"<p>On entend de plus en plus parler de l\u2019autocompassion, ainsi que de ses effets b\u00e9n\u00e9fiques sur la sant\u00e9 mentale, mais qu\u2019est-ce que c\u2019est\u2009? Il s\u2019agit de se traiter soi-m\u00eame avec compassion, ouverture et empathie. L\u2019autocompassion permet de traverser, avec plus de douceur, les p\u00e9riodes difficiles de la vie. Il est prouv\u00e9 que ceux qui la pratiquent au quotidien, en \u00e9tant bienveillants envers eux-m\u00eames, ont une sant\u00e9 mentale plus forte, sont plus r\u00e9silients, plus empathiques et souffrent moins d\u2019anxi\u00e9t\u00e9 et de d\u00e9pression.<\/p>\n<p>Pendant 30 jours, ce journal vous accompagnera pour mettre en place de nouvelles habitudes qui vous aideront \u00e0 reconna\u00eetre votre valeur, \u00e0 accepter votre imperfection et \u00e0 cultiver un bien-\u00eatre durable.<\/p>\n","protected":false},"excerpt":{"rendered":"<p>On entend de plus en plus parler de l\u2019autocompassion, ainsi que de ses effets b\u00e9n\u00e9fiques sur la sant\u00e9 mentale, mais qu\u2019est-ce que c\u2019est\u2009? Il s\u2019agit de se traiter soi-m\u00eame avec compassion, ouverture et empathie. L\u2019autocompassion permet de traverser, avec plus de douceur, les p\u00e9riodes difficiles de la vie. Il est prouv\u00e9 que ceux qui la [&hellip;]<\/p>\n","protected":false},"featured_media":148849,"template":"","meta":{"wds_primary_product_brand":0,"wds_primary_product_cat":0,"wds_primary_maison_dedition":0},"product_brand":[],"product_cat":[586,557],"product_tag":[],"maison_dedition":[630],"class_list":{"0":"post-148847","1":"product","2":"type-product","3":"status-publish","4":"has-post-thumbnail","6":"product_cat-bien-etre-et-sante-pratique","7":"product_cat-pratique","8":"pa_auteur-stephanie-deslauriers","9":"maison_dedition-les-editions-goelette","11":"first","12":"instock","13":"taxable","14":"shipping-taxable","15":"purchasable","16":"product-type-variable"},"bundled_by":[],"bundle_stock_status":"instock","bundle_stock_quantity":null,"bundle_virtual":false,"bundle_layout":"","bundle_add_to_cart_form_location":"","bundle_editable_in_cart":false,"bundle_sold_individually_context":"","bundle_item_grouping":"","bundle_min_size":"","bundle_max_size":"","bundle_price":[],"bundled_items":[],"bundle_sell_ids":[],"acf":[],"_links":{"self":[{"href":"https:\/\/goelette.ca\/en\/wp-json\/wp\/v2\/product\/148847","targetHints":{"allow":["GET"]}}],"collection":[{"href":"https:\/\/goelette.ca\/en\/wp-json\/wp\/v2\/product"}],"about":[{"href":"https:\/\/goelette.ca\/en\/wp-json\/wp\/v2\/types\/product"}],"wp:featuredmedia":[{"embeddable":true,"href":"https:\/\/goelette.ca\/en\/wp-json\/wp\/v2\/media\/148849"}],"wp:attachment":[{"href":"https:\/\/goelette.ca\/en\/wp-json\/wp\/v2\/media?parent=148847"}],"wp:term":[{"taxonomy":"product_brand","embeddable":true,"href":"https:\/\/goelette.ca\/en\/wp-json\/wp\/v2\/product_brand?post=148847"},{"taxonomy":"product_cat","embeddable":true,"href":"https:\/\/goelette.ca\/en\/wp-json\/wp\/v2\/product_cat?post=148847"},{"taxonomy":"product_tag","embeddable":true,"href":"https:\/\/goelette.ca\/en\/wp-json\/wp\/v2\/product_tag?post=148847"},{"taxonomy":"maison_dedition","embeddable":true,"href":"https:\/\/goelette.ca\/en\/wp-json\/wp\/v2\/maison_dedition?post=148847"}],"curies":[{"name":"wp","href":"https:\/\/api.w.org\/{rel}","templated":true}]}}