{"id":140106,"date":"2024-07-11T14:09:25","date_gmt":"2024-07-11T18:09:25","guid":{"rendered":"https:\/\/goelette.ca\/?post_type=product&#038;p=140106"},"modified":"2024-09-23T16:02:28","modified_gmt":"2024-09-23T20:02:28","slug":"la-proie-des-flammes","status":"publish","type":"product","link":"https:\/\/goelette.ca\/en\/tous-les-livres\/la-proie-des-flammes\/","title":{"rendered":"La proie des flammes"},"content":{"rendered":"<p>De retour au travail apr\u00e8s un repos forc\u00e9, L\u00e9a Beaumont prend en charge une affaire qui semble \u00e0 premi\u00e8re vue banale. Paul Valois, un fonctionnaire retrait\u00e9 est retrouv\u00e9 mort chez lui,<br \/>\npoignard\u00e9. Ce dernier ayant accumul\u00e9 des dettes de jeu, un r\u00e8glement de compte est rapidement \u00e9voqu\u00e9. Cependant, l\u2019enqu\u00eate prend un d\u00e9tour inattendu lorsque l\u2019ADN d\u2019une enfant<br \/>\ndisparue 17 ans auparavant est retrouv\u00e9 sur la sc\u00e8ne du crime.<\/p>\n<p>L\u00e9a doit rouvrir une affaire non r\u00e9solue : un tragique incendie, dans lequel les membres d\u2019une famille sans histoire ont<br \/>\np\u00e9ri, \u00e0 l\u2019exception de la petite Laurie Anderson, 5 ans. Qu\u2019est devenue la fillette durant toutes ces ann\u00e9es ? S\u2019est-elle vraiment retrouv\u00e9e chez Valois dans les jours pr\u00e9c\u00e9dant le meurtre ?<br \/>\nQu\u2019est-il vraiment arriv\u00e9 \u00e0 la famille Anderson ? Tandis que les \u00e9nigmes et les suspects se multiplient, l\u2019assassin continue de faire des victimes&#8230;<\/p>\n","protected":false},"excerpt":{"rendered":"<p>De retour au travail apr\u00e8s un repos forc\u00e9, L\u00e9a Beaumont prend en charge une affaire qui semble \u00e0 premi\u00e8re vue banale. Paul Valois, un fonctionnaire retrait\u00e9 est retrouv\u00e9 mort chez lui, poignard\u00e9. Ce dernier ayant accumul\u00e9 des dettes de jeu, un r\u00e8glement de compte est rapidement \u00e9voqu\u00e9. Cependant, l\u2019enqu\u00eate prend un d\u00e9tour inattendu lorsque l\u2019ADN [&hellip;]<\/p>\n","protected":false},"featured_media":140110,"template":"","meta":{"wds_primary_product_brand":0,"wds_primary_product_cat":0,"wds_primary_maison_dedition":0},"product_brand":[],"product_cat":[546,542],"product_tag":[],"maison_dedition":[630],"class_list":{"0":"post-140106","1":"product","2":"type-product","3":"status-publish","4":"has-post-thumbnail","6":"product_cat-policier-thriller","7":"product_cat-roman","8":"pa_auteur-kim-st-pierre","9":"maison_dedition-les-editions-goelette","11":"first","12":"instock","13":"taxable","14":"shipping-taxable","15":"purchasable","16":"product-type-variable"},"bundled_by":[],"bundle_stock_status":"instock","bundle_stock_quantity":null,"bundle_virtual":false,"bundle_layout":"","bundle_add_to_cart_form_location":"","bundle_editable_in_cart":false,"bundle_sold_individually_context":"","bundle_item_grouping":"","bundle_min_size":"","bundle_max_size":"","bundle_price":[],"bundled_items":[],"bundle_sell_ids":[],"acf":[],"_links":{"self":[{"href":"https:\/\/goelette.ca\/en\/wp-json\/wp\/v2\/product\/140106","targetHints":{"allow":["GET"]}}],"collection":[{"href":"https:\/\/goelette.ca\/en\/wp-json\/wp\/v2\/product"}],"about":[{"href":"https:\/\/goelette.ca\/en\/wp-json\/wp\/v2\/types\/product"}],"wp:featuredmedia":[{"embeddable":true,"href":"https:\/\/goelette.ca\/en\/wp-json\/wp\/v2\/media\/140110"}],"wp:attachment":[{"href":"https:\/\/goelette.ca\/en\/wp-json\/wp\/v2\/media?parent=140106"}],"wp:term":[{"taxonomy":"product_brand","embeddable":true,"href":"https:\/\/goelette.ca\/en\/wp-json\/wp\/v2\/product_brand?post=140106"},{"taxonomy":"product_cat","embeddable":true,"href":"https:\/\/goelette.ca\/en\/wp-json\/wp\/v2\/product_cat?post=140106"},{"taxonomy":"product_tag","embeddable":true,"href":"https:\/\/goelette.ca\/en\/wp-json\/wp\/v2\/product_tag?post=140106"},{"taxonomy":"maison_dedition","embeddable":true,"href":"https:\/\/goelette.ca\/en\/wp-json\/wp\/v2\/maison_dedition?post=140106"}],"curies":[{"name":"wp","href":"https:\/\/api.w.org\/{rel}","templated":true}]}}