{"id":140094,"date":"2024-07-11T16:17:44","date_gmt":"2024-07-11T20:17:44","guid":{"rendered":"https:\/\/goelette.ca\/?post_type=product&#038;p=140094"},"modified":"2024-09-23T15:54:09","modified_gmt":"2024-09-23T19:54:09","slug":"le-secret-de-dieu-tome-4-le-vortex-de-feu","status":"publish","type":"product","link":"https:\/\/goelette.ca\/en\/tous-les-livres\/le-secret-de-dieu-tome-4-le-vortex-de-feu\/","title":{"rendered":"Le secret de Dieu Tome 4"},"content":{"rendered":"<p>Il reste bien peu de temps au compte \u00e0 rebours\u2026 Pendant que l\u2019agente sp\u00e9ciale Kristen Vale tente d\u2019\u00e9chapper aux ca\u00efnites \u00e0 Montserrat, l\u2019historien et cryptologue Quentin DeFoix fait \u00e9quipe avec son ex-petite amie, une \u00e9minente arch\u00e9ologue peu scrupuleuse, pour d\u00e9chiffrer les symboles occultes de la Sagrada Fam\u00edlia de Barcelone qui pourront les mettre sur la piste des enfants-dieu, et particuli\u00e8rement de Grady, le neveu de Kristen, qui doit mourir sur la croix \u00e0 la fin de cette semaine sainte. Lui seul d\u00e9tient la cl\u00e9 qui lie ces enfants ayant le pouvoir d\u2019arr\u00eater les fl\u00e9aux qui frappent l\u2019humanit\u00e9.<\/p>\n<p>Du Japon au Vatican, des sous-sols du Centre Bell \u00e0 Montr\u00e9al au monast\u00e8re de Montserrat visit\u00e9 par Himmler peu apr\u00e8s la guerre d\u2019Espagne, du plus grand spa d\u2019Europe \u00e0 Andorre jusqu\u2019aux temples enfouis sous le d\u00e9sert \u00e9gyptien et aux c\u00e9notes sacr\u00e9s des Mayas du Yucat\u00e1n, Le Secret de Dieu nous entra\u00eene dans un r\u00e9cit palpitant o\u00f9 le terrorisme religieux se m\u00eale d\u2019ambitions corporatives, o\u00f9 les ennemis peuvent cacher des alli\u00e9s inattendus et o\u00f9 la v\u00e9ritable nature de Dieu se r\u00e9v\u00e8le peut-\u00eatre plus pr\u00e8s de nous qu\u2019on peut le penser.<\/p>\n","protected":false},"excerpt":{"rendered":"<p>Il reste bien peu de temps au compte \u00e0 rebours\u2026 Pendant que l\u2019agente sp\u00e9ciale Kristen Vale tente d\u2019\u00e9chapper aux ca\u00efnites \u00e0 Montserrat, l\u2019historien et cryptologue Quentin DeFoix fait \u00e9quipe avec son ex-petite amie, une \u00e9minente arch\u00e9ologue peu scrupuleuse, pour d\u00e9chiffrer les symboles occultes de la Sagrada Fam\u00edlia de Barcelone qui pourront les mettre sur la [&hellip;]<\/p>\n","protected":false},"featured_media":140101,"template":"","meta":{"wds_primary_product_brand":0,"wds_primary_product_cat":0,"wds_primary_maison_dedition":0},"product_brand":[],"product_cat":[546,542],"product_tag":[],"maison_dedition":[630],"class_list":{"0":"post-140094","1":"product","2":"type-product","3":"status-publish","4":"has-post-thumbnail","6":"product_cat-policier-thriller","7":"product_cat-roman","8":"pa_auteur-yves-laliberte","9":"maison_dedition-les-editions-goelette","11":"first","12":"instock","13":"taxable","14":"shipping-taxable","15":"purchasable","16":"product-type-variable","17":"has-default-attributes"},"bundled_by":[],"bundle_stock_status":"instock","bundle_stock_quantity":null,"bundle_virtual":false,"bundle_layout":"","bundle_add_to_cart_form_location":"","bundle_editable_in_cart":false,"bundle_sold_individually_context":"","bundle_item_grouping":"","bundle_min_size":"","bundle_max_size":"","bundle_price":[],"bundled_items":[],"bundle_sell_ids":[],"acf":[],"_links":{"self":[{"href":"https:\/\/goelette.ca\/en\/wp-json\/wp\/v2\/product\/140094","targetHints":{"allow":["GET"]}}],"collection":[{"href":"https:\/\/goelette.ca\/en\/wp-json\/wp\/v2\/product"}],"about":[{"href":"https:\/\/goelette.ca\/en\/wp-json\/wp\/v2\/types\/product"}],"wp:featuredmedia":[{"embeddable":true,"href":"https:\/\/goelette.ca\/en\/wp-json\/wp\/v2\/media\/140101"}],"wp:attachment":[{"href":"https:\/\/goelette.ca\/en\/wp-json\/wp\/v2\/media?parent=140094"}],"wp:term":[{"taxonomy":"product_brand","embeddable":true,"href":"https:\/\/goelette.ca\/en\/wp-json\/wp\/v2\/product_brand?post=140094"},{"taxonomy":"product_cat","embeddable":true,"href":"https:\/\/goelette.ca\/en\/wp-json\/wp\/v2\/product_cat?post=140094"},{"taxonomy":"product_tag","embeddable":true,"href":"https:\/\/goelette.ca\/en\/wp-json\/wp\/v2\/product_tag?post=140094"},{"taxonomy":"maison_dedition","embeddable":true,"href":"https:\/\/goelette.ca\/en\/wp-json\/wp\/v2\/maison_dedition?post=140094"}],"curies":[{"name":"wp","href":"https:\/\/api.w.org\/{rel}","templated":true}]}}