{"id":140083,"date":"2024-08-08T00:01:30","date_gmt":"2024-08-08T04:01:30","guid":{"rendered":"https:\/\/goelette.ca\/?post_type=product&#038;p=140083"},"modified":"2024-08-15T07:34:48","modified_gmt":"2024-08-15T11:34:48","slug":"mon-album-de-bebe-de-la-naissance-a-la-maternelle","status":"publish","type":"product","link":"https:\/\/goelette.ca\/en\/tous-les-livres\/mon-album-de-bebe-de-la-naissance-a-la-maternelle\/","title":{"rendered":"Mon album de b\u00e9b\u00e9 &#8211; De la naissance \u00e0 la maternelle"},"content":{"rendered":"<p>Conservez pr\u00e9cieusement les merveilleux moments des cinq premi\u00e8res ann\u00e9es de vie de votre b\u00e9b\u00e9 gr\u00e2ce \u00e0 cet adorable album aux teintes douces.<\/p>\n<p>Mon album de b\u00e9b\u00e9 &#8211; De la naissance \u00e0 la maternelle permet d\u2019inscrire les faits saillants \u00e0 propos des parents, de la famille, de la naissance, des premi\u00e8res fois puis des anniversaires en plus de conserver des traces du d\u00e9veloppement de votre enfant en indiquant le poids et la taille, notamment.<\/p>\n<p>La couverture rigide et les illustrations unisexes conf\u00e8rent un caract\u00e8re intemporel \u00e0 l\u2019album. Une bande \u00e9lastique permet au mat\u00e9riel de demeurer parfaitement en place.<\/p>\n<p>Des pochettes pratiques permettent de conservez les photographies et les souvenirs.<\/p>\n<p>De plus, une jolie \u00e9chelle de croissance, ins\u00e9r\u00e9e \u00e0 l&#8217;int\u00e9rieur de la couverture, permet de suivre l&#8217;\u00e9volution de votre enfant !<\/p>\n<p>8 sections divis\u00e9es par des s\u00e9parateurs cartonn\u00e9s et color\u00e9s :<\/p>\n<p>\u2022 Le d\u00e9but<br \/>\n\u2022 Les 12 premiers mois<br \/>\n\u2022 De 1 \u00e0 2 ans<br \/>\n\u2022 De 2 \u00e0 3 ans<br \/>\n\u2022 De 3 \u00e0 4 ans<br \/>\n\u2022 De 4 \u00e0 5 ans<br \/>\n\u2022 Les moments magiques<\/p>\n","protected":false},"excerpt":{"rendered":"<p>Conservez pr\u00e9cieusement les merveilleux moments des cinq premi\u00e8res ann\u00e9es de vie de votre b\u00e9b\u00e9 gr\u00e2ce \u00e0 cet adorable album aux teintes douces. Mon album de b\u00e9b\u00e9 &#8211; De la naissance \u00e0 la maternelle permet d\u2019inscrire les faits saillants \u00e0 propos des parents, de la famille, de la naissance, des premi\u00e8res fois puis des anniversaires en [&hellip;]<\/p>\n","protected":false},"featured_media":140088,"template":"","meta":{"wds_primary_product_brand":0,"wds_primary_product_cat":0,"wds_primary_maison_dedition":0},"product_brand":[],"product_cat":[580,557],"product_tag":[],"maison_dedition":[630],"class_list":{"0":"post-140083","1":"product","2":"type-product","3":"status-publish","4":"has-post-thumbnail","6":"product_cat-maternite","7":"product_cat-pratique","8":"maison_dedition-les-editions-goelette","10":"first","11":"instock","12":"taxable","13":"shipping-taxable","14":"purchasable","15":"product-type-variable"},"bundled_by":[],"bundle_stock_status":"instock","bundle_stock_quantity":null,"bundle_virtual":false,"bundle_layout":"","bundle_add_to_cart_form_location":"","bundle_editable_in_cart":false,"bundle_sold_individually_context":"","bundle_item_grouping":"","bundle_min_size":"","bundle_max_size":"","bundle_price":[],"bundled_items":[],"bundle_sell_ids":[],"acf":[],"_links":{"self":[{"href":"https:\/\/goelette.ca\/en\/wp-json\/wp\/v2\/product\/140083","targetHints":{"allow":["GET"]}}],"collection":[{"href":"https:\/\/goelette.ca\/en\/wp-json\/wp\/v2\/product"}],"about":[{"href":"https:\/\/goelette.ca\/en\/wp-json\/wp\/v2\/types\/product"}],"wp:featuredmedia":[{"embeddable":true,"href":"https:\/\/goelette.ca\/en\/wp-json\/wp\/v2\/media\/140088"}],"wp:attachment":[{"href":"https:\/\/goelette.ca\/en\/wp-json\/wp\/v2\/media?parent=140083"}],"wp:term":[{"taxonomy":"product_brand","embeddable":true,"href":"https:\/\/goelette.ca\/en\/wp-json\/wp\/v2\/product_brand?post=140083"},{"taxonomy":"product_cat","embeddable":true,"href":"https:\/\/goelette.ca\/en\/wp-json\/wp\/v2\/product_cat?post=140083"},{"taxonomy":"product_tag","embeddable":true,"href":"https:\/\/goelette.ca\/en\/wp-json\/wp\/v2\/product_tag?post=140083"},{"taxonomy":"maison_dedition","embeddable":true,"href":"https:\/\/goelette.ca\/en\/wp-json\/wp\/v2\/maison_dedition?post=140083"}],"curies":[{"name":"wp","href":"https:\/\/api.w.org\/{rel}","templated":true}]}}