{"id":140040,"date":"2024-08-08T00:01:57","date_gmt":"2024-08-08T04:01:57","guid":{"rendered":"https:\/\/goelette.ca\/?post_type=product&#038;p=140040"},"modified":"2024-07-10T12:59:32","modified_gmt":"2024-07-10T16:59:32","slug":"robot-coeur","status":"publish","type":"product","link":"https:\/\/goelette.ca\/en\/tous-les-livres\/robot-coeur\/","title":{"rendered":"Robot-coeur"},"content":{"rendered":"<p>Oh non ! Le coeur virtuel du robot a disparu ! Il n&#8217;arrive plus \u00e0 l&#8217;afficher sur son ventre&#8230;<\/p>\n<p>Est-ce que tu peux l&#8217;aider?<\/p>\n<p>Ce livre interactif invite l&#8217;enfant \u00e0 faire une action \u00e0 chaque page. Les tout-petits appr\u00e9cieront ouvrir le robot et trouver le moyen de le r\u00e9parer.<\/p>\n<p>&nbsp;<\/p>\n","protected":false},"excerpt":{"rendered":"<p>Oh non ! Le coeur virtuel du robot a disparu ! Il n&#8217;arrive plus \u00e0 l&#8217;afficher sur son ventre&#8230; Est-ce que tu peux l&#8217;aider? Ce livre interactif invite l&#8217;enfant \u00e0 faire une action \u00e0 chaque page. Les tout-petits appr\u00e9cieront ouvrir le robot et trouver le moyen de le r\u00e9parer. &nbsp;<\/p>\n","protected":false},"featured_media":140047,"template":"","meta":{"wds_primary_product_brand":0,"wds_primary_product_cat":0,"wds_primary_maison_dedition":0},"product_brand":[],"product_cat":[540,560,538,667],"product_tag":[],"maison_dedition":[630],"class_list":{"0":"post-140040","1":"product","2":"type-product","3":"status-publish","4":"has-post-thumbnail","6":"product_cat-0-2-ans","7":"product_cat-3-5-ans","8":"product_cat-jeunesse","9":"product_cat-livres-tout-carton","10":"pa_auteur-melanie-grenier","11":"maison_dedition-les-editions-goelette","13":"first","14":"instock","15":"taxable","16":"shipping-taxable","17":"purchasable","18":"product-type-variable"},"bundled_by":[],"bundle_stock_status":"instock","bundle_stock_quantity":null,"bundle_virtual":false,"bundle_layout":"","bundle_add_to_cart_form_location":"","bundle_editable_in_cart":false,"bundle_sold_individually_context":"","bundle_item_grouping":"","bundle_min_size":"","bundle_max_size":"","bundle_price":[],"bundled_items":[],"bundle_sell_ids":[],"acf":[],"_links":{"self":[{"href":"https:\/\/goelette.ca\/en\/wp-json\/wp\/v2\/product\/140040","targetHints":{"allow":["GET"]}}],"collection":[{"href":"https:\/\/goelette.ca\/en\/wp-json\/wp\/v2\/product"}],"about":[{"href":"https:\/\/goelette.ca\/en\/wp-json\/wp\/v2\/types\/product"}],"wp:featuredmedia":[{"embeddable":true,"href":"https:\/\/goelette.ca\/en\/wp-json\/wp\/v2\/media\/140047"}],"wp:attachment":[{"href":"https:\/\/goelette.ca\/en\/wp-json\/wp\/v2\/media?parent=140040"}],"wp:term":[{"taxonomy":"product_brand","embeddable":true,"href":"https:\/\/goelette.ca\/en\/wp-json\/wp\/v2\/product_brand?post=140040"},{"taxonomy":"product_cat","embeddable":true,"href":"https:\/\/goelette.ca\/en\/wp-json\/wp\/v2\/product_cat?post=140040"},{"taxonomy":"product_tag","embeddable":true,"href":"https:\/\/goelette.ca\/en\/wp-json\/wp\/v2\/product_tag?post=140040"},{"taxonomy":"maison_dedition","embeddable":true,"href":"https:\/\/goelette.ca\/en\/wp-json\/wp\/v2\/maison_dedition?post=140040"}],"curies":[{"name":"wp","href":"https:\/\/api.w.org\/{rel}","templated":true}]}}