{"id":139993,"date":"2024-07-18T00:01:39","date_gmt":"2024-07-18T04:01:39","guid":{"rendered":"https:\/\/goelette.ca\/?post_type=product&#038;p=139993"},"modified":"2024-07-10T10:56:56","modified_gmt":"2024-07-10T14:56:56","slug":"les-animaux-dans-locean","status":"publish","type":"product","link":"https:\/\/goelette.ca\/en\/tous-les-livres\/les-animaux-dans-locean\/","title":{"rendered":"Les animaux dans l&#8217;oc\u00e9an"},"content":{"rendered":"<p>Soul\u00e8ve les volets pour voir ce que cachent les animaux !<\/p>\n<p>Les gros volets, faits pour les petites mains, sont faciles \u00e0 prendre et \u00e0 soulever.<\/p>\n<p>&nbsp;<\/p>\n<p>&nbsp;<\/p>\n","protected":false},"excerpt":{"rendered":"<p>Soul\u00e8ve les volets pour voir ce que cachent les animaux ! Les gros volets, faits pour les petites mains, sont faciles \u00e0 prendre et \u00e0 soulever. &nbsp; &nbsp;<\/p>\n","protected":false},"featured_media":139996,"template":"","meta":{"wds_primary_product_brand":0,"wds_primary_product_cat":0,"wds_primary_maison_dedition":0},"product_brand":[],"product_cat":[540,538,579],"product_tag":[],"maison_dedition":[630],"class_list":{"0":"post-139993","1":"product","2":"type-product","3":"status-publish","4":"has-post-thumbnail","6":"product_cat-0-2-ans","7":"product_cat-jeunesse","8":"product_cat-souleve-les-volets","9":"pa_auteur-collectif","10":"maison_dedition-les-editions-goelette","12":"first","13":"instock","14":"taxable","15":"shipping-taxable","16":"purchasable","17":"product-type-variable"},"bundled_by":[],"bundle_stock_status":"instock","bundle_stock_quantity":null,"bundle_virtual":false,"bundle_layout":"","bundle_add_to_cart_form_location":"","bundle_editable_in_cart":false,"bundle_sold_individually_context":"","bundle_item_grouping":"","bundle_min_size":"","bundle_max_size":"","bundle_price":[],"bundled_items":[],"bundle_sell_ids":[],"acf":[],"_links":{"self":[{"href":"https:\/\/goelette.ca\/en\/wp-json\/wp\/v2\/product\/139993","targetHints":{"allow":["GET"]}}],"collection":[{"href":"https:\/\/goelette.ca\/en\/wp-json\/wp\/v2\/product"}],"about":[{"href":"https:\/\/goelette.ca\/en\/wp-json\/wp\/v2\/types\/product"}],"wp:featuredmedia":[{"embeddable":true,"href":"https:\/\/goelette.ca\/en\/wp-json\/wp\/v2\/media\/139996"}],"wp:attachment":[{"href":"https:\/\/goelette.ca\/en\/wp-json\/wp\/v2\/media?parent=139993"}],"wp:term":[{"taxonomy":"product_brand","embeddable":true,"href":"https:\/\/goelette.ca\/en\/wp-json\/wp\/v2\/product_brand?post=139993"},{"taxonomy":"product_cat","embeddable":true,"href":"https:\/\/goelette.ca\/en\/wp-json\/wp\/v2\/product_cat?post=139993"},{"taxonomy":"product_tag","embeddable":true,"href":"https:\/\/goelette.ca\/en\/wp-json\/wp\/v2\/product_tag?post=139993"},{"taxonomy":"maison_dedition","embeddable":true,"href":"https:\/\/goelette.ca\/en\/wp-json\/wp\/v2\/maison_dedition?post=139993"}],"curies":[{"name":"wp","href":"https:\/\/api.w.org\/{rel}","templated":true}]}}