{"id":139966,"date":"2024-07-15T00:01:49","date_gmt":"2024-07-15T04:01:49","guid":{"rendered":"https:\/\/goelette.ca\/?post_type=product&#038;p=139966"},"modified":"2024-07-10T10:33:01","modified_gmt":"2024-07-10T14:33:01","slug":"ma-tablette-de-jeux-a-coller-6-ans-et-plus","status":"publish","type":"product","link":"https:\/\/goelette.ca\/en\/tous-les-livres\/ma-tablette-de-jeux-a-coller-6-ans-et-plus\/","title":{"rendered":"Ma tablette de jeux \u00e0 coller (6 ans et plus)"},"content":{"rendered":"<p><strong>Plus de 400 autocollants !<\/strong><\/p>\n<p>Pas besoin de crayons ! Pour jouer, tout ce qu\u2019il te faut, ce sont tes autocollants ! Compte, observe et mets ta logique \u00e0 l\u2019\u00e9preuve. La solution se trouve au verso du jeu.<\/p>\n<p>Ces activit\u00e9s offrent \u00e0 votre enfant l\u2019occasion de d\u00e9velopper sa motricit\u00e9 fine, sa logique et son sens de l\u2019observation tout en s\u2019amusant.<\/p>\n<p>&nbsp;<\/p>\n","protected":false},"excerpt":{"rendered":"<p>Plus de 400 autocollants ! Pas besoin de crayons ! Pour jouer, tout ce qu\u2019il te faut, ce sont tes autocollants ! Compte, observe et mets ta logique \u00e0 l\u2019\u00e9preuve. La solution se trouve au verso du jeu. Ces activit\u00e9s offrent \u00e0 votre enfant l\u2019occasion de d\u00e9velopper sa motricit\u00e9 fine, sa logique et son sens [&hellip;]<\/p>\n","protected":false},"featured_media":139972,"template":"","meta":{"wds_primary_product_brand":0,"wds_primary_product_cat":0,"wds_primary_maison_dedition":0},"product_brand":[],"product_cat":[555,551,552,538],"product_tag":[],"maison_dedition":[630],"class_list":{"0":"post-139966","1":"product","2":"type-product","3":"status-publish","4":"has-post-thumbnail","6":"product_cat-6-ans-et-plus","7":"product_cat-activites","8":"product_cat-autocollants","9":"product_cat-jeunesse","10":"pa_auteur-collectif","11":"maison_dedition-les-editions-goelette","13":"first","14":"instock","15":"taxable","16":"shipping-taxable","17":"purchasable","18":"product-type-variable"},"bundled_by":[],"bundle_stock_status":"instock","bundle_stock_quantity":null,"bundle_virtual":false,"bundle_layout":"","bundle_add_to_cart_form_location":"","bundle_editable_in_cart":false,"bundle_sold_individually_context":"","bundle_item_grouping":"","bundle_min_size":"","bundle_max_size":"","bundle_price":[],"bundled_items":[],"bundle_sell_ids":[],"acf":[],"_links":{"self":[{"href":"https:\/\/goelette.ca\/en\/wp-json\/wp\/v2\/product\/139966","targetHints":{"allow":["GET"]}}],"collection":[{"href":"https:\/\/goelette.ca\/en\/wp-json\/wp\/v2\/product"}],"about":[{"href":"https:\/\/goelette.ca\/en\/wp-json\/wp\/v2\/types\/product"}],"wp:featuredmedia":[{"embeddable":true,"href":"https:\/\/goelette.ca\/en\/wp-json\/wp\/v2\/media\/139972"}],"wp:attachment":[{"href":"https:\/\/goelette.ca\/en\/wp-json\/wp\/v2\/media?parent=139966"}],"wp:term":[{"taxonomy":"product_brand","embeddable":true,"href":"https:\/\/goelette.ca\/en\/wp-json\/wp\/v2\/product_brand?post=139966"},{"taxonomy":"product_cat","embeddable":true,"href":"https:\/\/goelette.ca\/en\/wp-json\/wp\/v2\/product_cat?post=139966"},{"taxonomy":"product_tag","embeddable":true,"href":"https:\/\/goelette.ca\/en\/wp-json\/wp\/v2\/product_tag?post=139966"},{"taxonomy":"maison_dedition","embeddable":true,"href":"https:\/\/goelette.ca\/en\/wp-json\/wp\/v2\/maison_dedition?post=139966"}],"curies":[{"name":"wp","href":"https:\/\/api.w.org\/{rel}","templated":true}]}}