{"id":138387,"date":"2024-07-05T12:52:26","date_gmt":"2024-07-05T16:52:26","guid":{"rendered":"https:\/\/goelette.ca\/?post_type=product&#038;p=138387"},"modified":"2024-07-05T12:54:33","modified_gmt":"2024-07-05T16:54:33","slug":"livre-dactivites-effacable-sur-la-route","status":"publish","type":"product","link":"https:\/\/goelette.ca\/en\/tous-les-livres\/livre-dactivites-effacable-sur-la-route\/","title":{"rendered":"Livre d&#8217;activit\u00e9s effa\u00e7able &#8211; Sur la route"},"content":{"rendered":"<p>Trouve les \u00e9l\u00e9ments cach\u00e9s et compl\u00e8te les casse-t\u00eates. Trace les bons chemins et amuse-toi avec encore plus de jeux captivants !<\/p>\n<p>V\u00e9rifie tes r\u00e9ponses, efface la page, puis recommence !<\/p>\n","protected":false},"excerpt":{"rendered":"<p>Trouve les \u00e9l\u00e9ments cach\u00e9s et compl\u00e8te les casse-t\u00eates. Trace les bons chemins et amuse-toi avec encore plus de jeux captivants ! V\u00e9rifie tes r\u00e9ponses, efface la page, puis recommence !<\/p>\n","protected":false},"featured_media":138397,"template":"","meta":{"wds_primary_product_brand":0,"wds_primary_product_cat":0,"wds_primary_maison_dedition":0},"product_brand":[],"product_cat":[560,555,551,538,626],"product_tag":[],"maison_dedition":[],"class_list":{"0":"post-138387","1":"product","2":"type-product","3":"status-publish","4":"has-post-thumbnail","6":"product_cat-3-5-ans","7":"product_cat-6-ans-et-plus","8":"product_cat-activites","9":"product_cat-jeunesse","10":"product_cat-jeunesse-livres-de-jeux","12":"first","13":"instock","14":"taxable","15":"shipping-taxable","16":"purchasable","17":"product-type-variable"},"bundled_by":[],"bundle_stock_status":"instock","bundle_stock_quantity":null,"bundle_virtual":false,"bundle_layout":"","bundle_add_to_cart_form_location":"","bundle_editable_in_cart":false,"bundle_sold_individually_context":"","bundle_item_grouping":"","bundle_min_size":"","bundle_max_size":"","bundle_price":[],"bundled_items":[],"bundle_sell_ids":[],"acf":[],"_links":{"self":[{"href":"https:\/\/goelette.ca\/en\/wp-json\/wp\/v2\/product\/138387","targetHints":{"allow":["GET"]}}],"collection":[{"href":"https:\/\/goelette.ca\/en\/wp-json\/wp\/v2\/product"}],"about":[{"href":"https:\/\/goelette.ca\/en\/wp-json\/wp\/v2\/types\/product"}],"wp:featuredmedia":[{"embeddable":true,"href":"https:\/\/goelette.ca\/en\/wp-json\/wp\/v2\/media\/138397"}],"wp:attachment":[{"href":"https:\/\/goelette.ca\/en\/wp-json\/wp\/v2\/media?parent=138387"}],"wp:term":[{"taxonomy":"product_brand","embeddable":true,"href":"https:\/\/goelette.ca\/en\/wp-json\/wp\/v2\/product_brand?post=138387"},{"taxonomy":"product_cat","embeddable":true,"href":"https:\/\/goelette.ca\/en\/wp-json\/wp\/v2\/product_cat?post=138387"},{"taxonomy":"product_tag","embeddable":true,"href":"https:\/\/goelette.ca\/en\/wp-json\/wp\/v2\/product_tag?post=138387"},{"taxonomy":"maison_dedition","embeddable":true,"href":"https:\/\/goelette.ca\/en\/wp-json\/wp\/v2\/maison_dedition?post=138387"}],"curies":[{"name":"wp","href":"https:\/\/api.w.org\/{rel}","templated":true}]}}