{"id":138218,"date":"2024-07-05T08:12:35","date_gmt":"2024-07-05T12:12:35","guid":{"rendered":"https:\/\/goelette.ca\/?post_type=product&#038;p=138218"},"modified":"2024-07-05T08:43:27","modified_gmt":"2024-07-05T12:43:27","slug":"dessins-a-gratter-animaux","status":"publish","type":"product","link":"https:\/\/goelette.ca\/en\/tous-les-livres\/dessins-a-gratter-animaux\/","title":{"rendered":"Dessins \u00e0 gratter &#8211; Animaux"},"content":{"rendered":"<p>Gratte les zones noires avec ton b\u00e2tonnet pour r\u00e9v\u00e9ler les couleurs cach\u00e9es.<\/p>\n<p>Coloriages et activit\u00e9s pour 3 ans et plus.<\/p>\n","protected":false},"excerpt":{"rendered":"<p>Gratte les zones noires avec ton b\u00e2tonnet pour r\u00e9v\u00e9ler les couleurs cach\u00e9es. Coloriages et activit\u00e9s pour 3 ans et plus.<\/p>\n","protected":false},"featured_media":138230,"template":"","meta":{"wds_primary_product_brand":0,"wds_primary_product_cat":0,"wds_primary_maison_dedition":0},"product_brand":[],"product_cat":[560,555,551,590,538],"product_tag":[],"maison_dedition":[541],"class_list":{"0":"post-138218","1":"product","2":"type-product","3":"status-publish","4":"has-post-thumbnail","6":"product_cat-3-5-ans","7":"product_cat-6-ans-et-plus","8":"product_cat-activites","9":"product_cat-coloriage-jeunesse","10":"product_cat-jeunesse","11":"maison_dedition-les-editions-coup-doeil","13":"first","14":"instock","15":"taxable","16":"shipping-taxable","17":"purchasable","18":"product-type-variable"},"bundled_by":[],"bundle_stock_status":"instock","bundle_stock_quantity":null,"bundle_virtual":false,"bundle_layout":"","bundle_add_to_cart_form_location":"","bundle_editable_in_cart":false,"bundle_sold_individually_context":"","bundle_item_grouping":"","bundle_min_size":"","bundle_max_size":"","bundle_price":[],"bundled_items":[],"bundle_sell_ids":[],"acf":[],"_links":{"self":[{"href":"https:\/\/goelette.ca\/en\/wp-json\/wp\/v2\/product\/138218","targetHints":{"allow":["GET"]}}],"collection":[{"href":"https:\/\/goelette.ca\/en\/wp-json\/wp\/v2\/product"}],"about":[{"href":"https:\/\/goelette.ca\/en\/wp-json\/wp\/v2\/types\/product"}],"wp:featuredmedia":[{"embeddable":true,"href":"https:\/\/goelette.ca\/en\/wp-json\/wp\/v2\/media\/138230"}],"wp:attachment":[{"href":"https:\/\/goelette.ca\/en\/wp-json\/wp\/v2\/media?parent=138218"}],"wp:term":[{"taxonomy":"product_brand","embeddable":true,"href":"https:\/\/goelette.ca\/en\/wp-json\/wp\/v2\/product_brand?post=138218"},{"taxonomy":"product_cat","embeddable":true,"href":"https:\/\/goelette.ca\/en\/wp-json\/wp\/v2\/product_cat?post=138218"},{"taxonomy":"product_tag","embeddable":true,"href":"https:\/\/goelette.ca\/en\/wp-json\/wp\/v2\/product_tag?post=138218"},{"taxonomy":"maison_dedition","embeddable":true,"href":"https:\/\/goelette.ca\/en\/wp-json\/wp\/v2\/maison_dedition?post=138218"}],"curies":[{"name":"wp","href":"https:\/\/api.w.org\/{rel}","templated":true}]}}