{"id":138210,"date":"2024-07-05T07:57:24","date_gmt":"2024-07-05T11:57:24","guid":{"rendered":"https:\/\/goelette.ca\/?post_type=product&#038;p=138210"},"modified":"2025-05-15T13:41:51","modified_gmt":"2025-05-15T17:41:51","slug":"une-taupe-pas-si-aveugle","status":"publish","type":"product","link":"https:\/\/goelette.ca\/en\/tous-les-livres\/une-taupe-pas-si-aveugle\/","title":{"rendered":"Une taupe pas si aveugle !"},"content":{"rendered":"<p>Tous peuvent participer \u00e0 la partie de cache-cache annuelle de la for\u00eat des Crocus. Mais quand Antoinette la petite taupe se pr\u00e9sente, elle suscite de nombreux commentaires, surtout<br \/>\nlorsqu\u2019elle demande d\u2019\u00eatre celle qui trouvera les autres. C\u2019est bien connu ! Avec ses yeux minuscules, Antoinette ne voit presque rien ! Comment pourrait-elle tenir ce r\u00f4le important ?<\/p>\n<p>Avec cette histoire attachante, abordez le th\u00e8me des handicaps avec votre enfant et profitez d\u2019une page sp\u00e9ciale \u00e0 la fin du livre pour discuter avec lui.<\/p>\n","protected":false},"excerpt":{"rendered":"<p>Tous peuvent participer \u00e0 la partie de cache-cache annuelle de la for\u00eat des Crocus. Mais quand Antoinette la petite taupe se pr\u00e9sente, elle suscite de nombreux commentaires, surtout lorsqu\u2019elle demande d\u2019\u00eatre celle qui trouvera les autres. C\u2019est bien connu ! Avec ses yeux minuscules, Antoinette ne voit presque rien ! Comment pourrait-elle tenir ce r\u00f4le [&hellip;]<\/p>\n","protected":false},"featured_media":138214,"template":"","meta":{"wds_primary_product_brand":0,"wds_primary_product_cat":0,"wds_primary_maison_dedition":0},"product_brand":[],"product_cat":[560,578,538],"product_tag":[],"maison_dedition":[541,584],"class_list":{"0":"post-138210","1":"product","2":"type-product","3":"status-publish","4":"has-post-thumbnail","6":"product_cat-3-5-ans","7":"product_cat-albums-illustres","8":"product_cat-jeunesse","9":"pa_auteur-mylaine-lemire","10":"pa_illustrateur-marta-comito","11":"maison_dedition-les-editions-coup-doeil","12":"maison_dedition-petites-lectures","14":"first","15":"instock","16":"taxable","17":"shipping-taxable","18":"purchasable","19":"product-type-variable","20":"has-default-attributes"},"bundled_by":[],"bundle_stock_status":"instock","bundle_stock_quantity":null,"bundle_virtual":false,"bundle_layout":"","bundle_add_to_cart_form_location":"","bundle_editable_in_cart":false,"bundle_sold_individually_context":"","bundle_item_grouping":"","bundle_min_size":"","bundle_max_size":"","bundle_price":[],"bundled_items":[],"bundle_sell_ids":[],"acf":[],"_links":{"self":[{"href":"https:\/\/goelette.ca\/en\/wp-json\/wp\/v2\/product\/138210","targetHints":{"allow":["GET"]}}],"collection":[{"href":"https:\/\/goelette.ca\/en\/wp-json\/wp\/v2\/product"}],"about":[{"href":"https:\/\/goelette.ca\/en\/wp-json\/wp\/v2\/types\/product"}],"wp:featuredmedia":[{"embeddable":true,"href":"https:\/\/goelette.ca\/en\/wp-json\/wp\/v2\/media\/138214"}],"wp:attachment":[{"href":"https:\/\/goelette.ca\/en\/wp-json\/wp\/v2\/media?parent=138210"}],"wp:term":[{"taxonomy":"product_brand","embeddable":true,"href":"https:\/\/goelette.ca\/en\/wp-json\/wp\/v2\/product_brand?post=138210"},{"taxonomy":"product_cat","embeddable":true,"href":"https:\/\/goelette.ca\/en\/wp-json\/wp\/v2\/product_cat?post=138210"},{"taxonomy":"product_tag","embeddable":true,"href":"https:\/\/goelette.ca\/en\/wp-json\/wp\/v2\/product_tag?post=138210"},{"taxonomy":"maison_dedition","embeddable":true,"href":"https:\/\/goelette.ca\/en\/wp-json\/wp\/v2\/maison_dedition?post=138210"}],"curies":[{"name":"wp","href":"https:\/\/api.w.org\/{rel}","templated":true}]}}