{"id":138204,"date":"2024-07-05T07:49:34","date_gmt":"2024-07-05T11:49:34","guid":{"rendered":"https:\/\/goelette.ca\/?post_type=product&#038;p=138204"},"modified":"2025-05-15T13:34:47","modified_gmt":"2025-05-15T17:34:47","slug":"un-amour-de-tomates","status":"publish","type":"product","link":"https:\/\/goelette.ca\/en\/tous-les-livres\/un-amour-de-tomates\/","title":{"rendered":"Un amour de tomates"},"content":{"rendered":"<p>Lorsque tante Sophie invite Clara \u00e0 cultiver un l\u00e9gume dans son potager, la petite fille se d\u00e9voue \u00e0 la t\u00e2che. Quel effet le soleil , l\u2019amour et la patience de Clara auront-ils sur ces myst\u00e9rieux l\u00e9gumes ?<\/p>\n<p>Avec cette histoire attachante, faites d\u00e9couvrir l\u2019univers fascinant du jardinage \u00e0 votre enfant. Au fil des pages, vous trouverez des bulles d\u2019information pour poursuivre l\u2019apprentissage !<\/p>\n","protected":false},"excerpt":{"rendered":"<p>Lorsque tante Sophie invite Clara \u00e0 cultiver un l\u00e9gume dans son potager, la petite fille se d\u00e9voue \u00e0 la t\u00e2che. Quel effet le soleil , l\u2019amour et la patience de Clara auront-ils sur ces myst\u00e9rieux l\u00e9gumes ? Avec cette histoire attachante, faites d\u00e9couvrir l\u2019univers fascinant du jardinage \u00e0 votre enfant. Au fil des pages, vous [&hellip;]<\/p>\n","protected":false},"featured_media":138208,"template":"","meta":{"wds_primary_product_brand":0,"wds_primary_product_cat":0,"wds_primary_maison_dedition":0},"product_brand":[],"product_cat":[560,578,538],"product_tag":[],"maison_dedition":[541,584],"class_list":{"0":"post-138204","1":"product","2":"type-product","3":"status-publish","4":"has-post-thumbnail","6":"product_cat-3-5-ans","7":"product_cat-albums-illustres","8":"product_cat-jeunesse","9":"pa_auteur-maude-iris-hamelin-ouellette","10":"pa_illustrateur-sabrina-gendron","11":"maison_dedition-les-editions-coup-doeil","12":"maison_dedition-petites-lectures","14":"first","15":"instock","16":"taxable","17":"shipping-taxable","18":"purchasable","19":"product-type-variable","20":"has-default-attributes"},"bundled_by":[],"bundle_stock_status":"instock","bundle_stock_quantity":null,"bundle_virtual":false,"bundle_layout":"","bundle_add_to_cart_form_location":"","bundle_editable_in_cart":false,"bundle_sold_individually_context":"","bundle_item_grouping":"","bundle_min_size":"","bundle_max_size":"","bundle_price":[],"bundled_items":[],"bundle_sell_ids":[],"acf":[],"_links":{"self":[{"href":"https:\/\/goelette.ca\/en\/wp-json\/wp\/v2\/product\/138204","targetHints":{"allow":["GET"]}}],"collection":[{"href":"https:\/\/goelette.ca\/en\/wp-json\/wp\/v2\/product"}],"about":[{"href":"https:\/\/goelette.ca\/en\/wp-json\/wp\/v2\/types\/product"}],"wp:featuredmedia":[{"embeddable":true,"href":"https:\/\/goelette.ca\/en\/wp-json\/wp\/v2\/media\/138208"}],"wp:attachment":[{"href":"https:\/\/goelette.ca\/en\/wp-json\/wp\/v2\/media?parent=138204"}],"wp:term":[{"taxonomy":"product_brand","embeddable":true,"href":"https:\/\/goelette.ca\/en\/wp-json\/wp\/v2\/product_brand?post=138204"},{"taxonomy":"product_cat","embeddable":true,"href":"https:\/\/goelette.ca\/en\/wp-json\/wp\/v2\/product_cat?post=138204"},{"taxonomy":"product_tag","embeddable":true,"href":"https:\/\/goelette.ca\/en\/wp-json\/wp\/v2\/product_tag?post=138204"},{"taxonomy":"maison_dedition","embeddable":true,"href":"https:\/\/goelette.ca\/en\/wp-json\/wp\/v2\/maison_dedition?post=138204"}],"curies":[{"name":"wp","href":"https:\/\/api.w.org\/{rel}","templated":true}]}}