{"id":137642,"date":"2024-07-04T16:17:15","date_gmt":"2024-07-04T20:17:15","guid":{"rendered":"https:\/\/goelette.ca\/?post_type=product&#038;p=137642"},"modified":"2025-05-15T13:33:19","modified_gmt":"2025-05-15T17:33:19","slug":"tous-les-koalas-naiment-pas-les-calins","status":"publish","type":"product","link":"https:\/\/goelette.ca\/en\/tous-les-livres\/tous-les-koalas-naiment-pas-les-calins\/","title":{"rendered":"Tous les koalas n&#8217;aiment pas les c\u00e2lins"},"content":{"rendered":"<p>Camille est une jeune koala qui adore les c\u00e2lins ! Peu importe le moment de la journ\u00e9e, elle en fait \u00e0 sa famille et \u00e0 ses amis, pour leur montrer qu\u2019elle les appr\u00e9cie. Seulement, elle apprendra \u00e0 ses d\u00e9pens que tous n\u2019aiment pas cette marque d\u2019affection autant qu\u2019elle. Comment peut-elle alors exprimer son amour ?<\/p>\n<p>Avec cette histoire attachante, abordez le th\u00e8me du consentement avec votre enfant et profitez d\u2019une page sp\u00e9ciale \u00e0 la fin du livre pour discuter avec lui.<\/p>\n","protected":false},"excerpt":{"rendered":"<p>Camille est une jeune koala qui adore les c\u00e2lins ! Peu importe le moment de la journ\u00e9e, elle en fait \u00e0 sa famille et \u00e0 ses amis, pour leur montrer qu\u2019elle les appr\u00e9cie. Seulement, elle apprendra \u00e0 ses d\u00e9pens que tous n\u2019aiment pas cette marque d\u2019affection autant qu\u2019elle. Comment peut-elle alors exprimer son amour ? [&hellip;]<\/p>\n","protected":false},"featured_media":137645,"template":"","meta":{"wds_primary_product_brand":0,"wds_primary_product_cat":0,"wds_primary_maison_dedition":0},"product_brand":[],"product_cat":[560,578,538],"product_tag":[],"maison_dedition":[541,584],"class_list":{"0":"post-137642","1":"product","2":"type-product","3":"status-publish","4":"has-post-thumbnail","6":"product_cat-3-5-ans","7":"product_cat-albums-illustres","8":"product_cat-jeunesse","9":"pa_auteur-marilou-charpentier","10":"pa_illustrateur-laurie-lesperance","11":"maison_dedition-les-editions-coup-doeil","12":"maison_dedition-petites-lectures","14":"first","15":"instock","16":"taxable","17":"shipping-taxable","18":"purchasable","19":"product-type-variable","20":"has-default-attributes"},"bundled_by":[],"bundle_stock_status":"instock","bundle_stock_quantity":null,"bundle_virtual":false,"bundle_layout":"","bundle_add_to_cart_form_location":"","bundle_editable_in_cart":false,"bundle_sold_individually_context":"","bundle_item_grouping":"","bundle_min_size":"","bundle_max_size":"","bundle_price":[],"bundled_items":[],"bundle_sell_ids":[],"acf":[],"_links":{"self":[{"href":"https:\/\/goelette.ca\/en\/wp-json\/wp\/v2\/product\/137642","targetHints":{"allow":["GET"]}}],"collection":[{"href":"https:\/\/goelette.ca\/en\/wp-json\/wp\/v2\/product"}],"about":[{"href":"https:\/\/goelette.ca\/en\/wp-json\/wp\/v2\/types\/product"}],"wp:featuredmedia":[{"embeddable":true,"href":"https:\/\/goelette.ca\/en\/wp-json\/wp\/v2\/media\/137645"}],"wp:attachment":[{"href":"https:\/\/goelette.ca\/en\/wp-json\/wp\/v2\/media?parent=137642"}],"wp:term":[{"taxonomy":"product_brand","embeddable":true,"href":"https:\/\/goelette.ca\/en\/wp-json\/wp\/v2\/product_brand?post=137642"},{"taxonomy":"product_cat","embeddable":true,"href":"https:\/\/goelette.ca\/en\/wp-json\/wp\/v2\/product_cat?post=137642"},{"taxonomy":"product_tag","embeddable":true,"href":"https:\/\/goelette.ca\/en\/wp-json\/wp\/v2\/product_tag?post=137642"},{"taxonomy":"maison_dedition","embeddable":true,"href":"https:\/\/goelette.ca\/en\/wp-json\/wp\/v2\/maison_dedition?post=137642"}],"curies":[{"name":"wp","href":"https:\/\/api.w.org\/{rel}","templated":true}]}}