{"id":137638,"date":"2024-07-04T16:13:41","date_gmt":"2024-07-04T20:13:41","guid":{"rendered":"https:\/\/goelette.ca\/?post_type=product&#038;p=137638"},"modified":"2025-05-15T13:34:04","modified_gmt":"2025-05-15T17:34:04","slug":"quest-ce-qui-marrive","status":"publish","type":"product","link":"https:\/\/goelette.ca\/en\/tous-les-livres\/quest-ce-qui-marrive\/","title":{"rendered":"Qu&#8217;est-ce qui m&#8217;arrive ?"},"content":{"rendered":"<p>Ozzy et ses amis sont excit\u00e9s. De nouveaux voisins viennent d\u2019emm\u00e9nager \u00e0 Monstrocit\u00e9 ! Au moment m\u00eame o\u00f9 la bande rencontre Dolly, Ozzy se met toutefois \u00e0 \u00e9prouver de dr\u00f4les de sympt\u00f4mes. Que devront faire les petits monstres pour qu\u2019Ozzy retrouve son \u00e9tat normal ?<\/p>\n<p>Avec cette histoire attachante, abordez le th\u00e8me des allergies avec votre enfant et profitez d\u2019une page sp\u00e9ciale \u00e0 la fin du livre pour discuter avec lui.<\/p>\n","protected":false},"excerpt":{"rendered":"<p>Ozzy et ses amis sont excit\u00e9s. De nouveaux voisins viennent d\u2019emm\u00e9nager \u00e0 Monstrocit\u00e9 ! Au moment m\u00eame o\u00f9 la bande rencontre Dolly, Ozzy se met toutefois \u00e0 \u00e9prouver de dr\u00f4les de sympt\u00f4mes. Que devront faire les petits monstres pour qu\u2019Ozzy retrouve son \u00e9tat normal ? Avec cette histoire attachante, abordez le th\u00e8me des allergies avec [&hellip;]<\/p>\n","protected":false},"featured_media":137640,"template":"","meta":{"wds_primary_product_brand":0,"wds_primary_product_cat":0,"wds_primary_maison_dedition":0},"product_brand":[],"product_cat":[560,578,538],"product_tag":[],"maison_dedition":[541,584],"class_list":{"0":"post-137638","1":"product","2":"type-product","3":"status-publish","4":"has-post-thumbnail","6":"product_cat-3-5-ans","7":"product_cat-albums-illustres","8":"product_cat-jeunesse","9":"pa_auteur-valerie-gagne","10":"pa_illustrateur-caroline-beauchamp","11":"maison_dedition-les-editions-coup-doeil","12":"maison_dedition-petites-lectures","14":"first","15":"instock","16":"taxable","17":"shipping-taxable","18":"purchasable","19":"product-type-variable","20":"has-default-attributes"},"bundled_by":[],"bundle_stock_status":"instock","bundle_stock_quantity":null,"bundle_virtual":false,"bundle_layout":"","bundle_add_to_cart_form_location":"","bundle_editable_in_cart":false,"bundle_sold_individually_context":"","bundle_item_grouping":"","bundle_min_size":"","bundle_max_size":"","bundle_price":[],"bundled_items":[],"bundle_sell_ids":[],"acf":[],"_links":{"self":[{"href":"https:\/\/goelette.ca\/en\/wp-json\/wp\/v2\/product\/137638","targetHints":{"allow":["GET"]}}],"collection":[{"href":"https:\/\/goelette.ca\/en\/wp-json\/wp\/v2\/product"}],"about":[{"href":"https:\/\/goelette.ca\/en\/wp-json\/wp\/v2\/types\/product"}],"wp:featuredmedia":[{"embeddable":true,"href":"https:\/\/goelette.ca\/en\/wp-json\/wp\/v2\/media\/137640"}],"wp:attachment":[{"href":"https:\/\/goelette.ca\/en\/wp-json\/wp\/v2\/media?parent=137638"}],"wp:term":[{"taxonomy":"product_brand","embeddable":true,"href":"https:\/\/goelette.ca\/en\/wp-json\/wp\/v2\/product_brand?post=137638"},{"taxonomy":"product_cat","embeddable":true,"href":"https:\/\/goelette.ca\/en\/wp-json\/wp\/v2\/product_cat?post=137638"},{"taxonomy":"product_tag","embeddable":true,"href":"https:\/\/goelette.ca\/en\/wp-json\/wp\/v2\/product_tag?post=137638"},{"taxonomy":"maison_dedition","embeddable":true,"href":"https:\/\/goelette.ca\/en\/wp-json\/wp\/v2\/maison_dedition?post=137638"}],"curies":[{"name":"wp","href":"https:\/\/api.w.org\/{rel}","templated":true}]}}