{"id":137627,"date":"2024-07-04T16:03:43","date_gmt":"2024-07-04T20:03:43","guid":{"rendered":"https:\/\/goelette.ca\/?post_type=product&#038;p=137627"},"modified":"2025-05-15T13:36:40","modified_gmt":"2025-05-15T17:36:40","slug":"noemie-et-les-etoiles-filantes","status":"publish","type":"product","link":"https:\/\/goelette.ca\/en\/tous-les-livres\/noemie-et-les-etoiles-filantes\/","title":{"rendered":"No\u00e9mie et les \u00e9toiles filantes"},"content":{"rendered":"<p>Par une belle soir\u00e9e, No\u00e9mie aper\u00e7oit une \u00e9toile filante et fait un voeu. Elle veut manger du g\u00e2teau au chocolat \u00e0 tous les repas ! Quelle surprise lorsque sa maman lui sert ce dessert le lendemain matin ! No\u00e9mie d\u00e9cide alors de faire un nouveau souhait chaque soir. Mais ses voeux ne se r\u00e9aliseront pas toujours comme elle l\u2019esp\u00e8re\u2026<\/p>\n","protected":false},"excerpt":{"rendered":"<p>Par une belle soir\u00e9e, No\u00e9mie aper\u00e7oit une \u00e9toile filante et fait un voeu. Elle veut manger du g\u00e2teau au chocolat \u00e0 tous les repas ! Quelle surprise lorsque sa maman lui sert ce dessert le lendemain matin ! No\u00e9mie d\u00e9cide alors de faire un nouveau souhait chaque soir. Mais ses voeux ne se r\u00e9aliseront pas [&hellip;]<\/p>\n","protected":false},"featured_media":137631,"template":"","meta":{"wds_primary_product_brand":0,"wds_primary_product_cat":0,"wds_primary_maison_dedition":0},"product_brand":[],"product_cat":[560,578,538],"product_tag":[],"maison_dedition":[541,584],"class_list":{"0":"post-137627","1":"product","2":"type-product","3":"status-publish","4":"has-post-thumbnail","6":"product_cat-3-5-ans","7":"product_cat-albums-illustres","8":"product_cat-jeunesse","9":"pa_auteur-maude-iris-hamelin-ouellette","10":"pa_illustrateur-sanaa-legdani","11":"maison_dedition-les-editions-coup-doeil","12":"maison_dedition-petites-lectures","14":"first","15":"instock","16":"taxable","17":"shipping-taxable","18":"purchasable","19":"product-type-variable","20":"has-default-attributes"},"bundled_by":[],"bundle_stock_status":"instock","bundle_stock_quantity":null,"bundle_virtual":false,"bundle_layout":"","bundle_add_to_cart_form_location":"","bundle_editable_in_cart":false,"bundle_sold_individually_context":"","bundle_item_grouping":"","bundle_min_size":"","bundle_max_size":"","bundle_price":[],"bundled_items":[],"bundle_sell_ids":[],"acf":[],"_links":{"self":[{"href":"https:\/\/goelette.ca\/en\/wp-json\/wp\/v2\/product\/137627","targetHints":{"allow":["GET"]}}],"collection":[{"href":"https:\/\/goelette.ca\/en\/wp-json\/wp\/v2\/product"}],"about":[{"href":"https:\/\/goelette.ca\/en\/wp-json\/wp\/v2\/types\/product"}],"wp:featuredmedia":[{"embeddable":true,"href":"https:\/\/goelette.ca\/en\/wp-json\/wp\/v2\/media\/137631"}],"wp:attachment":[{"href":"https:\/\/goelette.ca\/en\/wp-json\/wp\/v2\/media?parent=137627"}],"wp:term":[{"taxonomy":"product_brand","embeddable":true,"href":"https:\/\/goelette.ca\/en\/wp-json\/wp\/v2\/product_brand?post=137627"},{"taxonomy":"product_cat","embeddable":true,"href":"https:\/\/goelette.ca\/en\/wp-json\/wp\/v2\/product_cat?post=137627"},{"taxonomy":"product_tag","embeddable":true,"href":"https:\/\/goelette.ca\/en\/wp-json\/wp\/v2\/product_tag?post=137627"},{"taxonomy":"maison_dedition","embeddable":true,"href":"https:\/\/goelette.ca\/en\/wp-json\/wp\/v2\/maison_dedition?post=137627"}],"curies":[{"name":"wp","href":"https:\/\/api.w.org\/{rel}","templated":true}]}}