{"id":137623,"date":"2024-07-04T16:01:09","date_gmt":"2024-07-04T20:01:09","guid":{"rendered":"https:\/\/goelette.ca\/?post_type=product&#038;p=137623"},"modified":"2025-05-15T13:40:17","modified_gmt":"2025-05-15T17:40:17","slug":"les-oursons-pecheurs","status":"publish","type":"product","link":"https:\/\/goelette.ca\/en\/tous-les-livres\/les-oursons-pecheurs\/","title":{"rendered":"Les oursons p\u00eacheurs"},"content":{"rendered":"<p>Th\u00e9o et Julia sont fous de joie \u00e0 l\u2019id\u00e9e de passer quelques jours au chalet de leurs grands-parents. En plus, grand-papa a une belle surprise pour ses petits oursons : aujourd\u2019hui, il les am\u00e8ne \u00e0 la p\u00eache. R\u00e9ussiront-ils \u00e0 prendre de savoureux poissons ? Et s\u2019ils attrapaient un gigantica\u2026<\/p>\n","protected":false},"excerpt":{"rendered":"<p>Th\u00e9o et Julia sont fous de joie \u00e0 l\u2019id\u00e9e de passer quelques jours au chalet de leurs grands-parents. En plus, grand-papa a une belle surprise pour ses petits oursons : aujourd\u2019hui, il les am\u00e8ne \u00e0 la p\u00eache. R\u00e9ussiront-ils \u00e0 prendre de savoureux poissons ? Et s\u2019ils attrapaient un gigantica\u2026<\/p>\n","protected":false},"featured_media":137625,"template":"","meta":{"wds_primary_product_brand":0,"wds_primary_product_cat":0,"wds_primary_maison_dedition":0},"product_brand":[],"product_cat":[560,578,538],"product_tag":[],"maison_dedition":[541,584],"class_list":{"0":"post-137623","1":"product","2":"type-product","3":"status-publish","4":"has-post-thumbnail","6":"product_cat-3-5-ans","7":"product_cat-albums-illustres","8":"product_cat-jeunesse","9":"pa_auteur-maude-iris-hamelin-ouellette","10":"pa_illustrateur-sabrina-gendron","11":"maison_dedition-les-editions-coup-doeil","12":"maison_dedition-petites-lectures","14":"first","15":"instock","16":"taxable","17":"shipping-taxable","18":"purchasable","19":"product-type-variable","20":"has-default-attributes"},"bundled_by":[],"bundle_stock_status":"instock","bundle_stock_quantity":null,"bundle_virtual":false,"bundle_layout":"","bundle_add_to_cart_form_location":"","bundle_editable_in_cart":false,"bundle_sold_individually_context":"","bundle_item_grouping":"","bundle_min_size":"","bundle_max_size":"","bundle_price":[],"bundled_items":[],"bundle_sell_ids":[],"acf":[],"_links":{"self":[{"href":"https:\/\/goelette.ca\/en\/wp-json\/wp\/v2\/product\/137623","targetHints":{"allow":["GET"]}}],"collection":[{"href":"https:\/\/goelette.ca\/en\/wp-json\/wp\/v2\/product"}],"about":[{"href":"https:\/\/goelette.ca\/en\/wp-json\/wp\/v2\/types\/product"}],"wp:featuredmedia":[{"embeddable":true,"href":"https:\/\/goelette.ca\/en\/wp-json\/wp\/v2\/media\/137625"}],"wp:attachment":[{"href":"https:\/\/goelette.ca\/en\/wp-json\/wp\/v2\/media?parent=137623"}],"wp:term":[{"taxonomy":"product_brand","embeddable":true,"href":"https:\/\/goelette.ca\/en\/wp-json\/wp\/v2\/product_brand?post=137623"},{"taxonomy":"product_cat","embeddable":true,"href":"https:\/\/goelette.ca\/en\/wp-json\/wp\/v2\/product_cat?post=137623"},{"taxonomy":"product_tag","embeddable":true,"href":"https:\/\/goelette.ca\/en\/wp-json\/wp\/v2\/product_tag?post=137623"},{"taxonomy":"maison_dedition","embeddable":true,"href":"https:\/\/goelette.ca\/en\/wp-json\/wp\/v2\/maison_dedition?post=137623"}],"curies":[{"name":"wp","href":"https:\/\/api.w.org\/{rel}","templated":true}]}}