{"id":137619,"date":"2024-07-04T15:57:36","date_gmt":"2024-07-04T19:57:36","guid":{"rendered":"https:\/\/goelette.ca\/?post_type=product&#038;p=137619"},"modified":"2025-05-15T13:38:37","modified_gmt":"2025-05-15T17:38:37","slug":"le-mouton-qui-ne-voulait-rien-manger","status":"publish","type":"product","link":"https:\/\/goelette.ca\/en\/tous-les-livres\/le-mouton-qui-ne-voulait-rien-manger\/","title":{"rendered":"Le mouton qui ne voulait rien manger"},"content":{"rendered":"<p>Depuis toujours, Marion fait sa difficile \u00e0 l\u2019heure des repas. Peu importe le plat, elle trouve sans cesse quelque chose qu\u2019elle n\u2019aime pas. Pourtant, il faut bien qu\u2019elle mange ! Quel mouton aura la solution pour redonner l\u2019app\u00e9tit \u00e0 la petite brebis ?<\/p>\n<p>Avec cette adorable histoire, faites r\u00e9fl\u00e9chir l\u2019enfant sur les pr\u00e9f\u00e9rences alimentaires et poursuivez avec lui la discussion gr\u00e2ce \u00e0 une page sp\u00e9ciale \u00e0 la fin de l\u2019album.<\/p>\n","protected":false},"excerpt":{"rendered":"<p>Depuis toujours, Marion fait sa difficile \u00e0 l\u2019heure des repas. Peu importe le plat, elle trouve sans cesse quelque chose qu\u2019elle n\u2019aime pas. Pourtant, il faut bien qu\u2019elle mange ! Quel mouton aura la solution pour redonner l\u2019app\u00e9tit \u00e0 la petite brebis ? Avec cette adorable histoire, faites r\u00e9fl\u00e9chir l\u2019enfant sur les pr\u00e9f\u00e9rences alimentaires et [&hellip;]<\/p>\n","protected":false},"featured_media":137621,"template":"","meta":{"wds_primary_product_brand":0,"wds_primary_product_cat":0,"wds_primary_maison_dedition":0},"product_brand":[],"product_cat":[560,578,538],"product_tag":[],"maison_dedition":[541,584],"class_list":{"0":"post-137619","1":"product","2":"type-product","3":"status-publish","4":"has-post-thumbnail","6":"product_cat-3-5-ans","7":"product_cat-albums-illustres","8":"product_cat-jeunesse","9":"pa_auteur-marilou-charpentier","10":"pa_illustrateur-laurie-lesperance","11":"maison_dedition-les-editions-coup-doeil","12":"maison_dedition-petites-lectures","14":"first","15":"instock","16":"taxable","17":"shipping-taxable","18":"purchasable","19":"product-type-variable","20":"has-default-attributes"},"bundled_by":[],"bundle_stock_status":"instock","bundle_stock_quantity":null,"bundle_virtual":false,"bundle_layout":"","bundle_add_to_cart_form_location":"","bundle_editable_in_cart":false,"bundle_sold_individually_context":"","bundle_item_grouping":"","bundle_min_size":"","bundle_max_size":"","bundle_price":[],"bundled_items":[],"bundle_sell_ids":[],"acf":[],"_links":{"self":[{"href":"https:\/\/goelette.ca\/en\/wp-json\/wp\/v2\/product\/137619","targetHints":{"allow":["GET"]}}],"collection":[{"href":"https:\/\/goelette.ca\/en\/wp-json\/wp\/v2\/product"}],"about":[{"href":"https:\/\/goelette.ca\/en\/wp-json\/wp\/v2\/types\/product"}],"wp:featuredmedia":[{"embeddable":true,"href":"https:\/\/goelette.ca\/en\/wp-json\/wp\/v2\/media\/137621"}],"wp:attachment":[{"href":"https:\/\/goelette.ca\/en\/wp-json\/wp\/v2\/media?parent=137619"}],"wp:term":[{"taxonomy":"product_brand","embeddable":true,"href":"https:\/\/goelette.ca\/en\/wp-json\/wp\/v2\/product_brand?post=137619"},{"taxonomy":"product_cat","embeddable":true,"href":"https:\/\/goelette.ca\/en\/wp-json\/wp\/v2\/product_cat?post=137619"},{"taxonomy":"product_tag","embeddable":true,"href":"https:\/\/goelette.ca\/en\/wp-json\/wp\/v2\/product_tag?post=137619"},{"taxonomy":"maison_dedition","embeddable":true,"href":"https:\/\/goelette.ca\/en\/wp-json\/wp\/v2\/maison_dedition?post=137619"}],"curies":[{"name":"wp","href":"https:\/\/api.w.org\/{rel}","templated":true}]}}