{"id":137612,"date":"2024-07-04T15:51:46","date_gmt":"2024-07-04T19:51:46","guid":{"rendered":"https:\/\/goelette.ca\/?post_type=product&#038;p=137612"},"modified":"2025-05-15T13:39:22","modified_gmt":"2025-05-15T17:39:22","slug":"la-fee-de-la-meteo","status":"publish","type":"product","link":"https:\/\/goelette.ca\/en\/tous-les-livres\/la-fee-de-la-meteo\/","title":{"rendered":"La f\u00e9e de la m\u00e9t\u00e9o"},"content":{"rendered":"<p>M\u00e8re Nature a donn\u00e9 une mission bien sp\u00e9ciale \u00e0 Aurore : contr\u00f4ler les ph\u00e9nom\u00e8nes naturels ! Mais la f\u00e9e a bien du mal \u00e0 y parvenir, car la m\u00e9t\u00e9o d\u00e9pend de ses \u00e9motions. Comment pourra-t-elle les dompter pour faire briller le soleil ?<\/p>\n<p>Avec cette histoire attachante, faites d\u00e9couvrir l\u2019univers fascinant de la m\u00e9t\u00e9o \u00e0 votre enfant. Au fil des pages, vous trouverez des bulles d\u2019information pour poursuivre l&#8217;apprentissage.<\/p>\n","protected":false},"excerpt":{"rendered":"<p>M\u00e8re Nature a donn\u00e9 une mission bien sp\u00e9ciale \u00e0 Aurore : contr\u00f4ler les ph\u00e9nom\u00e8nes naturels ! Mais la f\u00e9e a bien du mal \u00e0 y parvenir, car la m\u00e9t\u00e9o d\u00e9pend de ses \u00e9motions. Comment pourra-t-elle les dompter pour faire briller le soleil ? Avec cette histoire attachante, faites d\u00e9couvrir l\u2019univers fascinant de la m\u00e9t\u00e9o \u00e0 [&hellip;]<\/p>\n","protected":false},"featured_media":137614,"template":"","meta":{"wds_primary_product_brand":0,"wds_primary_product_cat":0,"wds_primary_maison_dedition":0},"product_brand":[],"product_cat":[560,578,538],"product_tag":[],"maison_dedition":[541,584],"class_list":{"0":"post-137612","1":"product","2":"type-product","3":"status-publish","4":"has-post-thumbnail","6":"product_cat-3-5-ans","7":"product_cat-albums-illustres","8":"product_cat-jeunesse","9":"pa_auteur-catherine-ouellet","10":"pa_illustrateur-laure-phelipon","11":"maison_dedition-les-editions-coup-doeil","12":"maison_dedition-petites-lectures","14":"first","15":"instock","16":"taxable","17":"shipping-taxable","18":"purchasable","19":"product-type-variable","20":"has-default-attributes"},"bundled_by":[],"bundle_stock_status":"instock","bundle_stock_quantity":null,"bundle_virtual":false,"bundle_layout":"","bundle_add_to_cart_form_location":"","bundle_editable_in_cart":false,"bundle_sold_individually_context":"","bundle_item_grouping":"","bundle_min_size":"","bundle_max_size":"","bundle_price":[],"bundled_items":[],"bundle_sell_ids":[],"acf":[],"_links":{"self":[{"href":"https:\/\/goelette.ca\/en\/wp-json\/wp\/v2\/product\/137612","targetHints":{"allow":["GET"]}}],"collection":[{"href":"https:\/\/goelette.ca\/en\/wp-json\/wp\/v2\/product"}],"about":[{"href":"https:\/\/goelette.ca\/en\/wp-json\/wp\/v2\/types\/product"}],"wp:featuredmedia":[{"embeddable":true,"href":"https:\/\/goelette.ca\/en\/wp-json\/wp\/v2\/media\/137614"}],"wp:attachment":[{"href":"https:\/\/goelette.ca\/en\/wp-json\/wp\/v2\/media?parent=137612"}],"wp:term":[{"taxonomy":"product_brand","embeddable":true,"href":"https:\/\/goelette.ca\/en\/wp-json\/wp\/v2\/product_brand?post=137612"},{"taxonomy":"product_cat","embeddable":true,"href":"https:\/\/goelette.ca\/en\/wp-json\/wp\/v2\/product_cat?post=137612"},{"taxonomy":"product_tag","embeddable":true,"href":"https:\/\/goelette.ca\/en\/wp-json\/wp\/v2\/product_tag?post=137612"},{"taxonomy":"maison_dedition","embeddable":true,"href":"https:\/\/goelette.ca\/en\/wp-json\/wp\/v2\/maison_dedition?post=137612"}],"curies":[{"name":"wp","href":"https:\/\/api.w.org\/{rel}","templated":true}]}}