{"id":137608,"date":"2024-07-04T15:46:28","date_gmt":"2024-07-04T19:46:28","guid":{"rendered":"https:\/\/goelette.ca\/?post_type=product&#038;p=137608"},"modified":"2025-05-15T13:31:40","modified_gmt":"2025-05-15T17:31:40","slug":"je-taime-tout-simplement","status":"publish","type":"product","link":"https:\/\/goelette.ca\/en\/tous-les-livres\/je-taime-tout-simplement\/","title":{"rendered":"Je t&#8217;aime tout simplement"},"content":{"rendered":"<p>De tous les \u00e9l\u00e9phants, Constant est le plus jeune, le plus petit\u2026 et le plus maladroit ! Il est souvent incapable de suivre ses cousins dans leurs activit\u00e9s et se sent bien inutile. Lorsqu\u2019il en parle avec sa maman, il r\u00e9alise que le plus important, ce n\u2019est pas toujours d\u2019\u00eatre grand et fort.<\/p>\n<p>Avec cette adorable histoire, faites r\u00e9fl\u00e9chir l\u2019enfant sur la confiance en soi et poursuivez avec lui la discussion gr\u00e2ce \u00e0 une page sp\u00e9ciale \u00e0 la fin de l\u2019album.<\/p>\n","protected":false},"excerpt":{"rendered":"<p>De tous les \u00e9l\u00e9phants, Constant est le plus jeune, le plus petit\u2026 et le plus maladroit ! Il est souvent incapable de suivre ses cousins dans leurs activit\u00e9s et se sent bien inutile. Lorsqu\u2019il en parle avec sa maman, il r\u00e9alise que le plus important, ce n\u2019est pas toujours d\u2019\u00eatre grand et fort. Avec cette [&hellip;]<\/p>\n","protected":false},"featured_media":137610,"template":"","meta":{"wds_primary_product_brand":0,"wds_primary_product_cat":0,"wds_primary_maison_dedition":0},"product_brand":[],"product_cat":[560,578,538],"product_tag":[],"maison_dedition":[541,584],"class_list":{"0":"post-137608","1":"product","2":"type-product","3":"status-publish","4":"has-post-thumbnail","6":"product_cat-3-5-ans","7":"product_cat-albums-illustres","8":"product_cat-jeunesse","9":"pa_auteur-emilie-la-boissiere","10":"pa_illustrateur-marie-pierre-emorine","11":"maison_dedition-les-editions-coup-doeil","12":"maison_dedition-petites-lectures","14":"first","15":"instock","16":"taxable","17":"shipping-taxable","18":"purchasable","19":"product-type-variable","20":"has-default-attributes"},"bundled_by":[],"bundle_stock_status":"instock","bundle_stock_quantity":null,"bundle_virtual":false,"bundle_layout":"","bundle_add_to_cart_form_location":"","bundle_editable_in_cart":false,"bundle_sold_individually_context":"","bundle_item_grouping":"","bundle_min_size":"","bundle_max_size":"","bundle_price":[],"bundled_items":[],"bundle_sell_ids":[],"acf":[],"_links":{"self":[{"href":"https:\/\/goelette.ca\/en\/wp-json\/wp\/v2\/product\/137608","targetHints":{"allow":["GET"]}}],"collection":[{"href":"https:\/\/goelette.ca\/en\/wp-json\/wp\/v2\/product"}],"about":[{"href":"https:\/\/goelette.ca\/en\/wp-json\/wp\/v2\/types\/product"}],"wp:featuredmedia":[{"embeddable":true,"href":"https:\/\/goelette.ca\/en\/wp-json\/wp\/v2\/media\/137610"}],"wp:attachment":[{"href":"https:\/\/goelette.ca\/en\/wp-json\/wp\/v2\/media?parent=137608"}],"wp:term":[{"taxonomy":"product_brand","embeddable":true,"href":"https:\/\/goelette.ca\/en\/wp-json\/wp\/v2\/product_brand?post=137608"},{"taxonomy":"product_cat","embeddable":true,"href":"https:\/\/goelette.ca\/en\/wp-json\/wp\/v2\/product_cat?post=137608"},{"taxonomy":"product_tag","embeddable":true,"href":"https:\/\/goelette.ca\/en\/wp-json\/wp\/v2\/product_tag?post=137608"},{"taxonomy":"maison_dedition","embeddable":true,"href":"https:\/\/goelette.ca\/en\/wp-json\/wp\/v2\/maison_dedition?post=137608"}],"curies":[{"name":"wp","href":"https:\/\/api.w.org\/{rel}","templated":true}]}}