{"id":137603,"date":"2024-07-04T15:32:01","date_gmt":"2024-07-04T19:32:01","guid":{"rendered":"https:\/\/goelette.ca\/?post_type=product&#038;p=137603"},"modified":"2025-05-15T13:43:30","modified_gmt":"2025-05-15T17:43:30","slug":"dino-et-didier-a-travers-le-temps","status":"publish","type":"product","link":"https:\/\/goelette.ca\/en\/tous-les-livres\/dino-et-didier-a-travers-le-temps\/","title":{"rendered":"Dino et Didier \u00e0 travers le temps"},"content":{"rendered":"<p>Dino est un diplodocus ing\u00e9nieux et curieux, qui r\u00eave de parler aux dinosaures du futur. Un jour, accompagn\u00e9 de son copain Didier, il d\u00e9cide d\u2019entamer un grand voyage pour les rencontrer. Quelles surprises l\u2019avenir r\u00e9servera-t-il alors \u00e0 ces \u00e9tonnants explorateurs ?<\/p>\n","protected":false},"excerpt":{"rendered":"<p>Dino est un diplodocus ing\u00e9nieux et curieux, qui r\u00eave de parler aux dinosaures du futur. Un jour, accompagn\u00e9 de son copain Didier, il d\u00e9cide d\u2019entamer un grand voyage pour les rencontrer. Quelles surprises l\u2019avenir r\u00e9servera-t-il alors \u00e0 ces \u00e9tonnants explorateurs ?<\/p>\n","protected":false},"featured_media":137605,"template":"","meta":{"wds_primary_product_brand":0,"wds_primary_product_cat":0,"wds_primary_maison_dedition":0},"product_brand":[],"product_cat":[560,578,538],"product_tag":[],"maison_dedition":[541,584],"class_list":{"0":"post-137603","1":"product","2":"type-product","3":"status-publish","4":"has-post-thumbnail","6":"product_cat-3-5-ans","7":"product_cat-albums-illustres","8":"product_cat-jeunesse","9":"pa_auteur-marilou-charpentier","10":"pa_illustrateur-sanaa-legdani","11":"maison_dedition-les-editions-coup-doeil","12":"maison_dedition-petites-lectures","14":"first","15":"instock","16":"taxable","17":"shipping-taxable","18":"purchasable","19":"product-type-variable","20":"has-default-attributes"},"bundled_by":[],"bundle_stock_status":"instock","bundle_stock_quantity":null,"bundle_virtual":false,"bundle_layout":"","bundle_add_to_cart_form_location":"","bundle_editable_in_cart":false,"bundle_sold_individually_context":"","bundle_item_grouping":"","bundle_min_size":"","bundle_max_size":"","bundle_price":[],"bundled_items":[],"bundle_sell_ids":[],"acf":[],"_links":{"self":[{"href":"https:\/\/goelette.ca\/en\/wp-json\/wp\/v2\/product\/137603","targetHints":{"allow":["GET"]}}],"collection":[{"href":"https:\/\/goelette.ca\/en\/wp-json\/wp\/v2\/product"}],"about":[{"href":"https:\/\/goelette.ca\/en\/wp-json\/wp\/v2\/types\/product"}],"wp:featuredmedia":[{"embeddable":true,"href":"https:\/\/goelette.ca\/en\/wp-json\/wp\/v2\/media\/137605"}],"wp:attachment":[{"href":"https:\/\/goelette.ca\/en\/wp-json\/wp\/v2\/media?parent=137603"}],"wp:term":[{"taxonomy":"product_brand","embeddable":true,"href":"https:\/\/goelette.ca\/en\/wp-json\/wp\/v2\/product_brand?post=137603"},{"taxonomy":"product_cat","embeddable":true,"href":"https:\/\/goelette.ca\/en\/wp-json\/wp\/v2\/product_cat?post=137603"},{"taxonomy":"product_tag","embeddable":true,"href":"https:\/\/goelette.ca\/en\/wp-json\/wp\/v2\/product_tag?post=137603"},{"taxonomy":"maison_dedition","embeddable":true,"href":"https:\/\/goelette.ca\/en\/wp-json\/wp\/v2\/maison_dedition?post=137603"}],"curies":[{"name":"wp","href":"https:\/\/api.w.org\/{rel}","templated":true}]}}