{"id":136667,"date":"2024-07-11T00:01:40","date_gmt":"2024-07-11T04:01:40","guid":{"rendered":"https:\/\/goelette.ca\/?post_type=product&#038;p=136667"},"modified":"2024-07-03T13:29:17","modified_gmt":"2024-07-03T17:29:17","slug":"ma-tablette-de-coloriages-licornes-et-amis-magiques","status":"publish","type":"product","link":"https:\/\/goelette.ca\/en\/tous-les-livres\/ma-tablette-de-coloriages-licornes-et-amis-magiques\/","title":{"rendered":"Ma tablette de coloriages &#8211; Licornes et amis magiques"},"content":{"rendered":"<p><strong>80 dessins amusants !<\/strong><\/p>\n<p>Rejoins les licornes et leurs amis dans un monde magique. Des coloriages fabuleux t\u2019attendent dans les pages de ce livre.<\/p>\n<p>Ces activit\u00e9s offrent \u00e0 votre enfant l\u2019occasion de d\u00e9velopper sa motricit\u00e9 fine, son vocabulaire et sa cr\u00e9ativit\u00e9 tout en s\u2019amusant.<\/p>\n","protected":false},"excerpt":{"rendered":"<p>80 dessins amusants ! Rejoins les licornes et leurs amis dans un monde magique. Des coloriages fabuleux t\u2019attendent dans les pages de ce livre. Ces activit\u00e9s offrent \u00e0 votre enfant l\u2019occasion de d\u00e9velopper sa motricit\u00e9 fine, son vocabulaire et sa cr\u00e9ativit\u00e9 tout en s\u2019amusant.<\/p>\n","protected":false},"featured_media":136670,"template":"","meta":{"wds_primary_product_brand":0,"wds_primary_product_cat":0,"wds_primary_maison_dedition":0},"product_brand":[],"product_cat":[560,555,551,590,538],"product_tag":[],"maison_dedition":[630],"class_list":{"0":"post-136667","1":"product","2":"type-product","3":"status-publish","4":"has-post-thumbnail","6":"product_cat-3-5-ans","7":"product_cat-6-ans-et-plus","8":"product_cat-activites","9":"product_cat-coloriage-jeunesse","10":"product_cat-jeunesse","11":"pa_auteur-collectif","12":"maison_dedition-les-editions-goelette","14":"first","15":"instock","16":"taxable","17":"shipping-taxable","18":"purchasable","19":"product-type-variable"},"bundled_by":[],"bundle_stock_status":"instock","bundle_stock_quantity":null,"bundle_virtual":false,"bundle_layout":"","bundle_add_to_cart_form_location":"","bundle_editable_in_cart":false,"bundle_sold_individually_context":"","bundle_item_grouping":"","bundle_min_size":"","bundle_max_size":"","bundle_price":[],"bundled_items":[],"bundle_sell_ids":[],"acf":[],"_links":{"self":[{"href":"https:\/\/goelette.ca\/en\/wp-json\/wp\/v2\/product\/136667","targetHints":{"allow":["GET"]}}],"collection":[{"href":"https:\/\/goelette.ca\/en\/wp-json\/wp\/v2\/product"}],"about":[{"href":"https:\/\/goelette.ca\/en\/wp-json\/wp\/v2\/types\/product"}],"wp:featuredmedia":[{"embeddable":true,"href":"https:\/\/goelette.ca\/en\/wp-json\/wp\/v2\/media\/136670"}],"wp:attachment":[{"href":"https:\/\/goelette.ca\/en\/wp-json\/wp\/v2\/media?parent=136667"}],"wp:term":[{"taxonomy":"product_brand","embeddable":true,"href":"https:\/\/goelette.ca\/en\/wp-json\/wp\/v2\/product_brand?post=136667"},{"taxonomy":"product_cat","embeddable":true,"href":"https:\/\/goelette.ca\/en\/wp-json\/wp\/v2\/product_cat?post=136667"},{"taxonomy":"product_tag","embeddable":true,"href":"https:\/\/goelette.ca\/en\/wp-json\/wp\/v2\/product_tag?post=136667"},{"taxonomy":"maison_dedition","embeddable":true,"href":"https:\/\/goelette.ca\/en\/wp-json\/wp\/v2\/maison_dedition?post=136667"}],"curies":[{"name":"wp","href":"https:\/\/api.w.org\/{rel}","templated":true}]}}