{"id":136608,"date":"2024-07-11T00:01:34","date_gmt":"2024-07-11T04:01:34","guid":{"rendered":"https:\/\/goelette.ca\/?post_type=product&#038;p=136608"},"modified":"2024-07-03T12:48:06","modified_gmt":"2024-07-03T16:48:06","slug":"ma-tablette-de-labyrinthes","status":"publish","type":"product","link":"https:\/\/goelette.ca\/en\/tous-les-livres\/ma-tablette-de-labyrinthes\/","title":{"rendered":"Ma tablette de labyrinthes"},"content":{"rendered":"<p><strong>80 dessins amusants !<\/strong><\/p>\n<p>Entre dans les labyrinthes de ce livre et trouve la sortie si tu peux ! Place chaque feuille devant une source de lumi\u00e8re pour que te soit r\u00e9v\u00e9l\u00e9e la solution.<\/p>\n<p>Ces activit\u00e9s offrent \u00e0 votre enfant l\u2019occasion de d\u00e9velopper sa motricit\u00e9 fine et sa cr\u00e9ativit\u00e9 tout en s\u2019amusant.<\/p>\n<p>&nbsp;<\/p>\n","protected":false},"excerpt":{"rendered":"<p>80 dessins amusants ! Entre dans les labyrinthes de ce livre et trouve la sortie si tu peux ! Place chaque feuille devant une source de lumi\u00e8re pour que te soit r\u00e9v\u00e9l\u00e9e la solution. Ces activit\u00e9s offrent \u00e0 votre enfant l\u2019occasion de d\u00e9velopper sa motricit\u00e9 fine et sa cr\u00e9ativit\u00e9 tout en s\u2019amusant. &nbsp;<\/p>\n","protected":false},"featured_media":136614,"template":"","meta":{"wds_primary_product_brand":0,"wds_primary_product_cat":0,"wds_primary_maison_dedition":0},"product_brand":[],"product_cat":[560,555,551,538,613],"product_tag":[],"maison_dedition":[630],"class_list":{"0":"post-136608","1":"product","2":"type-product","3":"status-publish","4":"has-post-thumbnail","6":"product_cat-3-5-ans","7":"product_cat-6-ans-et-plus","8":"product_cat-activites","9":"product_cat-jeunesse","10":"product_cat-labyrinthes","11":"pa_auteur-collectif","12":"maison_dedition-les-editions-goelette","14":"first","15":"instock","16":"taxable","17":"shipping-taxable","18":"purchasable","19":"product-type-variable"},"bundled_by":[],"bundle_stock_status":"instock","bundle_stock_quantity":null,"bundle_virtual":false,"bundle_layout":"","bundle_add_to_cart_form_location":"","bundle_editable_in_cart":false,"bundle_sold_individually_context":"","bundle_item_grouping":"","bundle_min_size":"","bundle_max_size":"","bundle_price":[],"bundled_items":[],"bundle_sell_ids":[],"acf":[],"_links":{"self":[{"href":"https:\/\/goelette.ca\/en\/wp-json\/wp\/v2\/product\/136608","targetHints":{"allow":["GET"]}}],"collection":[{"href":"https:\/\/goelette.ca\/en\/wp-json\/wp\/v2\/product"}],"about":[{"href":"https:\/\/goelette.ca\/en\/wp-json\/wp\/v2\/types\/product"}],"wp:featuredmedia":[{"embeddable":true,"href":"https:\/\/goelette.ca\/en\/wp-json\/wp\/v2\/media\/136614"}],"wp:attachment":[{"href":"https:\/\/goelette.ca\/en\/wp-json\/wp\/v2\/media?parent=136608"}],"wp:term":[{"taxonomy":"product_brand","embeddable":true,"href":"https:\/\/goelette.ca\/en\/wp-json\/wp\/v2\/product_brand?post=136608"},{"taxonomy":"product_cat","embeddable":true,"href":"https:\/\/goelette.ca\/en\/wp-json\/wp\/v2\/product_cat?post=136608"},{"taxonomy":"product_tag","embeddable":true,"href":"https:\/\/goelette.ca\/en\/wp-json\/wp\/v2\/product_tag?post=136608"},{"taxonomy":"maison_dedition","embeddable":true,"href":"https:\/\/goelette.ca\/en\/wp-json\/wp\/v2\/maison_dedition?post=136608"}],"curies":[{"name":"wp","href":"https:\/\/api.w.org\/{rel}","templated":true}]}}