{"id":12552,"date":"2022-08-25T00:00:00","date_gmt":"2022-08-25T04:00:00","guid":{"rendered":"https:\/\/www.goelette.ca\/produit\/gigajeux\/"},"modified":"2022-08-01T14:45:26","modified_gmt":"2022-08-01T18:45:26","slug":"mes-gigajeux-bleu","status":"publish","type":"product","link":"https:\/\/goelette.ca\/en\/tous-les-livres\/mes-gigajeux-bleu\/","title":{"rendered":"Mes gigajeux bleu"},"content":{"rendered":"<p>\u00c9clate-toi avec des gigajeux tous plus amusants les uns que les autres !<br \/>\nColorie, dessine, compte, \u00e9cris et observe ! Pas moins de 20 types de jeux diff\u00e9rents approuv\u00e9s par des enseignants qu\u00e9b\u00e9cois !<\/p>\n","protected":false},"excerpt":{"rendered":"<p>\u00c9clate-toi avec des gigajeux tous plus amusants les uns que les autres ! Colorie, dessine, compte, \u00e9cris et observe ! Pas moins de 20 types de jeux diff\u00e9rents approuv\u00e9s par des enseignants qu\u00e9b\u00e9cois !<\/p>\n","protected":false},"featured_media":39564,"template":"","meta":{"wds_primary_product_brand":0,"wds_primary_product_cat":0,"wds_primary_maison_dedition":0},"product_brand":[],"product_cat":[555,551,538],"product_tag":[],"maison_dedition":[541],"class_list":{"0":"post-12552","1":"product","2":"type-product","3":"status-publish","4":"has-post-thumbnail","6":"product_cat-6-ans-et-plus","7":"product_cat-activites","8":"product_cat-jeunesse","9":"maison_dedition-les-editions-coup-doeil","11":"first","12":"instock","13":"taxable","14":"shipping-taxable","15":"purchasable","16":"product-type-variable"},"bundled_by":[],"bundle_stock_status":"instock","bundle_stock_quantity":null,"bundle_virtual":false,"bundle_layout":"","bundle_add_to_cart_form_location":"","bundle_editable_in_cart":false,"bundle_sold_individually_context":"","bundle_item_grouping":"","bundle_min_size":"","bundle_max_size":"","bundle_price":[],"bundled_items":[],"bundle_sell_ids":[],"acf":[],"_links":{"self":[{"href":"https:\/\/goelette.ca\/en\/wp-json\/wp\/v2\/product\/12552","targetHints":{"allow":["GET"]}}],"collection":[{"href":"https:\/\/goelette.ca\/en\/wp-json\/wp\/v2\/product"}],"about":[{"href":"https:\/\/goelette.ca\/en\/wp-json\/wp\/v2\/types\/product"}],"wp:featuredmedia":[{"embeddable":true,"href":"https:\/\/goelette.ca\/en\/wp-json\/wp\/v2\/media\/39564"}],"wp:attachment":[{"href":"https:\/\/goelette.ca\/en\/wp-json\/wp\/v2\/media?parent=12552"}],"wp:term":[{"taxonomy":"product_brand","embeddable":true,"href":"https:\/\/goelette.ca\/en\/wp-json\/wp\/v2\/product_brand?post=12552"},{"taxonomy":"product_cat","embeddable":true,"href":"https:\/\/goelette.ca\/en\/wp-json\/wp\/v2\/product_cat?post=12552"},{"taxonomy":"product_tag","embeddable":true,"href":"https:\/\/goelette.ca\/en\/wp-json\/wp\/v2\/product_tag?post=12552"},{"taxonomy":"maison_dedition","embeddable":true,"href":"https:\/\/goelette.ca\/en\/wp-json\/wp\/v2\/maison_dedition?post=12552"}],"curies":[{"name":"wp","href":"https:\/\/api.w.org\/{rel}","templated":true}]}}