{"id":12231,"date":"2017-10-18T01:00:00","date_gmt":"2021-10-04T19:07:57","guid":{"rendered":"https:\/\/www.goelette.ca\/produit\/le-premier-noel-de-ralf-le-renne\/"},"modified":"2022-12-09T11:44:11","modified_gmt":"2022-12-09T16:44:11","slug":"le-premier-noel-de-ralf-le-renne","status":"publish","type":"product","link":"https:\/\/goelette.ca\/en\/tous-les-livres\/le-premier-noel-de-ralf-le-renne\/","title":{"rendered":"Le premier No\u00ebl de Ralf le renne"},"content":{"rendered":"<p>Cette ann\u00e9e, Ralf le renne tirera le traineau pu p\u00e8re No\u00ebl pour la premi\u00e8re fois !<\/p>\n<p>Lis son histoire et amuse-toi \u00e0 faire les 5 casses-t\u00eates inclus dans ton livre. Une fois que tu a termin\u00e9, observe les pages et trouve les \u00e9l\u00e9ments cach\u00e9s.<\/p>\n","protected":false},"excerpt":{"rendered":"<p>Cette ann\u00e9e, Ralf le renne tirera le traineau pu p\u00e8re No\u00ebl pour la premi\u00e8re fois ! Lis son histoire et amuse-toi \u00e0 faire les 5 casses-t\u00eates inclus dans ton livre. Une fois que tu a termin\u00e9, observe les pages et trouve les \u00e9l\u00e9ments cach\u00e9s.<\/p>\n","protected":false},"featured_media":50846,"template":"","meta":{"wds_primary_product_brand":0,"wds_primary_product_cat":0,"wds_primary_maison_dedition":0},"product_brand":[],"product_cat":[560,538,559,545],"product_tag":[],"maison_dedition":[541],"class_list":{"0":"post-12231","1":"product","2":"type-product","3":"status-publish","4":"has-post-thumbnail","6":"product_cat-3-5-ans","7":"product_cat-jeunesse","8":"product_cat-livres-casse-tete","9":"product_cat-noel","10":"pa_auteur-collectif","11":"maison_dedition-les-editions-coup-doeil","13":"first","14":"instock","15":"taxable","16":"shipping-taxable","17":"purchasable","18":"product-type-variable"},"bundled_by":[],"bundle_stock_status":"instock","bundle_stock_quantity":null,"bundle_virtual":false,"bundle_layout":"","bundle_add_to_cart_form_location":"","bundle_editable_in_cart":false,"bundle_sold_individually_context":"","bundle_item_grouping":"","bundle_min_size":"","bundle_max_size":"","bundle_price":[],"bundled_items":[],"bundle_sell_ids":[],"acf":[],"_links":{"self":[{"href":"https:\/\/goelette.ca\/en\/wp-json\/wp\/v2\/product\/12231","targetHints":{"allow":["GET"]}}],"collection":[{"href":"https:\/\/goelette.ca\/en\/wp-json\/wp\/v2\/product"}],"about":[{"href":"https:\/\/goelette.ca\/en\/wp-json\/wp\/v2\/types\/product"}],"wp:featuredmedia":[{"embeddable":true,"href":"https:\/\/goelette.ca\/en\/wp-json\/wp\/v2\/media\/50846"}],"wp:attachment":[{"href":"https:\/\/goelette.ca\/en\/wp-json\/wp\/v2\/media?parent=12231"}],"wp:term":[{"taxonomy":"product_brand","embeddable":true,"href":"https:\/\/goelette.ca\/en\/wp-json\/wp\/v2\/product_brand?post=12231"},{"taxonomy":"product_cat","embeddable":true,"href":"https:\/\/goelette.ca\/en\/wp-json\/wp\/v2\/product_cat?post=12231"},{"taxonomy":"product_tag","embeddable":true,"href":"https:\/\/goelette.ca\/en\/wp-json\/wp\/v2\/product_tag?post=12231"},{"taxonomy":"maison_dedition","embeddable":true,"href":"https:\/\/goelette.ca\/en\/wp-json\/wp\/v2\/maison_dedition?post=12231"}],"curies":[{"name":"wp","href":"https:\/\/api.w.org\/{rel}","templated":true}]}}