{"id":12213,"date":"2021-05-31T01:00:00","date_gmt":"2021-10-04T19:07:27","guid":{"rendered":"https:\/\/www.goelette.ca\/produit\/a-lombre-des-colonies-la-femme-de-lennemi-tome-2\/"},"modified":"2024-05-31T08:25:09","modified_gmt":"2024-05-31T12:25:09","slug":"a-lombre-des-colonies-la-femme-de-lennemi-tome-2","status":"publish","type":"product","link":"https:\/\/goelette.ca\/en\/tous-les-livres\/a-lombre-des-colonies-la-femme-de-lennemi-tome-2\/","title":{"rendered":"\u00c0 l&#8217;ombre des colonies &#8211; La femme de l&#8217;ennemi (tome 2)"},"content":{"rendered":"<p>Le destin semble s\u2019acharner sur Catherine et lui \u00eatre \u00e9ternellement d\u00e9favorable. La vie l\u2019a s\u00e9par\u00e9 \u00e0 nouveau de Pierre, l\u2019homme qu\u2019elle aime plus que tout. Entra\u00een\u00e9 au coeur des affrontements opposant les troupes britanniques aux redoutables Canadiens, ce dernier risque sa peau dans la bataille de la rivi\u00e8re Monongah\u00e9la. De son c\u00f4t\u00e9, de retour en Virginie, Catherine se retrouve livr\u00e9e \u00e0 elle-m\u00eame. La jeune femme doit d\u00e9jouer les plans de cette chipie de Kathleen et son dangereux mari, Kirk, qui souhaitent s\u2019emparer de la fortune que lui a laiss\u00e9e Georges. Alors qu\u2019elle se languit de son v\u00e9ritable amour, elle ne peut compter que sur sa ruse et sa d\u00e9termination pour faire face aux menaces qui la guettent.<br \/>\nCatherine saura-t-elle vaincre les obstacles et pouvoir esp\u00e9rer un jour<br \/>\nretrouver Pierre ? La femme de l\u2019ennemi, deuxi\u00e8me tome de cette s\u00e9rie historique grandiose, nous emporte au gr\u00e9 des tumultes du Nouveau Monde. L\u2019auteur d\u00e9peint avec audace le r\u00e9cit d\u2019un amour qui traverse les fronti\u00e8res et qui ose se dresser envers et contre tout.<\/p>\n<p>Andr\u00e9 Bernier est un conteur n\u00e9, \u00e0 la plume habile et mature. Avec ses romans, il nous propose une v\u00e9ritable incursion dans l\u2019histoire, nous faisant voyager \u00e0 l\u2019\u00e9poque o\u00f9 Fran\u00e7ais, Anglais et Am\u00e9rindiens s\u2019affrontaient sur le territoire.<\/p>\n","protected":false},"excerpt":{"rendered":"<p>Le destin semble s\u2019acharner sur Catherine et lui \u00eatre \u00e9ternellement d\u00e9favorable. La vie l\u2019a s\u00e9par\u00e9 \u00e0 nouveau de Pierre, l\u2019homme qu\u2019elle aime plus que tout. Entra\u00een\u00e9 au coeur des affrontements opposant les troupes britanniques aux redoutables Canadiens, ce dernier risque sa peau dans la bataille de la rivi\u00e8re Monongah\u00e9la. De son c\u00f4t\u00e9, de retour en [&hellip;]<\/p>\n","protected":false},"featured_media":12211,"template":"","meta":{"wds_primary_product_brand":0,"wds_primary_product_cat":0,"wds_primary_maison_dedition":0},"product_brand":[],"product_cat":[543,542],"product_tag":[],"maison_dedition":[541],"class_list":{"0":"post-12213","1":"product","2":"type-product","3":"status-publish","4":"has-post-thumbnail","6":"product_cat-historique","7":"product_cat-roman","8":"maison_dedition-les-editions-coup-doeil","10":"first","11":"instock","12":"taxable","13":"shipping-taxable","14":"purchasable","15":"product-type-variable"},"bundled_by":[],"bundle_stock_status":"instock","bundle_stock_quantity":null,"bundle_virtual":false,"bundle_layout":"","bundle_add_to_cart_form_location":"","bundle_editable_in_cart":false,"bundle_sold_individually_context":"","bundle_item_grouping":"","bundle_min_size":"","bundle_max_size":"","bundle_price":[],"bundled_items":[],"bundle_sell_ids":[],"acf":[],"_links":{"self":[{"href":"https:\/\/goelette.ca\/en\/wp-json\/wp\/v2\/product\/12213","targetHints":{"allow":["GET"]}}],"collection":[{"href":"https:\/\/goelette.ca\/en\/wp-json\/wp\/v2\/product"}],"about":[{"href":"https:\/\/goelette.ca\/en\/wp-json\/wp\/v2\/types\/product"}],"wp:featuredmedia":[{"embeddable":true,"href":"https:\/\/goelette.ca\/en\/wp-json\/wp\/v2\/media\/12211"}],"wp:attachment":[{"href":"https:\/\/goelette.ca\/en\/wp-json\/wp\/v2\/media?parent=12213"}],"wp:term":[{"taxonomy":"product_brand","embeddable":true,"href":"https:\/\/goelette.ca\/en\/wp-json\/wp\/v2\/product_brand?post=12213"},{"taxonomy":"product_cat","embeddable":true,"href":"https:\/\/goelette.ca\/en\/wp-json\/wp\/v2\/product_cat?post=12213"},{"taxonomy":"product_tag","embeddable":true,"href":"https:\/\/goelette.ca\/en\/wp-json\/wp\/v2\/product_tag?post=12213"},{"taxonomy":"maison_dedition","embeddable":true,"href":"https:\/\/goelette.ca\/en\/wp-json\/wp\/v2\/maison_dedition?post=12213"}],"curies":[{"name":"wp","href":"https:\/\/api.w.org\/{rel}","templated":true}]}}