{"id":12210,"date":"2021-05-31T01:00:00","date_gmt":"2021-10-04T19:07:21","guid":{"rendered":"https:\/\/www.goelette.ca\/produit\/a-lombre-des-colonies-des-oies-dans-le-ciel-tome-1\/"},"modified":"2025-06-06T10:52:34","modified_gmt":"2025-06-06T14:52:34","slug":"a-lombre-des-colonies-des-oies-dans-le-ciel-tome-1","status":"publish","type":"product","link":"https:\/\/goelette.ca\/en\/tous-les-livres\/a-lombre-des-colonies-des-oies-dans-le-ciel-tome-1\/","title":{"rendered":"\u00c0 l&#8217;ombre des colonies &#8211; Des oies dans le ciel (tome 1)"},"content":{"rendered":"<p>Catherine Weber, fille d\u2019un haut grad\u00e9 de la colonie de la Nouvelle-Angleterre, c\u00e9l\u00e8bre ses seize ans. Jeune femme distingu\u00e9e \u00e0 la beaut\u00e9 remarquable, son regard laisse deviner une intelligence qui en intrigue plus d\u2019un. C\u2019est le cas de Georges Hamilton, capitaine de l\u2019arm\u00e9e britannique et h\u00e9ritier d\u2019un richissime lord, qui obtient sa main et l\u2019oblige \u00e0 retourner en Angleterre avec lui. \u00c9pouse d\u2019un homme qu\u2019elle n\u2019aime pas et loin de chez elle, Catherine doit alors affronter le m\u00e9pris de sa belle-famille. Malgr\u00e9 les \u00e9preuves, elle tente de se tailler une place dans ce monde d\u2019intrigues sans piti\u00e9 qu\u2019est l\u2019aristocratie anglaise. Mais l\u2019\u00e9quilibre qu\u2019elle s\u2019est construit peu \u00e0 peu vole en \u00e9clat lorsqu\u2019elle rencontre Pierre, coureur des bois au caract\u00e8re bouillant et impr\u00e9visible, pour qui elle ressent imm\u00e9diatement un amour inavouable.<br \/>\nLes oies dans le ciel est le premier tome d\u2019une s\u00e9rie historique passionnante dont on d\u00e9vore les pages l\u2019une apr\u00e8s l\u2019autre. L\u2019auteur d\u00e9ploie avec finesse les captivantes aventures de Catherine et de Pierre, personnages plus grands que nature, au rythme d\u2019\u00e9v\u00e9nements r\u00e9els.<\/p>\n<p>Andr\u00e9 Bernier est un conteur n\u00e9, \u00e0 la plume habile et mature. Avec ses<br \/>\nromans, il nous propose une v\u00e9ritable incursion dans l\u2019histoire, nous faisant voyager \u00e0 l\u2019\u00e9poque o\u00f9 Fran\u00e7ais, Anglais et Am\u00e9rindiens s\u2019affrontaient sur le territoire.<\/p>\n","protected":false},"excerpt":{"rendered":"<p>Catherine Weber, fille d\u2019un haut grad\u00e9 de la colonie de la Nouvelle-Angleterre, c\u00e9l\u00e8bre ses seize ans. Jeune femme distingu\u00e9e \u00e0 la beaut\u00e9 remarquable, son regard laisse deviner une intelligence qui en intrigue plus d\u2019un. C\u2019est le cas de Georges Hamilton, capitaine de l\u2019arm\u00e9e britannique et h\u00e9ritier d\u2019un richissime lord, qui obtient sa main et l\u2019oblige [&hellip;]<\/p>\n","protected":false},"featured_media":12208,"template":"","meta":{"wds_primary_product_brand":0,"wds_primary_product_cat":0,"wds_primary_maison_dedition":0},"product_brand":[],"product_cat":[543,542],"product_tag":[],"maison_dedition":[541],"class_list":{"0":"post-12210","1":"product","2":"type-product","3":"status-publish","4":"has-post-thumbnail","6":"product_cat-historique","7":"product_cat-roman","8":"pa_auteur-andre-mathieu","9":"maison_dedition-les-editions-coup-doeil","11":"first","12":"instock","13":"taxable","14":"shipping-taxable","15":"purchasable","16":"product-type-variable","17":"has-default-attributes"},"bundled_by":[],"bundle_stock_status":"instock","bundle_stock_quantity":null,"bundle_virtual":false,"bundle_layout":"","bundle_add_to_cart_form_location":"","bundle_editable_in_cart":false,"bundle_sold_individually_context":"","bundle_item_grouping":"","bundle_min_size":"","bundle_max_size":"","bundle_price":[],"bundled_items":[],"bundle_sell_ids":[],"acf":[],"_links":{"self":[{"href":"https:\/\/goelette.ca\/en\/wp-json\/wp\/v2\/product\/12210","targetHints":{"allow":["GET"]}}],"collection":[{"href":"https:\/\/goelette.ca\/en\/wp-json\/wp\/v2\/product"}],"about":[{"href":"https:\/\/goelette.ca\/en\/wp-json\/wp\/v2\/types\/product"}],"wp:featuredmedia":[{"embeddable":true,"href":"https:\/\/goelette.ca\/en\/wp-json\/wp\/v2\/media\/12208"}],"wp:attachment":[{"href":"https:\/\/goelette.ca\/en\/wp-json\/wp\/v2\/media?parent=12210"}],"wp:term":[{"taxonomy":"product_brand","embeddable":true,"href":"https:\/\/goelette.ca\/en\/wp-json\/wp\/v2\/product_brand?post=12210"},{"taxonomy":"product_cat","embeddable":true,"href":"https:\/\/goelette.ca\/en\/wp-json\/wp\/v2\/product_cat?post=12210"},{"taxonomy":"product_tag","embeddable":true,"href":"https:\/\/goelette.ca\/en\/wp-json\/wp\/v2\/product_tag?post=12210"},{"taxonomy":"maison_dedition","embeddable":true,"href":"https:\/\/goelette.ca\/en\/wp-json\/wp\/v2\/maison_dedition?post=12210"}],"curies":[{"name":"wp","href":"https:\/\/api.w.org\/{rel}","templated":true}]}}